{"id":92,"date":"2025-10-23T16:21:49","date_gmt":"2025-10-23T16:21:49","guid":{"rendered":"https:\/\/productoshubin.com\/?post_type=product&#038;p=92"},"modified":"2026-03-17T16:59:25","modified_gmt":"2026-03-17T22:59:25","slug":"bombon-anillo","status":"publish","type":"product","link":"https:\/\/productoshubin.com\/es\/producto\/bombon-anillo\/","title":{"rendered":"BOMBON ANILLO"},"content":{"rendered":"<p data-start=\"0\" data-end=\"22\"><strong data-start=\"0\" data-end=\"22\">BOMB\u00d3N ANILLO \ud83d\udc8d\ud83c\udf6c<\/strong><\/p>\n<p data-start=\"24\" data-end=\"396\">\u00a1Un dulce divertido que conquista a primera vista! <strong data-start=\"75\" data-end=\"92\">Bomb\u00f3n Anillo<\/strong> es un delicioso <strong data-start=\"109\" data-end=\"154\">malvavisco cubierto de crujientes grageas<\/strong>, con una forma de anillo que lo hace perfecto para disfrutar y compartir. Su textura suave por dentro y crujiente por fuera lo convierte en un antojo irresistible para chicos y grandes. \u00a1Un dulce original que siempre llama la atenci\u00f3n! \ud83d\ude0b\u2728<\/p>\n<h2 style=\"text-align: left;\" data-start=\"52\" data-end=\"299\">\ud83d\udccd Caracter\u00edsticas:<\/h2>\n<ul>\n<li style=\"text-align: left;\"><strong>Envase<\/strong>: Bolsa<\/li>\n<li style=\"text-align: left;\"><strong>Dise\u00f1o<\/strong>: Bombon Anillo<\/li>\n<li style=\"text-align: left;\"><strong>Familia<\/strong>: Bombon Anillo<\/li>\n<li style=\"text-align: left;\"><strong>Contenido neto<\/strong>: 250g.<\/li>\n<li style=\"text-align: left;\"><strong>Piezas<\/strong>: 20 bombones.<\/li>\n<li style=\"text-align: left;\"><strong>Peso por pieza<\/strong>: 12.5g.<\/li>\n<li style=\"text-align: left;\"><strong>Sabores<\/strong>: Varia.<\/li>\n<\/ul>\n<p data-start=\"455\" data-end=\"600\" data-is-last-node=\"\" data-is-only-node=\"\"><em>Agrega al carrito de compra sorpr\u00e9ndete con sus dise\u00f1os y disfruta de su incre\u00edble sabor. \ud83d\udecd\ufe0f<\/em><\/p>\n","protected":false},"excerpt":{"rendered":"<p>Malvavisco cubierto de grageas<\/p>\n","protected":false},"featured_media":139,"template":"","meta":{"inline_featured_image":false},"product_brand":[],"product_cat":[43,45],"product_tag":[],"class_list":{"0":"post-92","1":"product","2":"type-product","3":"status-publish","4":"has-post-thumbnail","6":"product_cat-bombones","7":"product_cat-nacionales","9":"first","10":"instock","11":"taxable","12":"shipping-taxable","13":"purchasable","14":"product-type-simple"},"_links":{"self":[{"href":"https:\/\/productoshubin.com\/es\/wp-json\/wp\/v2\/product\/92","targetHints":{"allow":["GET"]}}],"collection":[{"href":"https:\/\/productoshubin.com\/es\/wp-json\/wp\/v2\/product"}],"about":[{"href":"https:\/\/productoshubin.com\/es\/wp-json\/wp\/v2\/types\/product"}],"wp:featuredmedia":[{"embeddable":true,"href":"https:\/\/productoshubin.com\/es\/wp-json\/wp\/v2\/media\/139"}],"wp:attachment":[{"href":"https:\/\/productoshubin.com\/es\/wp-json\/wp\/v2\/media?parent=92"}],"wp:term":[{"taxonomy":"product_brand","embeddable":true,"href":"https:\/\/productoshubin.com\/es\/wp-json\/wp\/v2\/product_brand?post=92"},{"taxonomy":"product_cat","embeddable":true,"href":"https:\/\/productoshubin.com\/es\/wp-json\/wp\/v2\/product_cat?post=92"},{"taxonomy":"product_tag","embeddable":true,"href":"https:\/\/productoshubin.com\/es\/wp-json\/wp\/v2\/product_tag?post=92"}],"curies":[{"name":"wp","href":"https:\/\/api.w.org\/{rel}","templated":true}]}}