{"id":91,"date":"2025-10-23T10:21:49","date_gmt":"2025-10-23T16:21:49","guid":{"rendered":"https:\/\/productoshubin.com\/?post_type=product&#038;p=91"},"modified":"2026-04-23T12:14:53","modified_gmt":"2026-04-23T18:14:53","slug":"bombon-baby-girl","status":"publish","type":"product","link":"https:\/\/productoshubin.com\/es\/producto\/bombon-baby-girl\/","title":{"rendered":"BOMB\u00d3N BABY GIRL"},"content":{"rendered":"<p data-start=\"0\" data-end=\"25\"><strong data-start=\"0\" data-end=\"25\">BOMB\u00d3N BABY GIRL \ud83d\udc97\ud83c\udf6c<\/strong><\/p>\n<p data-start=\"27\" data-end=\"381\">\u00a1Dulzura y ternura en cada bocado! <strong data-start=\"62\" data-end=\"82\">Bomb\u00f3n Baby Girl<\/strong> es un delicioso <strong data-start=\"99\" data-end=\"143\">malvavisco cubierto de grageas aperladas<\/strong>, que combina una textura suave y esponjosa con un toque crujiente y brillante. Perfecto para celebraciones, detalles especiales o simplemente para disfrutar de un dulce encantador. \u00a1Un antojo que llena de alegr\u00eda cualquier momento! \ud83d\ude0b\u2728<\/p>\n<h2 style=\"text-align: left\" data-start=\"52\" data-end=\"299\">\ud83d\udccd Caracter\u00edsticas:<\/h2>\n<ul>\n<li style=\"text-align: left\"><strong>Envase<\/strong>: Bolsa<\/li>\n<li style=\"text-align: left\"><strong>Dise\u00f1o<\/strong>: Bombon Baby Girl<\/li>\n<li style=\"text-align: left\"><strong>Familia<\/strong>: Bombon Baby<\/li>\n<li style=\"text-align: left\"><strong>Contenido neto<\/strong>: 200g.<\/li>\n<li style=\"text-align: left\"><strong>Piezas<\/strong>: 20 bombones.<\/li>\n<li style=\"text-align: left\"><strong>Peso por pieza<\/strong>: 10g.<\/li>\n<li style=\"text-align: left\"><strong>Sabores<\/strong>: Varia.<\/li>\n<\/ul>\n<p data-start=\"455\" data-end=\"600\" data-is-last-node=\"\" data-is-only-node=\"\"><em>Agrega al carrito de compra sorpr\u00e9ndete con sus dise\u00f1os y disfruta de su incre\u00edble sabor. \ud83d\udecd\ufe0f<\/em><\/p>\n","protected":false},"excerpt":{"rendered":"<p>Malvavisco cubierto de grageas aperladas<\/p>\n","protected":false},"featured_media":137,"template":"","meta":{"inline_featured_image":false},"product_brand":[],"product_cat":[43],"product_tag":[],"class_list":{"0":"post-91","1":"product","2":"type-product","3":"status-publish","4":"has-post-thumbnail","6":"product_cat-bombones","8":"first","9":"instock","10":"taxable","11":"shipping-taxable","12":"purchasable","13":"product-type-simple"},"_links":{"self":[{"href":"https:\/\/productoshubin.com\/es\/wp-json\/wp\/v2\/product\/91","targetHints":{"allow":["GET"]}}],"collection":[{"href":"https:\/\/productoshubin.com\/es\/wp-json\/wp\/v2\/product"}],"about":[{"href":"https:\/\/productoshubin.com\/es\/wp-json\/wp\/v2\/types\/product"}],"wp:featuredmedia":[{"embeddable":true,"href":"https:\/\/productoshubin.com\/es\/wp-json\/wp\/v2\/media\/137"}],"wp:attachment":[{"href":"https:\/\/productoshubin.com\/es\/wp-json\/wp\/v2\/media?parent=91"}],"wp:term":[{"taxonomy":"product_brand","embeddable":true,"href":"https:\/\/productoshubin.com\/es\/wp-json\/wp\/v2\/product_brand?post=91"},{"taxonomy":"product_cat","embeddable":true,"href":"https:\/\/productoshubin.com\/es\/wp-json\/wp\/v2\/product_cat?post=91"},{"taxonomy":"product_tag","embeddable":true,"href":"https:\/\/productoshubin.com\/es\/wp-json\/wp\/v2\/product_tag?post=91"}],"curies":[{"name":"wp","href":"https:\/\/api.w.org\/{rel}","templated":true}]}}