{"id":637,"date":"2025-10-23T10:32:30","date_gmt":"2025-10-23T16:32:30","guid":{"rendered":"https:\/\/productoshubin.com\/?post_type=product&#038;p=637"},"modified":"2026-04-13T16:32:20","modified_gmt":"2026-04-13T22:32:20","slug":"gummy-macarron-mix-display","status":"publish","type":"product","link":"https:\/\/productoshubin.com\/es\/producto\/gummy-macarron-mix-display\/","title":{"rendered":"GUMMY MACARR\u00d3N MIX DISPLAY"},"content":{"rendered":"<p data-start=\"0\" data-end=\"34\"><strong data-start=\"0\" data-end=\"34\">GUMMY MACARR\u00d3N MIX DISPLAY \ud83c\udf6c\u2728<\/strong><\/p>\n<p data-start=\"36\" data-end=\"382\">\u00a1Un dulce tan bonito como delicioso! <strong data-start=\"73\" data-end=\"95\">Gummy Macarr\u00f3n Mix<\/strong> son <strong data-start=\"100\" data-end=\"164\">ricas gomitas sabor a frutas con divertida forma de macarr\u00f3n<\/strong>, llenas de color y sabor que encantan desde la primera vista. Su presentaci\u00f3n las hace perfectas para compartir, vender o disfrutar como un antojo especial. \u00a1Una combinaci\u00f3n irresistible de dulzura y diversi\u00f3n! \ud83d\ude0b\ud83c\udf08<\/p>\n<h2 style=\"text-align: left;\" data-start=\"52\" data-end=\"299\">\ud83d\udccd Caracter\u00edsticas:<\/h2>\n<ul>\n<li style=\"text-align: left;\"><strong>Envase<\/strong>: Display<\/li>\n<li style=\"text-align: left;\"><strong>Dise\u00f1o<\/strong>: Gummy Macarron MIx<\/li>\n<li style=\"text-align: left;\"><strong>Familia<\/strong>: Gummy Macarron Mix<\/li>\n<li style=\"text-align: left;\"><strong>Contenido neto<\/strong>: 216g.<\/li>\n<li style=\"text-align: left;\"><strong>Piezas<\/strong>: 24 gomitas.<\/li>\n<li style=\"text-align: left;\"><strong>Peso por pieza<\/strong>: 9g.<\/li>\n<li style=\"text-align: left;\"><strong>Sabores<\/strong>: Frutal.<\/li>\n<\/ul>\n<p data-start=\"455\" data-end=\"600\" data-is-last-node=\"\" data-is-only-node=\"\"><em>Agrega al carrito de compra sorpr\u00e9ndete con sus dise\u00f1os y disfruta de su incre\u00edble sabor. \ud83d\udecd\ufe0f<\/em><\/p>\n","protected":false},"excerpt":{"rendered":"<p>RICA GOMITA SABOR A FRUTAS EN FORMA DE MACARR\u00d3N<\/p>\n","protected":false},"featured_media":665,"template":"","meta":{"inline_featured_image":false},"product_brand":[],"product_cat":[15],"product_tag":[],"class_list":{"0":"post-637","1":"product","2":"type-product","3":"status-publish","4":"has-post-thumbnail","6":"product_cat-sin-categorizar","8":"first","9":"instock","10":"taxable","11":"shipping-taxable","12":"purchasable","13":"product-type-simple"},"_links":{"self":[{"href":"https:\/\/productoshubin.com\/es\/wp-json\/wp\/v2\/product\/637","targetHints":{"allow":["GET"]}}],"collection":[{"href":"https:\/\/productoshubin.com\/es\/wp-json\/wp\/v2\/product"}],"about":[{"href":"https:\/\/productoshubin.com\/es\/wp-json\/wp\/v2\/types\/product"}],"wp:featuredmedia":[{"embeddable":true,"href":"https:\/\/productoshubin.com\/es\/wp-json\/wp\/v2\/media\/665"}],"wp:attachment":[{"href":"https:\/\/productoshubin.com\/es\/wp-json\/wp\/v2\/media?parent=637"}],"wp:term":[{"taxonomy":"product_brand","embeddable":true,"href":"https:\/\/productoshubin.com\/es\/wp-json\/wp\/v2\/product_brand?post=637"},{"taxonomy":"product_cat","embeddable":true,"href":"https:\/\/productoshubin.com\/es\/wp-json\/wp\/v2\/product_cat?post=637"},{"taxonomy":"product_tag","embeddable":true,"href":"https:\/\/productoshubin.com\/es\/wp-json\/wp\/v2\/product_tag?post=637"}],"curies":[{"name":"wp","href":"https:\/\/api.w.org\/{rel}","templated":true}]}}