{"id":604,"date":"2025-10-23T10:32:09","date_gmt":"2025-10-23T16:32:09","guid":{"rendered":"https:\/\/productoshubin.com\/?post_type=product&#038;p=604"},"modified":"2026-04-16T16:19:32","modified_gmt":"2026-04-16T22:19:32","slug":"gomibin-huesitos","status":"publish","type":"product","link":"https:\/\/productoshubin.com\/es\/producto\/gomibin-huesitos\/","title":{"rendered":"GOMIBIN HUESITOS"},"content":{"rendered":"<h1 data-start=\"0\" data-end=\"20\"><strong data-start=\"0\" data-end=\"20\">GOMIBIN HUESITOS<\/strong><\/h1>\n<p data-start=\"22\" data-end=\"252\">Deliciosas gomitas azucaradas con <strong data-start=\"56\" data-end=\"79\">relleno sabor fresa<\/strong>, en divertida forma de <strong data-start=\"103\" data-end=\"115\">huesitos<\/strong>. Su textura suave por fuera y relleno dulce por dentro las hace perfectas para disfrutar en cualquier momento o para venta en dulcer\u00edas.<\/p>\n<h2 style=\"text-align: left\" data-start=\"52\" data-end=\"299\">\ud83d\udccd Caracter\u00edsticas:<\/h2>\n<ul>\n<li style=\"text-align: left\"><strong>Envase<\/strong>: Bolsa<\/li>\n<li style=\"text-align: left\"><strong>Dise\u00f1o<\/strong>: Sandia<\/li>\n<li style=\"text-align: left\"><strong>Familia<\/strong>: Gomibin<\/li>\n<li style=\"text-align: left\"><strong>Contenido neto<\/strong>: 900g.<\/li>\n<li style=\"text-align: left\"><strong>Piezas<\/strong>: 180 gomitas.<\/li>\n<li style=\"text-align: left\"><strong>Peso por pieza<\/strong>: 5g.<\/li>\n<li style=\"text-align: left\"><strong>Sabores<\/strong>: Fresa<\/li>\n<\/ul>\n<p><em><br \/>\nAgrega al carrito de compra sorpr\u00e9ndete con sus dise\u00f1os y disfruta de su incre\u00edble sabor. \ud83d\udecd\ufe0f<\/em><\/p>\n","protected":false},"excerpt":{"rendered":"<p>GOMIBIN HUESITOS Deliciosas gomitas azucaradas con relleno sabor fresa, en divertida forma de huesitos. Su textura suave por fuera y relleno dulce por dentro las hace perfectas para disfrutar en cualquier momento o para venta en dulcer\u00edas. \ud83d\udccd Caracter\u00edsticas: Envase: Bolsa Dise\u00f1o: Sandia Familia: Gomibin Contenido neto: 900g. Piezas: 180 gomitas. Peso por pieza: 5g. [&hellip;]<\/p>\n","protected":false},"featured_media":661,"template":"","meta":{"inline_featured_image":false},"product_brand":[],"product_cat":[116],"product_tag":[],"class_list":{"0":"post-604","1":"product","2":"type-product","3":"status-publish","4":"has-post-thumbnail","6":"product_cat-descuento-2","8":"first","9":"instock","10":"sale","11":"featured","12":"taxable","13":"shipping-taxable","14":"purchasable","15":"product-type-simple"},"_links":{"self":[{"href":"https:\/\/productoshubin.com\/es\/wp-json\/wp\/v2\/product\/604","targetHints":{"allow":["GET"]}}],"collection":[{"href":"https:\/\/productoshubin.com\/es\/wp-json\/wp\/v2\/product"}],"about":[{"href":"https:\/\/productoshubin.com\/es\/wp-json\/wp\/v2\/types\/product"}],"wp:featuredmedia":[{"embeddable":true,"href":"https:\/\/productoshubin.com\/es\/wp-json\/wp\/v2\/media\/661"}],"wp:attachment":[{"href":"https:\/\/productoshubin.com\/es\/wp-json\/wp\/v2\/media?parent=604"}],"wp:term":[{"taxonomy":"product_brand","embeddable":true,"href":"https:\/\/productoshubin.com\/es\/wp-json\/wp\/v2\/product_brand?post=604"},{"taxonomy":"product_cat","embeddable":true,"href":"https:\/\/productoshubin.com\/es\/wp-json\/wp\/v2\/product_cat?post=604"},{"taxonomy":"product_tag","embeddable":true,"href":"https:\/\/productoshubin.com\/es\/wp-json\/wp\/v2\/product_tag?post=604"}],"curies":[{"name":"wp","href":"https:\/\/api.w.org\/{rel}","templated":true}]}}