{"id":603,"date":"2025-10-23T10:32:09","date_gmt":"2025-10-23T16:32:09","guid":{"rendered":"https:\/\/productoshubin.com\/?post_type=product&#038;p=603"},"modified":"2026-04-14T17:50:43","modified_gmt":"2026-04-14T23:50:43","slug":"gomibin-estrellita-bicolor","status":"publish","type":"product","link":"https:\/\/productoshubin.com\/es\/producto\/gomibin-estrellita-bicolor\/","title":{"rendered":"GOMIBIN ESTRELLITA BICOLOR"},"content":{"rendered":"<h1 data-start=\"0\" data-end=\"29\"><strong data-start=\"0\" data-end=\"29\">GOMITAS ESTRELLITAS \u2b50\ud83e\uded0\ud83c\udf53<\/strong><\/h1>\n<p data-start=\"31\" data-end=\"389\">\u00a1Peque\u00f1as estrellas llenas de sabor! Estas <strong data-start=\"74\" data-end=\"124\">deliciosas gomitas sabor mora azul y frambuesa<\/strong> tienen una divertida <strong data-start=\"146\" data-end=\"184\">forma de estrellita de dos colores<\/strong>, perfectas para disfrutar en cualquier momento. Su tama\u00f1o y sabor las hacen ideales para compartir, decorar dulces o simplemente consentirte con un antojo dulce. \u00a1Un detalle que brilla por su sabor! \ud83d\ude0b\u2728<\/p>\n<h2 style=\"text-align: left\" data-start=\"52\" data-end=\"299\">\ud83d\udccd Caracter\u00edsticas:<\/h2>\n<ul>\n<li style=\"text-align: left\"><strong>Envase<\/strong>: Bolsa<\/li>\n<li style=\"text-align: left\"><strong>Dise\u00f1o<\/strong>: Estrellita Bicolor<\/li>\n<li style=\"text-align: left\"><strong>Familia<\/strong>: Gomibin<\/li>\n<li style=\"text-align: left\"><strong>Contenido neto<\/strong>: 900g.<\/li>\n<li style=\"text-align: left\"><strong>Piezas<\/strong>: 150 gomitas.<\/li>\n<li style=\"text-align: left\"><strong>Peso por pieza<\/strong>: 6g.<\/li>\n<li style=\"text-align: left\"><strong>Sabores<\/strong>: Mora Azul y Frambuesa<\/li>\n<\/ul>\n<p><em><br \/>\nAgrega al carrito de compra sorpr\u00e9ndete con sus dise\u00f1os y disfruta de su incre\u00edble sabor. \ud83d\udecd\ufe0f<\/em><\/p>\n<p data-start=\"391\" data-end=\"410\">\n","protected":false},"excerpt":{"rendered":"<p>GOMITAS ESTRELLITAS \u2b50\ud83e\uded0\ud83c\udf53 \u00a1Peque\u00f1as estrellas llenas de sabor! Estas deliciosas gomitas sabor mora azul y frambuesa tienen una divertida forma de estrellita de dos colores, perfectas para disfrutar en cualquier momento. Su tama\u00f1o y sabor las hacen ideales para compartir, decorar dulces o simplemente consentirte con un antojo dulce. \u00a1Un detalle que brilla por su [&hellip;]<\/p>\n","protected":false},"featured_media":659,"template":"","meta":{"inline_featured_image":false},"product_brand":[],"product_cat":[116],"product_tag":[],"class_list":{"0":"post-603","1":"product","2":"type-product","3":"status-publish","4":"has-post-thumbnail","6":"product_cat-descuento-2","8":"first","9":"instock","10":"sale","11":"featured","12":"taxable","13":"shipping-taxable","14":"purchasable","15":"product-type-simple"},"_links":{"self":[{"href":"https:\/\/productoshubin.com\/es\/wp-json\/wp\/v2\/product\/603","targetHints":{"allow":["GET"]}}],"collection":[{"href":"https:\/\/productoshubin.com\/es\/wp-json\/wp\/v2\/product"}],"about":[{"href":"https:\/\/productoshubin.com\/es\/wp-json\/wp\/v2\/types\/product"}],"wp:featuredmedia":[{"embeddable":true,"href":"https:\/\/productoshubin.com\/es\/wp-json\/wp\/v2\/media\/659"}],"wp:attachment":[{"href":"https:\/\/productoshubin.com\/es\/wp-json\/wp\/v2\/media?parent=603"}],"wp:term":[{"taxonomy":"product_brand","embeddable":true,"href":"https:\/\/productoshubin.com\/es\/wp-json\/wp\/v2\/product_brand?post=603"},{"taxonomy":"product_cat","embeddable":true,"href":"https:\/\/productoshubin.com\/es\/wp-json\/wp\/v2\/product_cat?post=603"},{"taxonomy":"product_tag","embeddable":true,"href":"https:\/\/productoshubin.com\/es\/wp-json\/wp\/v2\/product_tag?post=603"}],"curies":[{"name":"wp","href":"https:\/\/api.w.org\/{rel}","templated":true}]}}