{"id":596,"date":"2025-10-23T10:32:09","date_gmt":"2025-10-23T16:32:09","guid":{"rendered":"https:\/\/productoshubin.com\/?post_type=product&#038;p=596"},"modified":"2026-04-23T12:12:24","modified_gmt":"2026-04-23T18:12:24","slug":"mega-gummy-arcoiris","status":"publish","type":"product","link":"https:\/\/productoshubin.com\/es\/producto\/mega-gummy-arcoiris\/","title":{"rendered":"MEGA GUMMY ARCOIRIS"},"content":{"rendered":"<h3 data-section-id=\"1tucewq\" data-start=\"0\" data-end=\"58\">Mega Gummy Arco\u00edris Gomitas \u00c1cidas de Sabores Frutales<\/h3>\n<p data-start=\"60\" data-end=\"286\">Disfruta una explosi\u00f3n de sabor con <strong data-start=\"96\" data-end=\"119\">Mega Gummy Arco\u00edris<\/strong> \ud83c\udf08\ud83c\udf6c. Estas deliciosas <strong data-start=\"143\" data-end=\"196\">gomitas aciditas y azucaradas en forma de tiritas<\/strong> combinan colores vibrantes y sabores frutales que las hacen irresistibles en cada bocado.<\/p>\n<p data-start=\"288\" data-end=\"388\">Perfectas para compartir, para mesas de dulces o para disfrutar un snack lleno de sabor y diversi\u00f3n.<\/p>\n<h2 style=\"text-align: left\" data-start=\"52\" data-end=\"299\">\ud83d\udccd Caracter\u00edsticas:<\/h2>\n<ul>\n<li style=\"text-align: left\"><strong>Envase<\/strong>: Vitrolero\/Bote<\/li>\n<li style=\"text-align: left\"><strong>Dise\u00f1o<\/strong>: Mega Gummy Arcoiris<\/li>\n<li style=\"text-align: left\"><strong>Familia<\/strong>: Gummy Arcoiris<\/li>\n<li style=\"text-align: left\"><strong>Contenido neto<\/strong>: 850g.<\/li>\n<li style=\"text-align: left\"><strong>Piezas<\/strong>: 121 gomitas.<\/li>\n<li style=\"text-align: left\"><strong>Peso por pieza<\/strong>: 7g aprox.<\/li>\n<li style=\"text-align: left\"><strong>Sabores<\/strong>: Frutales<\/li>\n<\/ul>\n<p><em>Agrega al carrito de compra sorpr\u00e9ndete con sus dise\u00f1os y disfruta de su incre\u00edble sabor. \ud83d\udecd\ufe0f<\/em><\/p>\n","protected":false},"excerpt":{"rendered":"<p>Mega Gummy Arco\u00edris Gomitas \u00c1cidas de Sabores Frutales Disfruta una explosi\u00f3n de sabor con Mega Gummy Arco\u00edris \ud83c\udf08\ud83c\udf6c. Estas deliciosas gomitas aciditas y azucaradas en forma de tiritas combinan colores vibrantes y sabores frutales que las hacen irresistibles en cada bocado. Perfectas para compartir, para mesas de dulces o para disfrutar un snack lleno de [&hellip;]<\/p>\n","protected":false},"featured_media":647,"template":"","meta":{"inline_featured_image":false},"product_brand":[],"product_cat":[49],"product_tag":[],"class_list":{"0":"post-596","1":"product","2":"type-product","3":"status-publish","4":"has-post-thumbnail","6":"product_cat-gomitas","8":"first","9":"instock","10":"featured","11":"taxable","12":"shipping-taxable","13":"purchasable","14":"product-type-simple"},"_links":{"self":[{"href":"https:\/\/productoshubin.com\/es\/wp-json\/wp\/v2\/product\/596","targetHints":{"allow":["GET"]}}],"collection":[{"href":"https:\/\/productoshubin.com\/es\/wp-json\/wp\/v2\/product"}],"about":[{"href":"https:\/\/productoshubin.com\/es\/wp-json\/wp\/v2\/types\/product"}],"wp:featuredmedia":[{"embeddable":true,"href":"https:\/\/productoshubin.com\/es\/wp-json\/wp\/v2\/media\/647"}],"wp:attachment":[{"href":"https:\/\/productoshubin.com\/es\/wp-json\/wp\/v2\/media?parent=596"}],"wp:term":[{"taxonomy":"product_brand","embeddable":true,"href":"https:\/\/productoshubin.com\/es\/wp-json\/wp\/v2\/product_brand?post=596"},{"taxonomy":"product_cat","embeddable":true,"href":"https:\/\/productoshubin.com\/es\/wp-json\/wp\/v2\/product_cat?post=596"},{"taxonomy":"product_tag","embeddable":true,"href":"https:\/\/productoshubin.com\/es\/wp-json\/wp\/v2\/product_tag?post=596"}],"curies":[{"name":"wp","href":"https:\/\/api.w.org\/{rel}","templated":true}]}}