{"id":595,"date":"2025-10-23T10:32:09","date_gmt":"2025-10-23T16:32:09","guid":{"rendered":"https:\/\/productoshubin.com\/?post_type=product&#038;p=595"},"modified":"2026-04-06T16:58:30","modified_gmt":"2026-04-06T22:58:30","slug":"gommy-rellenitax-navidad","status":"publish","type":"product","link":"https:\/\/productoshubin.com\/es\/producto\/gommy-rellenitax-navidad\/","title":{"rendered":"GOMMY RELLENITAX NAVIDAD"},"content":{"rendered":"<h2 data-section-id=\"1xnhouy\" data-start=\"0\" data-end=\"45\">Gommy Rellenitax Navidad Gomitas Rellenas<\/h2>\n<p data-start=\"47\" data-end=\"319\">Disfruta el esp\u00edritu de la temporada con <strong data-start=\"88\" data-end=\"116\">Gommy Rellenitax Navidad<\/strong> \ud83c\udf84\ud83c\udf6c. Estas deliciosas <strong data-start=\"140\" data-end=\"183\">gomitas con relleno de sabores frutales<\/strong> vienen en un llamativo <strong data-start=\"207\" data-end=\"235\">display en forma de pino<\/strong>, perfectas para compartir y darle un toque dulce y festivo a cualquier celebraci\u00f3n.<\/p>\n<p data-start=\"321\" data-end=\"441\">Con sabores como <strong data-start=\"338\" data-end=\"370\">fresa, sand\u00eda, durazno y uva<\/strong>, cada bocado es una explosi\u00f3n de sabor que encanta a chicos y grandes.<\/p>\n<h2 style=\"text-align: left\" data-start=\"52\" data-end=\"299\">\ud83d\udccd Caracter\u00edsticas:<\/h2>\n<ul>\n<li style=\"text-align: left\"><strong>Envase<\/strong>: Vitrolero\/Bote<\/li>\n<li style=\"text-align: left\"><strong>Dise\u00f1o<\/strong>: Navidad<\/li>\n<li style=\"text-align: left\"><strong>Familia<\/strong>: Gommy Rellenitax 3D<\/li>\n<li style=\"text-align: left\"><strong>Contenido neto<\/strong>: 500g.<\/li>\n<li style=\"text-align: left\"><strong>Piezas<\/strong>: 50 gomitas.<\/li>\n<li style=\"text-align: left\"><strong>Peso por pieza<\/strong>: 10g.<\/li>\n<li style=\"text-align: left\"><strong>Sabores<\/strong>: Fresa, sand\u00eda, durazno y uva.<\/li>\n<\/ul>\n<p><em>Agrega al carrito de compra sorpr\u00e9ndete con sus dise\u00f1os y disfruta de su incre\u00edble sabor. \ud83d\udecd\ufe0f<\/em><\/p>\n","protected":false},"excerpt":{"rendered":"<p>Gommy Rellenitax Navidad Gomitas Rellenas Disfruta el esp\u00edritu de la temporada con Gommy Rellenitax Navidad \ud83c\udf84\ud83c\udf6c. Estas deliciosas gomitas con relleno de sabores frutales vienen en un llamativo display en forma de pino, perfectas para compartir y darle un toque dulce y festivo a cualquier celebraci\u00f3n. Con sabores como fresa, sand\u00eda, durazno y uva, cada [&hellip;]<\/p>\n","protected":false},"featured_media":645,"template":"","meta":{"inline_featured_image":false},"product_brand":[],"product_cat":[49],"product_tag":[],"class_list":{"0":"post-595","1":"product","2":"type-product","3":"status-publish","4":"has-post-thumbnail","6":"product_cat-gomitas","8":"first","9":"outofstock","10":"taxable","11":"shipping-taxable","12":"purchasable","13":"product-type-simple"},"_links":{"self":[{"href":"https:\/\/productoshubin.com\/es\/wp-json\/wp\/v2\/product\/595","targetHints":{"allow":["GET"]}}],"collection":[{"href":"https:\/\/productoshubin.com\/es\/wp-json\/wp\/v2\/product"}],"about":[{"href":"https:\/\/productoshubin.com\/es\/wp-json\/wp\/v2\/types\/product"}],"wp:featuredmedia":[{"embeddable":true,"href":"https:\/\/productoshubin.com\/es\/wp-json\/wp\/v2\/media\/645"}],"wp:attachment":[{"href":"https:\/\/productoshubin.com\/es\/wp-json\/wp\/v2\/media?parent=595"}],"wp:term":[{"taxonomy":"product_brand","embeddable":true,"href":"https:\/\/productoshubin.com\/es\/wp-json\/wp\/v2\/product_brand?post=595"},{"taxonomy":"product_cat","embeddable":true,"href":"https:\/\/productoshubin.com\/es\/wp-json\/wp\/v2\/product_cat?post=595"},{"taxonomy":"product_tag","embeddable":true,"href":"https:\/\/productoshubin.com\/es\/wp-json\/wp\/v2\/product_tag?post=595"}],"curies":[{"name":"wp","href":"https:\/\/api.w.org\/{rel}","templated":true}]}}