{"id":592,"date":"2025-10-23T16:32:08","date_gmt":"2025-10-23T16:32:08","guid":{"rendered":"https:\/\/productoshubin.com\/?post_type=product&#038;p=592"},"modified":"2026-04-29T17:50:04","modified_gmt":"2026-04-29T23:50:04","slug":"gummy-carritos-pops-neon","status":"publish","type":"product","link":"https:\/\/productoshubin.com\/es\/producto\/gummy-carritos-pops-neon\/","title":{"rendered":"GUMMY CARRITOS POP&#8217;S NE\u00d3N"},"content":{"rendered":"<div class=\"flex flex-col text-sm pb-25\">\n<article class=\"text-token-text-primary w-full focus:outline-none [--shadow-height:45px] has-data-writing-block:pointer-events-none has-data-writing-block:-mt-(--shadow-height) has-data-writing-block:pt-(--shadow-height) [&amp;:has([data-writing-block])&gt;*]:pointer-events-auto scroll-mt-[calc(var(--header-height)+min(200px,max(70px,20svh)))]\" dir=\"auto\" tabindex=\"-1\" data-turn-id=\"request-69a8ae3a-11b8-83e8-a810-80a02931ddc2-38\" data-testid=\"conversation-turn-116\" data-scroll-anchor=\"true\" data-turn=\"assistant\">\n<div class=\"text-base my-auto mx-auto pb-10 [--thread-content-margin:var(--thread-content-margin-xs,calc(var(--spacing)*4))] @w-sm\/main:[--thread-content-margin:var(--thread-content-margin-sm,calc(var(--spacing)*6))] @w-lg\/main:[--thread-content-margin:var(--thread-content-margin-lg,calc(var(--spacing)*16))] px-(--thread-content-margin)\">\n<div class=\"[--thread-content-max-width:40rem] @w-lg\/main:[--thread-content-max-width:48rem] mx-auto max-w-(--thread-content-max-width) flex-1 group\/turn-messages focus-visible:outline-hidden relative flex w-full min-w-0 flex-col agent-turn\" tabindex=\"-1\">\n<div class=\"flex max-w-full flex-col gap-4 grow\">\n<div class=\"min-h-8 text-message relative flex w-full flex-col items-end gap-2 text-start break-words whitespace-normal [.text-message+&amp;]:mt-1\" dir=\"auto\" data-message-author-role=\"assistant\" data-message-id=\"d9b4dea8-c7ee-4d0b-8660-17e2427877bf\" data-message-model-slug=\"gpt-5-3\">\n<div class=\"flex w-full flex-col gap-1 empty:hidden\">\n<div class=\"markdown prose dark:prose-invert w-full wrap-break-word light markdown-new-styling\">\n<h2 data-start=\"0\" data-end=\"64\"><strong data-start=\"0\" data-end=\"64\"><span class=\"BZ_Pyq_fadeIn\">Gummy <\/span><span class=\"BZ_Pyq_fadeIn\">Carritos <\/span><span class=\"BZ_Pyq_fadeIn\">Pop\u2019s <\/span><span class=\"BZ_Pyq_fadeIn\">Neon \ud83d\ude97\ud83c\udf6c \u2013 <\/span><span class=\"BZ_Pyq_fadeIn\">Gomitas <\/span><span class=\"BZ_Pyq_fadeIn\">de <\/span><span class=\"BZ_Pyq_fadeIn\">Sabores <\/span><span class=\"BZ_Pyq_fadeIn\">Frutales<\/span><\/strong><\/h2>\n<p data-start=\"66\" data-end=\"367\"><span class=\"BZ_Pyq_fadeIn\">Disfruta <\/span><span class=\"BZ_Pyq_fadeIn\">un <\/span><span class=\"BZ_Pyq_fadeIn\">dulce <\/span><span class=\"BZ_Pyq_fadeIn\">lleno <\/span><span class=\"BZ_Pyq_fadeIn\">de <\/span><span class=\"BZ_Pyq_fadeIn\">color <\/span><span class=\"BZ_Pyq_fadeIn\">y <\/span><span class=\"BZ_Pyq_fadeIn\">diversi\u00f3n <\/span><span class=\"BZ_Pyq_fadeIn\">con <\/span><strong data-start=\"115\" data-end=\"144\"><span class=\"BZ_Pyq_fadeIn\">Gummy <\/span><span class=\"BZ_Pyq_fadeIn\">Carritos <\/span><span class=\"BZ_Pyq_fadeIn\">Pop\u2019s <\/span><span class=\"BZ_Pyq_fadeIn\">Neon<\/span><\/strong><span class=\"BZ_Pyq_fadeIn\">. <\/span><span class=\"BZ_Pyq_fadeIn\">Estas <\/span><span class=\"BZ_Pyq_fadeIn\">deliciosas <\/span><strong data-start=\"163\" data-end=\"194\"><span class=\"BZ_Pyq_fadeIn\">gomitas <\/span><span class=\"BZ_Pyq_fadeIn\">de <\/span><span class=\"BZ_Pyq_fadeIn\">sabores <\/span><span class=\"BZ_Pyq_fadeIn\">frutales<\/span><\/strong> <span class=\"BZ_Pyq_fadeIn\">tienen <\/span><span class=\"BZ_Pyq_fadeIn\">divertidas <\/span><strong data-start=\"213\" data-end=\"236\"><span class=\"BZ_Pyq_fadeIn\">formas <\/span><span class=\"BZ_Pyq_fadeIn\">de <\/span><span class=\"BZ_Pyq_fadeIn\">veh\u00edculos<\/span><\/strong> <span class=\"BZ_Pyq_fadeIn\">y <\/span><span class=\"BZ_Pyq_fadeIn\">vienen <\/span><span class=\"BZ_Pyq_fadeIn\">presentadas <\/span><span class=\"BZ_Pyq_fadeIn\">en <\/span><span class=\"BZ_Pyq_fadeIn\">un <\/span><span class=\"BZ_Pyq_fadeIn\">incre\u00edble <\/span><strong data-start=\"274\" data-end=\"298\"><span class=\"BZ_Pyq_fadeIn\">palito <\/span><span class=\"BZ_Pyq_fadeIn\">con <\/span><span class=\"BZ_Pyq_fadeIn\">base <\/span><span class=\"BZ_Pyq_fadeIn\">ne\u00f3n<\/span><\/strong><span class=\"BZ_Pyq_fadeIn\">, <\/span><span class=\"BZ_Pyq_fadeIn\">que <\/span><span class=\"BZ_Pyq_fadeIn\">las <\/span><span class=\"BZ_Pyq_fadeIn\">hace <\/span><span class=\"BZ_Pyq_fadeIn\">a\u00fan <\/span><span class=\"BZ_Pyq_fadeIn\">m\u00e1s <\/span><span class=\"BZ_Pyq_fadeIn\">llamativas <\/span><span class=\"BZ_Pyq_fadeIn\">y <\/span><span class=\"BZ_Pyq_fadeIn\">perfectas <\/span><span class=\"BZ_Pyq_fadeIn\">para <\/span><span class=\"BZ_Pyq_fadeIn\">cualquier <\/span><span class=\"BZ_Pyq_fadeIn\">ocasi\u00f3n.<\/span><\/p>\n<p data-start=\"369\" data-end=\"599\"><span class=\"BZ_Pyq_fadeIn\">Ideales <\/span><span class=\"BZ_Pyq_fadeIn\">para <\/span><strong data-start=\"382\" data-end=\"485\"><span class=\"BZ_Pyq_fadeIn\">fiestas, <\/span><span class=\"BZ_Pyq_fadeIn\">mesas <\/span><span class=\"BZ_Pyq_fadeIn\">de <\/span><span class=\"BZ_Pyq_fadeIn\">dulces, <\/span><span class=\"BZ_Pyq_fadeIn\">eventos <\/span><span class=\"BZ_Pyq_fadeIn\">o <\/span><span class=\"BZ_Pyq_fadeIn\">simplemente <\/span><span class=\"BZ_Pyq_fadeIn\">para <\/span><span class=\"BZ_Pyq_fadeIn\">disfrutar <\/span><span class=\"BZ_Pyq_fadeIn\">un <\/span><span class=\"BZ_Pyq_fadeIn\">antojo <\/span><span class=\"BZ_Pyq_fadeIn\">lleno <\/span><span class=\"BZ_Pyq_fadeIn\">de <\/span><span class=\"BZ_Pyq_fadeIn\">sabor <\/span><span class=\"BZ_Pyq_fadeIn\">y <\/span><span class=\"BZ_Pyq_fadeIn\">diversi\u00f3n<\/span><\/strong><span class=\"BZ_Pyq_fadeIn\">. <\/span><span class=\"BZ_Pyq_fadeIn\">Su <\/span><span class=\"BZ_Pyq_fadeIn\">combinaci\u00f3n <\/span><span class=\"BZ_Pyq_fadeIn\">de <\/span><span class=\"BZ_Pyq_fadeIn\">colores <\/span><span class=\"BZ_Pyq_fadeIn\">vibrantes <\/span><span class=\"BZ_Pyq_fadeIn\">y <\/span><span class=\"BZ_Pyq_fadeIn\">sabores <\/span><span class=\"BZ_Pyq_fadeIn\">frutales <\/span><span class=\"BZ_Pyq_fadeIn\">las <\/span><span class=\"BZ_Pyq_fadeIn\">convierte <\/span><span class=\"BZ_Pyq_fadeIn\">en <\/span><span class=\"BZ_Pyq_fadeIn\">un <\/span><span class=\"BZ_Pyq_fadeIn\">dulce <\/span><span class=\"BZ_Pyq_fadeIn\">que <\/span><span class=\"BZ_Pyq_fadeIn\">encanta <\/span><span class=\"BZ_Pyq_fadeIn\">a <\/span><span class=\"BZ_Pyq_fadeIn\">chicos <\/span><span class=\"BZ_Pyq_fadeIn\">y <\/span><span class=\"BZ_Pyq_fadeIn\">grandes.<\/span><\/p>\n<h2 style=\"text-align: left;\" data-start=\"52\" data-end=\"299\">\ud83d\udccd Caracter\u00edsticas:<\/h2>\n<ul>\n<li style=\"text-align: left;\"><strong>Envase<\/strong>: Display<\/li>\n<li style=\"text-align: left;\"><strong>Dise\u00f1o<\/strong>: Carritos<\/li>\n<li style=\"text-align: left;\"><strong>Familia<\/strong>: Gummy Pop\u00b4s N\u00e9on<\/li>\n<li style=\"text-align: left;\"><strong>Contenido neto<\/strong>: 330g.<\/li>\n<li style=\"text-align: left;\"><strong>Piezas<\/strong>: 30 paletitas.<\/li>\n<li style=\"text-align: left;\"><strong>Peso por pieza<\/strong>: 11g.<\/li>\n<li style=\"text-align: left;\"><strong>Sabores<\/strong>: Frutales<\/li>\n<\/ul>\n<p><em><br \/>\nAgrega al carrito de compra sorpr\u00e9ndete con sus dise\u00f1os y disfruta de su incre\u00edble sabor. \ud83d\udecd\ufe0f<\/em><\/p>\n<\/div>\n<\/div>\n<\/div>\n<\/div>\n<\/div>\n<\/div>\n<\/article>\n<\/div>\n","protected":false},"excerpt":{"rendered":"<p>Gummy Carritos Pop\u2019s Neon \ud83d\ude97\ud83c\udf6c \u2013 Gomitas de Sabores Frutales Disfruta un dulce lleno de color y diversi\u00f3n con Gummy Carritos Pop\u2019s Neon. Estas deliciosas gomitas de sabores frutales tienen divertidas formas de veh\u00edculos y vienen presentadas en un incre\u00edble palito con base ne\u00f3n, que las hace a\u00fan m\u00e1s llamativas y perfectas para cualquier ocasi\u00f3n. [&hellip;]<\/p>\n","protected":false},"featured_media":640,"template":"","meta":{"inline_featured_image":false},"product_brand":[],"product_cat":[49,39,75],"product_tag":[],"class_list":{"0":"post-592","1":"product","2":"type-product","3":"status-publish","4":"has-post-thumbnail","6":"product_cat-gomitas","7":"product_cat-importaciones","8":"product_cat-neon","10":"first","11":"instock","12":"taxable","13":"shipping-taxable","14":"purchasable","15":"product-type-simple"},"_links":{"self":[{"href":"https:\/\/productoshubin.com\/es\/wp-json\/wp\/v2\/product\/592","targetHints":{"allow":["GET"]}}],"collection":[{"href":"https:\/\/productoshubin.com\/es\/wp-json\/wp\/v2\/product"}],"about":[{"href":"https:\/\/productoshubin.com\/es\/wp-json\/wp\/v2\/types\/product"}],"wp:featuredmedia":[{"embeddable":true,"href":"https:\/\/productoshubin.com\/es\/wp-json\/wp\/v2\/media\/640"}],"wp:attachment":[{"href":"https:\/\/productoshubin.com\/es\/wp-json\/wp\/v2\/media?parent=592"}],"wp:term":[{"taxonomy":"product_brand","embeddable":true,"href":"https:\/\/productoshubin.com\/es\/wp-json\/wp\/v2\/product_brand?post=592"},{"taxonomy":"product_cat","embeddable":true,"href":"https:\/\/productoshubin.com\/es\/wp-json\/wp\/v2\/product_cat?post=592"},{"taxonomy":"product_tag","embeddable":true,"href":"https:\/\/productoshubin.com\/es\/wp-json\/wp\/v2\/product_tag?post=592"}],"curies":[{"name":"wp","href":"https:\/\/api.w.org\/{rel}","templated":true}]}}