{"id":591,"date":"2025-10-23T10:32:08","date_gmt":"2025-10-23T16:32:08","guid":{"rendered":"https:\/\/productoshubin.com\/?post_type=product&#038;p=591"},"modified":"2026-04-14T10:38:46","modified_gmt":"2026-04-14T16:38:46","slug":"gomibin-aritos","status":"publish","type":"product","link":"https:\/\/productoshubin.com\/es\/producto\/gomibin-aritos\/","title":{"rendered":"GOMIB\u00cdN ARITOS"},"content":{"rendered":"<div class=\"flex flex-col text-sm pb-25\">\n<article class=\"text-token-text-primary w-full focus:outline-none [--shadow-height:45px] has-data-writing-block:pointer-events-none has-data-writing-block:-mt-(--shadow-height) has-data-writing-block:pt-(--shadow-height) [&amp;:has([data-writing-block])&gt;*]:pointer-events-auto scroll-mt-[calc(var(--header-height)+min(200px,max(70px,20svh)))]\" dir=\"auto\" data-turn-id=\"request-69a8ae3a-11b8-83e8-a810-80a02931ddc2-37\" data-testid=\"conversation-turn-114\" data-scroll-anchor=\"true\" data-turn=\"assistant\">\n<div class=\"text-base my-auto mx-auto pb-10 [--thread-content-margin:var(--thread-content-margin-xs,calc(var(--spacing)*4))] @w-sm\/main:[--thread-content-margin:var(--thread-content-margin-sm,calc(var(--spacing)*6))] @w-lg\/main:[--thread-content-margin:var(--thread-content-margin-lg,calc(var(--spacing)*16))] px-(--thread-content-margin)\">\n<div class=\"[--thread-content-max-width:40rem] @w-lg\/main:[--thread-content-max-width:48rem] mx-auto max-w-(--thread-content-max-width) flex-1 group\/turn-messages focus-visible:outline-hidden relative flex w-full min-w-0 flex-col agent-turn\">\n<div class=\"flex max-w-full flex-col gap-4 grow\">\n<div class=\"min-h-8 text-message relative flex w-full flex-col items-end gap-2 text-start break-words whitespace-normal [.text-message+&amp;]:mt-1\" dir=\"auto\" data-message-author-role=\"assistant\" data-message-id=\"d9f71907-ddac-4ce3-8222-ea1967060dc9\" data-message-model-slug=\"gpt-5-3\">\n<div class=\"flex w-full flex-col gap-1 empty:hidden\">\n<div class=\"markdown prose dark:prose-invert w-full wrap-break-word light markdown-new-styling\">\n<p data-start=\"0\" data-end=\"21\"><strong data-start=\"0\" data-end=\"21\">GOMIB\u00cdN ARITOS \ud83c\udf6c<\/strong><\/p>\n<p data-start=\"23\" data-end=\"279\">Deliciosas <strong data-start=\"34\" data-end=\"65\">gomitas de sabores frutales<\/strong> en divertida forma de <strong data-start=\"88\" data-end=\"98\">aritos<\/strong>, perfectas para disfrutar en cualquier momento. Su textura suave y su gran sabor las convierten en el snack ideal para chicos y grandes. \u00a1Una opci\u00f3n dulce que siempre se antoja! \ud83d\ude0b<\/p>\n<h2 style=\"text-align: left\" data-start=\"52\" data-end=\"299\">\ud83d\udccd Caracter\u00edsticas:<\/h2>\n<ul>\n<li style=\"text-align: left\"><strong>Envase<\/strong>: Bolsa<\/li>\n<li style=\"text-align: left\"><strong>Dise\u00f1o<\/strong>: Aritos<\/li>\n<li style=\"text-align: left\"><strong>Familia<\/strong>: Gomibin<\/li>\n<li style=\"text-align: left\"><strong>Contenido neto<\/strong>: 900g.<\/li>\n<li style=\"text-align: left\"><strong>Piezas<\/strong>: 150 gomitas<\/li>\n<li style=\"text-align: left\"><strong>Peso por pieza<\/strong>: 6g aprox.<\/li>\n<li style=\"text-align: left\"><strong>Sabores<\/strong>: Frutales<\/li>\n<\/ul>\n<p><em>Agrega al carrito de compra sorpr\u00e9ndete con sus dise\u00f1os y disfruta de su incre\u00edble sabor. \ud83d\udecd\ufe0f<\/em><\/p>\n<\/div>\n<\/div>\n<\/div>\n<\/div>\n<\/div>\n<\/div>\n<\/article>\n<\/div>\n","protected":false},"excerpt":{"rendered":"<p>GOMIB\u00cdN ARITOS \ud83c\udf6c Deliciosas gomitas de sabores frutales en divertida forma de aritos, perfectas para disfrutar en cualquier momento. Su textura suave y su gran sabor las convierten en el snack ideal para chicos y grandes. \u00a1Una opci\u00f3n dulce que siempre se antoja! \ud83d\ude0b \ud83d\udccd Caracter\u00edsticas: Envase: Bolsa Dise\u00f1o: Aritos Familia: Gomibin Contenido neto: 900g. [&hellip;]<\/p>\n","protected":false},"featured_media":638,"template":"","meta":{"inline_featured_image":false},"product_brand":[],"product_cat":[116],"product_tag":[],"class_list":{"0":"post-591","1":"product","2":"type-product","3":"status-publish","4":"has-post-thumbnail","6":"product_cat-descuento-2","8":"first","9":"instock","10":"sale","11":"featured","12":"taxable","13":"shipping-taxable","14":"purchasable","15":"product-type-simple"},"_links":{"self":[{"href":"https:\/\/productoshubin.com\/es\/wp-json\/wp\/v2\/product\/591","targetHints":{"allow":["GET"]}}],"collection":[{"href":"https:\/\/productoshubin.com\/es\/wp-json\/wp\/v2\/product"}],"about":[{"href":"https:\/\/productoshubin.com\/es\/wp-json\/wp\/v2\/types\/product"}],"wp:featuredmedia":[{"embeddable":true,"href":"https:\/\/productoshubin.com\/es\/wp-json\/wp\/v2\/media\/638"}],"wp:attachment":[{"href":"https:\/\/productoshubin.com\/es\/wp-json\/wp\/v2\/media?parent=591"}],"wp:term":[{"taxonomy":"product_brand","embeddable":true,"href":"https:\/\/productoshubin.com\/es\/wp-json\/wp\/v2\/product_brand?post=591"},{"taxonomy":"product_cat","embeddable":true,"href":"https:\/\/productoshubin.com\/es\/wp-json\/wp\/v2\/product_cat?post=591"},{"taxonomy":"product_tag","embeddable":true,"href":"https:\/\/productoshubin.com\/es\/wp-json\/wp\/v2\/product_tag?post=591"}],"curies":[{"name":"wp","href":"https:\/\/api.w.org\/{rel}","templated":true}]}}