{"id":519,"date":"2025-10-23T10:30:39","date_gmt":"2025-10-23T16:30:39","guid":{"rendered":"https:\/\/productoshubin.com\/?post_type=product&#038;p=519"},"modified":"2026-04-10T18:20:33","modified_gmt":"2026-04-11T00:20:33","slug":"tortugas-gummy-rellenitax-4d","status":"publish","type":"product","link":"https:\/\/productoshubin.com\/es\/producto\/tortugas-gummy-rellenitax-4d\/","title":{"rendered":"TORTUGAS GUMMY RELLENITAX 4D"},"content":{"rendered":"<p data-start=\"0\" data-end=\"37\"><strong data-start=\"0\" data-end=\"37\">TORTUGAS GUMMY RELLENITAX 4D \ud83d\udc22\ud83c\udf6c<\/strong><\/p>\n<p data-start=\"39\" data-end=\"405\">\u00a1Tiernas, divertidas y llenas de sabor! Las <strong data-start=\"83\" data-end=\"115\">Tortugas Gummy Rellenitax 4D<\/strong> son deliciosas <strong data-start=\"131\" data-end=\"162\">gomitas de sabores frutales<\/strong> con adorables <strong data-start=\"177\" data-end=\"205\">formas de tortuguitas 4D<\/strong> que hacen cada bocado a\u00fan m\u00e1s especial. Su textura suave y su incre\u00edble sabor las convierten en una golosina perfecta para disfrutar, compartir o vender. \u00a1Un dulce que encanta a chicos y grandes! \ud83d\ude0b\u2728<\/p>\n<h2 style=\"text-align: left\" data-start=\"52\" data-end=\"299\">\ud83d\udccd Caracter\u00edsticas:<\/h2>\n<ul>\n<li style=\"text-align: left\"><strong>Envase<\/strong>: Vitrolero\/Bote<\/li>\n<li style=\"text-align: left\"><strong>Dise\u00f1o<\/strong>: Tortugas<\/li>\n<li style=\"text-align: left\"><strong>Familia<\/strong>: Gommy Rellenitax 4D<\/li>\n<li style=\"text-align: left\"><strong>Contenido neto<\/strong>: 300g.<\/li>\n<li style=\"text-align: left\"><strong>Piezas<\/strong>: 30 gomitas<\/li>\n<li style=\"text-align: left\"><strong>Peso por pieza<\/strong>: 10g.<\/li>\n<li style=\"text-align: left\"><strong>Sabores<\/strong>: Frutales<\/li>\n<\/ul>\n<p><em>Agrega al carrito de compra sorpr\u00e9ndete con sus dise\u00f1os y disfruta de su incre\u00edble sabor. \ud83d\udecd\ufe0f<\/em><\/p>\n","protected":false},"excerpt":{"rendered":"<p>TORTUGAS GUMMY RELLENITAX 4D \ud83d\udc22\ud83c\udf6c \u00a1Tiernas, divertidas y llenas de sabor! Las Tortugas Gummy Rellenitax 4D son deliciosas gomitas de sabores frutales con adorables formas de tortuguitas 4D que hacen cada bocado a\u00fan m\u00e1s especial. Su textura suave y su incre\u00edble sabor las convierten en una golosina perfecta para disfrutar, compartir o vender. \u00a1Un dulce [&hellip;]<\/p>\n","protected":false},"featured_media":582,"template":"","meta":{"inline_featured_image":false},"product_brand":[],"product_cat":[49],"product_tag":[],"class_list":{"0":"post-519","1":"product","2":"type-product","3":"status-publish","4":"has-post-thumbnail","6":"product_cat-gomitas","8":"first","9":"instock","10":"taxable","11":"shipping-taxable","12":"purchasable","13":"product-type-simple"},"_links":{"self":[{"href":"https:\/\/productoshubin.com\/es\/wp-json\/wp\/v2\/product\/519","targetHints":{"allow":["GET"]}}],"collection":[{"href":"https:\/\/productoshubin.com\/es\/wp-json\/wp\/v2\/product"}],"about":[{"href":"https:\/\/productoshubin.com\/es\/wp-json\/wp\/v2\/types\/product"}],"wp:featuredmedia":[{"embeddable":true,"href":"https:\/\/productoshubin.com\/es\/wp-json\/wp\/v2\/media\/582"}],"wp:attachment":[{"href":"https:\/\/productoshubin.com\/es\/wp-json\/wp\/v2\/media?parent=519"}],"wp:term":[{"taxonomy":"product_brand","embeddable":true,"href":"https:\/\/productoshubin.com\/es\/wp-json\/wp\/v2\/product_brand?post=519"},{"taxonomy":"product_cat","embeddable":true,"href":"https:\/\/productoshubin.com\/es\/wp-json\/wp\/v2\/product_cat?post=519"},{"taxonomy":"product_tag","embeddable":true,"href":"https:\/\/productoshubin.com\/es\/wp-json\/wp\/v2\/product_tag?post=519"}],"curies":[{"name":"wp","href":"https:\/\/api.w.org\/{rel}","templated":true}]}}