{"id":518,"date":"2025-10-23T10:30:39","date_gmt":"2025-10-23T16:30:39","guid":{"rendered":"https:\/\/productoshubin.com\/?post_type=product&#038;p=518"},"modified":"2026-04-22T13:05:25","modified_gmt":"2026-04-22T19:05:25","slug":"gommy-rellenitax-4d-frutas","status":"publish","type":"product","link":"https:\/\/productoshubin.com\/es\/producto\/gommy-rellenitax-4d-frutas\/","title":{"rendered":"GOMMY RELLENITAX 4D FRUTAS"},"content":{"rendered":"<h2 data-start=\"0\" data-end=\"37\"><strong data-start=\"0\" data-end=\"37\">GOMMY RELLENITAX 4D FRUTAS \ud83c\udf53\ud83c\udf4d\ud83c\udf6c<\/strong><\/h2>\n<p data-start=\"39\" data-end=\"425\">\u00a1Disfruta una explosi\u00f3n de sabor con <strong data-start=\"76\" data-end=\"106\">Gommy Rellenitax 4D Frutas<\/strong>! Deliciosas <strong data-start=\"119\" data-end=\"170\">gomitas con relleno l\u00edquido de sabores frutales<\/strong> y divertidas <strong data-start=\"184\" data-end=\"206\">formas de frutitas<\/strong> que hacen cada bocado m\u00e1s especial. Su textura suave y su centro lleno de sabor las convierten en una golosina irresistible para chicos y grandes. \u00a1Perfectas para compartir, vender o disfrutar en cualquier momento! \ud83d\ude0b\u2728<\/p>\n<h2 style=\"text-align: left\" data-start=\"52\" data-end=\"299\">\ud83d\udccd Caracter\u00edsticas:<\/h2>\n<ul>\n<li style=\"text-align: left\"><strong>Envase<\/strong>: Vitrolero\/Bote<\/li>\n<li style=\"text-align: left\"><strong>Dise\u00f1o<\/strong>: Frutas<\/li>\n<li style=\"text-align: left\"><strong>Familia<\/strong>: Gommy Rellenitax 4D<\/li>\n<li style=\"text-align: left\"><strong>Contenido neto<\/strong>: 270g.<\/li>\n<li style=\"text-align: left\"><strong>Piezas<\/strong>: 30 gomitas<\/li>\n<li style=\"text-align: left\"><strong>Peso por pieza<\/strong>: 9g.<\/li>\n<li style=\"text-align: left\"><strong>Sabores<\/strong>: Frutales<\/li>\n<\/ul>\n<p><em>Agrega al carrito de compra sorpr\u00e9ndete con sus dise\u00f1os y disfruta de su incre\u00edble sabor. \ud83d\udecd\ufe0f<\/em><\/p>\n","protected":false},"excerpt":{"rendered":"<p>Deliciosas y Divertidas Gomitas en forma de frutas 4D con sabores frutales<\/p>\n<p>Cada vitrolero trae 30 piezas<\/p>\n<p>Cada caja trae 12 vitroleros<\/p>\n","protected":false},"featured_media":580,"template":"","meta":{"inline_featured_image":false},"product_brand":[],"product_cat":[49],"product_tag":[],"class_list":{"0":"post-518","1":"product","2":"type-product","3":"status-publish","4":"has-post-thumbnail","6":"product_cat-gomitas","8":"first","9":"instock","10":"taxable","11":"shipping-taxable","12":"purchasable","13":"product-type-simple"},"_links":{"self":[{"href":"https:\/\/productoshubin.com\/es\/wp-json\/wp\/v2\/product\/518","targetHints":{"allow":["GET"]}}],"collection":[{"href":"https:\/\/productoshubin.com\/es\/wp-json\/wp\/v2\/product"}],"about":[{"href":"https:\/\/productoshubin.com\/es\/wp-json\/wp\/v2\/types\/product"}],"wp:featuredmedia":[{"embeddable":true,"href":"https:\/\/productoshubin.com\/es\/wp-json\/wp\/v2\/media\/580"}],"wp:attachment":[{"href":"https:\/\/productoshubin.com\/es\/wp-json\/wp\/v2\/media?parent=518"}],"wp:term":[{"taxonomy":"product_brand","embeddable":true,"href":"https:\/\/productoshubin.com\/es\/wp-json\/wp\/v2\/product_brand?post=518"},{"taxonomy":"product_cat","embeddable":true,"href":"https:\/\/productoshubin.com\/es\/wp-json\/wp\/v2\/product_cat?post=518"},{"taxonomy":"product_tag","embeddable":true,"href":"https:\/\/productoshubin.com\/es\/wp-json\/wp\/v2\/product_tag?post=518"}],"curies":[{"name":"wp","href":"https:\/\/api.w.org\/{rel}","templated":true}]}}