{"id":516,"date":"2025-10-23T16:30:39","date_gmt":"2025-10-23T16:30:39","guid":{"rendered":"https:\/\/productoshubin.com\/?post_type=product&#038;p=516"},"modified":"2026-04-23T11:56:14","modified_gmt":"2026-04-23T17:56:14","slug":"mini-rellenitax-3d-pesito","status":"publish","type":"product","link":"https:\/\/productoshubin.com\/es\/producto\/mini-rellenitax-3d-pesito\/","title":{"rendered":"MINI RELLENITAX 3D PESITO"},"content":{"rendered":"<h2 data-start=\"0\" data-end=\"33\"><strong data-start=\"0\" data-end=\"33\">MINI RELLENITAX 3D PESITO \ud83c\udf6c\u2728<\/strong><\/h2>\n<p data-start=\"35\" data-end=\"387\">\u00a1Peque\u00f1as en tama\u00f1o pero gigantes en sabor! Las <strong data-start=\"83\" data-end=\"112\">Mini Rellenitax 3D Pesito<\/strong> son deliciosas <strong data-start=\"128\" data-end=\"179\">gomitas con relleno l\u00edquido de sabores frutales<\/strong> que sorprenden con cada mordida. Su divertida forma y su explosi\u00f3n de sabor las convierten en una opci\u00f3n perfecta para disfrutar, compartir o vender. \u00a1Una dulce experiencia que encanta a chicos y grandes! \ud83d\ude0b<\/p>\n<h2 style=\"text-align: left;\" data-start=\"52\" data-end=\"299\">\ud83d\udccd Caracter\u00edsticas:<\/h2>\n<ul>\n<li style=\"text-align: left;\"><strong>Envase<\/strong>: Vitrolero\/Bote<\/li>\n<li style=\"text-align: left;\"><strong>Dise\u00f1o<\/strong>: Peso<\/li>\n<li style=\"text-align: left;\"><strong>Familia<\/strong>: Mini Rellenitax 3D<\/li>\n<li style=\"text-align: left;\"><strong>Contenido neto<\/strong>: 200g.<\/li>\n<li style=\"text-align: left;\"><strong>Piezas<\/strong>: 100 gomitas.<\/li>\n<li style=\"text-align: left;\"><strong>Peso por pieza<\/strong>: 2g.<\/li>\n<li style=\"text-align: left;\"><strong>Sabores<\/strong>: Frutales<\/li>\n<\/ul>\n<p><em><br \/>\nAgrega al carrito de compra sorpr\u00e9ndete con sus dise\u00f1os y disfruta de su incre\u00edble sabor. \ud83d\udecd\ufe0f<\/em><\/p>\n","protected":false},"excerpt":{"rendered":"<p>Deliciosas mini Gomitas con forma de pesito y sabores Tutti Frutti<\/p>\n","protected":false},"featured_media":576,"template":"","meta":{"inline_featured_image":false},"product_brand":[],"product_cat":[122,49],"product_tag":[],"class_list":{"0":"post-516","1":"product","2":"type-product","3":"status-publish","4":"has-post-thumbnail","6":"product_cat-descuento-20","7":"product_cat-gomitas","9":"first","10":"instock","11":"taxable","12":"shipping-taxable","13":"purchasable","14":"product-type-simple"},"_links":{"self":[{"href":"https:\/\/productoshubin.com\/es\/wp-json\/wp\/v2\/product\/516","targetHints":{"allow":["GET"]}}],"collection":[{"href":"https:\/\/productoshubin.com\/es\/wp-json\/wp\/v2\/product"}],"about":[{"href":"https:\/\/productoshubin.com\/es\/wp-json\/wp\/v2\/types\/product"}],"wp:featuredmedia":[{"embeddable":true,"href":"https:\/\/productoshubin.com\/es\/wp-json\/wp\/v2\/media\/576"}],"wp:attachment":[{"href":"https:\/\/productoshubin.com\/es\/wp-json\/wp\/v2\/media?parent=516"}],"wp:term":[{"taxonomy":"product_brand","embeddable":true,"href":"https:\/\/productoshubin.com\/es\/wp-json\/wp\/v2\/product_brand?post=516"},{"taxonomy":"product_cat","embeddable":true,"href":"https:\/\/productoshubin.com\/es\/wp-json\/wp\/v2\/product_cat?post=516"},{"taxonomy":"product_tag","embeddable":true,"href":"https:\/\/productoshubin.com\/es\/wp-json\/wp\/v2\/product_tag?post=516"}],"curies":[{"name":"wp","href":"https:\/\/api.w.org\/{rel}","templated":true}]}}