{"id":504,"date":"2025-10-23T10:30:14","date_gmt":"2025-10-23T16:30:14","guid":{"rendered":"https:\/\/productoshubin.com\/?post_type=product&#038;p=504"},"modified":"2026-04-22T13:06:27","modified_gmt":"2026-04-22T19:06:27","slug":"gummy-pirinola","status":"publish","type":"product","link":"https:\/\/productoshubin.com\/es\/producto\/gummy-pirinola\/","title":{"rendered":"GUMMY PIRINOLA"},"content":{"rendered":"<p data-start=\"0\" data-end=\"22\"><strong data-start=\"0\" data-end=\"22\">GUMMY PIRINOLA \ud83c\udf6c\u2728<\/strong><\/p>\n<p data-start=\"24\" data-end=\"342\">\u00a1Diversi\u00f3n y sabor en cada giro! <strong data-start=\"57\" data-end=\"75\">Gummy Pirinola<\/strong> son deliciosas <strong data-start=\"91\" data-end=\"153\">gomitas con relleno l\u00edquido de exquisitos sabores frutales<\/strong> que sorprenden con su suave textura y su centro lleno de sabor. Una golosina divertida y llamativa, perfecta para disfrutar, compartir o vender. \u00a1Cada pieza es una explosi\u00f3n de dulzura! \ud83d\ude0b<\/p>\n<h2 style=\"text-align: left\" data-start=\"52\" data-end=\"299\">\ud83d\udccd Caracter\u00edsticas:<\/h2>\n<ul>\n<li style=\"text-align: left\"><strong>Envase<\/strong>: Vitrolero\/Bote<\/li>\n<li style=\"text-align: left\"><strong>Dise\u00f1o<\/strong>: Pirinola<\/li>\n<li style=\"text-align: left\"><strong>Familia<\/strong>: Gommy Rellenitax 4D<\/li>\n<li style=\"text-align: left\"><strong>Contenido neto<\/strong>: 270g.<\/li>\n<li style=\"text-align: left\"><strong>Piezas<\/strong>: 30 gomitas<\/li>\n<li style=\"text-align: left\"><strong>Peso por pieza<\/strong>: 9g.<\/li>\n<li style=\"text-align: left\"><strong>Sabores<\/strong>: Frutales<\/li>\n<\/ul>\n<p><em>Agrega al carrito de compra sorpr\u00e9ndete con sus dise\u00f1os y disfruta de su incre\u00edble sabor. \ud83d\udecd\ufe0f<\/em><\/p>\n","protected":false},"excerpt":{"rendered":"<p>GUMMY PIRINOLA \ud83c\udf6c\u2728 \u00a1Diversi\u00f3n y sabor en cada giro! Gummy Pirinola son deliciosas gomitas con relleno l\u00edquido de exquisitos sabores frutales que sorprenden con su suave textura y su centro lleno de sabor. Una golosina divertida y llamativa, perfecta para disfrutar, compartir o vender. \u00a1Cada pieza es una explosi\u00f3n de dulzura! \ud83d\ude0b \ud83d\udccd Caracter\u00edsticas: Envase: [&hellip;]<\/p>\n","protected":false},"featured_media":566,"template":"","meta":{"inline_featured_image":false},"product_brand":[],"product_cat":[49],"product_tag":[],"class_list":{"0":"post-504","1":"product","2":"type-product","3":"status-publish","4":"has-post-thumbnail","6":"product_cat-gomitas","8":"first","9":"instock","10":"taxable","11":"shipping-taxable","12":"purchasable","13":"product-type-simple"},"_links":{"self":[{"href":"https:\/\/productoshubin.com\/es\/wp-json\/wp\/v2\/product\/504","targetHints":{"allow":["GET"]}}],"collection":[{"href":"https:\/\/productoshubin.com\/es\/wp-json\/wp\/v2\/product"}],"about":[{"href":"https:\/\/productoshubin.com\/es\/wp-json\/wp\/v2\/types\/product"}],"wp:featuredmedia":[{"embeddable":true,"href":"https:\/\/productoshubin.com\/es\/wp-json\/wp\/v2\/media\/566"}],"wp:attachment":[{"href":"https:\/\/productoshubin.com\/es\/wp-json\/wp\/v2\/media?parent=504"}],"wp:term":[{"taxonomy":"product_brand","embeddable":true,"href":"https:\/\/productoshubin.com\/es\/wp-json\/wp\/v2\/product_brand?post=504"},{"taxonomy":"product_cat","embeddable":true,"href":"https:\/\/productoshubin.com\/es\/wp-json\/wp\/v2\/product_cat?post=504"},{"taxonomy":"product_tag","embeddable":true,"href":"https:\/\/productoshubin.com\/es\/wp-json\/wp\/v2\/product_tag?post=504"}],"curies":[{"name":"wp","href":"https:\/\/api.w.org\/{rel}","templated":true}]}}