{"id":491,"date":"2025-10-23T10:29:42","date_gmt":"2025-10-23T16:29:42","guid":{"rendered":"https:\/\/productoshubin.com\/?post_type=product&#038;p=491"},"modified":"2026-04-15T11:30:17","modified_gmt":"2026-04-15T17:30:17","slug":"jellyruchan","status":"publish","type":"product","link":"https:\/\/productoshubin.com\/es\/producto\/jellyruchan\/","title":{"rendered":"JELLYRUCHAN"},"content":{"rendered":"<p data-start=\"0\" data-end=\"20\"><strong data-start=\"0\" data-end=\"20\">JELLYRUCHAN \ud83c\udf51\ud83c\udf6e<\/strong><\/p>\n<p data-start=\"22\" data-end=\"323\">\u00a1Suave, dulce y deliciosa! <strong data-start=\"49\" data-end=\"64\">Jellyruchan<\/strong> es una exquisita <strong data-start=\"82\" data-end=\"108\">gelatina sabor durazno<\/strong> que conquista con su textura suave y su refrescante sabor frutal. Perfecta para disfrutar en cualquier momento, compartir o vender gracias a su pr\u00e1ctica presentaci\u00f3n. \u00a1Un antojo dulce que siempre se disfruta! \ud83d\ude0b\u2728<\/p>\n<h2 style=\"text-align: left;\" data-start=\"52\" data-end=\"299\">\ud83d\udccd Caracter\u00edsticas:<\/h2>\n<ul>\n<li style=\"text-align: left;\"><strong>Envase<\/strong>: Display.<\/li>\n<li style=\"text-align: left;\"><strong>Dise\u00f1o<\/strong>: Spaghetti.<\/li>\n<li style=\"text-align: left;\"><strong>Familia<\/strong>: Jellyruchan.<\/li>\n<li style=\"text-align: left;\"><strong>Contenido neto<\/strong>: 720g.<\/li>\n<li style=\"text-align: left;\"><strong>Piezas<\/strong>: 24 gelatinas.<\/li>\n<li style=\"text-align: left;\"><strong>Peso por pieza<\/strong>: 30g.<\/li>\n<li style=\"text-align: left;\"><strong>Sabores<\/strong>: Durazno.<\/li>\n<\/ul>\n<p><em>Agrega al carrito de compra sorpr\u00e9ndete con sus dise\u00f1os y disfruta de su incre\u00edble sabor. \ud83d\udecd\ufe0f<\/em><\/p>\n","protected":false},"excerpt":{"rendered":"<p>JELLYRUCHAN \ud83c\udf51\ud83c\udf6e \u00a1Suave, dulce y deliciosa! Jellyruchan es una exquisita gelatina sabor durazno que conquista con su textura suave y su refrescante sabor frutal. Perfecta para disfrutar en cualquier momento, compartir o vender gracias a su pr\u00e1ctica presentaci\u00f3n. \u00a1Un antojo dulce que siempre se disfruta! \ud83d\ude0b\u2728 \ud83d\udccd Caracter\u00edsticas: Envase: Display. Dise\u00f1o: Spaghetti. Familia: Jellyruchan. Contenido [&hellip;]<\/p>\n","protected":false},"featured_media":541,"template":"","meta":{"inline_featured_image":false},"product_brand":[],"product_cat":[55],"product_tag":[],"class_list":{"0":"post-491","1":"product","2":"type-product","3":"status-publish","4":"has-post-thumbnail","6":"product_cat-jellys","8":"first","9":"instock","10":"taxable","11":"shipping-taxable","12":"purchasable","13":"product-type-simple"},"_links":{"self":[{"href":"https:\/\/productoshubin.com\/es\/wp-json\/wp\/v2\/product\/491","targetHints":{"allow":["GET"]}}],"collection":[{"href":"https:\/\/productoshubin.com\/es\/wp-json\/wp\/v2\/product"}],"about":[{"href":"https:\/\/productoshubin.com\/es\/wp-json\/wp\/v2\/types\/product"}],"wp:featuredmedia":[{"embeddable":true,"href":"https:\/\/productoshubin.com\/es\/wp-json\/wp\/v2\/media\/541"}],"wp:attachment":[{"href":"https:\/\/productoshubin.com\/es\/wp-json\/wp\/v2\/media?parent=491"}],"wp:term":[{"taxonomy":"product_brand","embeddable":true,"href":"https:\/\/productoshubin.com\/es\/wp-json\/wp\/v2\/product_brand?post=491"},{"taxonomy":"product_cat","embeddable":true,"href":"https:\/\/productoshubin.com\/es\/wp-json\/wp\/v2\/product_cat?post=491"},{"taxonomy":"product_tag","embeddable":true,"href":"https:\/\/productoshubin.com\/es\/wp-json\/wp\/v2\/product_tag?post=491"}],"curies":[{"name":"wp","href":"https:\/\/api.w.org\/{rel}","templated":true}]}}