{"id":490,"date":"2025-10-23T10:29:42","date_gmt":"2025-10-23T16:29:42","guid":{"rendered":"https:\/\/productoshubin.com\/?post_type=product&#038;p=490"},"modified":"2026-04-16T12:55:50","modified_gmt":"2026-04-16T18:55:50","slug":"super-food-mix-display","status":"publish","type":"product","link":"https:\/\/productoshubin.com\/es\/producto\/super-food-mix-display\/","title":{"rendered":"SUPER FOOD MIX DISPLAY"},"content":{"rendered":"<p data-start=\"0\" data-end=\"35\"><strong data-start=\"0\" data-end=\"35\">SUPER FOOD MIX DISPLAY \ud83c\udf54\ud83c\udf5f\ud83c\udf55\ud83c\udf6c<\/strong><\/p>\n<p data-start=\"37\" data-end=\"404\">\u00a1La comida m\u00e1s divertida ahora en versi\u00f3n dulce! <strong data-start=\"86\" data-end=\"104\">Super Food Mix<\/strong> trae deliciosas <strong data-start=\"121\" data-end=\"151\">gomitas con sabor a frutas<\/strong> en <strong data-start=\"155\" data-end=\"186\">divertidas formas de comida<\/strong>, creando una experiencia \u00fanica llena de color y sabor. Perfectas para sorprender, compartir o vender gracias a su original presentaci\u00f3n que encanta a chicos y grandes. \u00a1Un mix irresistible para cualquier antojo! \ud83d\ude0b\u2728<\/p>\n<h2 style=\"text-align: left\" data-start=\"52\" data-end=\"299\">\ud83d\udccd Caracter\u00edsticas:<\/h2>\n<ul>\n<li style=\"text-align: left\"><strong>Envase<\/strong>: Display<\/li>\n<li style=\"text-align: left\"><strong>Dise\u00f1o<\/strong>: Super Food Mix<\/li>\n<li style=\"text-align: left\"><strong>Familia<\/strong>: Super Food Mix<\/li>\n<li style=\"text-align: left\"><strong>Contenido neto<\/strong>: 240g.<\/li>\n<li style=\"text-align: left\"><strong>Piezas<\/strong>: 24 gomitas<\/li>\n<li style=\"text-align: left\"><strong>Peso por pieza<\/strong>: 10g.<\/li>\n<li style=\"text-align: left\"><strong>Sabores<\/strong>: Frutales<\/li>\n<\/ul>\n<p><em>Agrega al carrito de compra sorpr\u00e9ndete con sus dise\u00f1os y disfruta de su incre\u00edble sabor. \ud83d\udecd\ufe0f<\/em><\/p>\n","protected":false},"excerpt":{"rendered":"<p>Gomita de dulce sabor a frutas con formas divertidas<\/p>\n","protected":false},"featured_media":539,"template":"","meta":{"inline_featured_image":false},"product_brand":[],"product_cat":[49],"product_tag":[],"class_list":{"0":"post-490","1":"product","2":"type-product","3":"status-publish","4":"has-post-thumbnail","6":"product_cat-gomitas","8":"first","9":"instock","10":"taxable","11":"shipping-taxable","12":"purchasable","13":"product-type-simple"},"_links":{"self":[{"href":"https:\/\/productoshubin.com\/es\/wp-json\/wp\/v2\/product\/490","targetHints":{"allow":["GET"]}}],"collection":[{"href":"https:\/\/productoshubin.com\/es\/wp-json\/wp\/v2\/product"}],"about":[{"href":"https:\/\/productoshubin.com\/es\/wp-json\/wp\/v2\/types\/product"}],"wp:featuredmedia":[{"embeddable":true,"href":"https:\/\/productoshubin.com\/es\/wp-json\/wp\/v2\/media\/539"}],"wp:attachment":[{"href":"https:\/\/productoshubin.com\/es\/wp-json\/wp\/v2\/media?parent=490"}],"wp:term":[{"taxonomy":"product_brand","embeddable":true,"href":"https:\/\/productoshubin.com\/es\/wp-json\/wp\/v2\/product_brand?post=490"},{"taxonomy":"product_cat","embeddable":true,"href":"https:\/\/productoshubin.com\/es\/wp-json\/wp\/v2\/product_cat?post=490"},{"taxonomy":"product_tag","embeddable":true,"href":"https:\/\/productoshubin.com\/es\/wp-json\/wp\/v2\/product_tag?post=490"}],"curies":[{"name":"wp","href":"https:\/\/api.w.org\/{rel}","templated":true}]}}