{"id":486,"date":"2025-10-23T16:29:42","date_gmt":"2025-10-23T16:29:42","guid":{"rendered":"https:\/\/productoshubin.com\/?post_type=product&#038;p=486"},"modified":"2026-04-30T15:25:31","modified_gmt":"2026-04-30T21:25:31","slug":"mini-rellenitax-3d-frutitas","status":"publish","type":"product","link":"https:\/\/productoshubin.com\/es\/producto\/mini-rellenitax-3d-frutitas\/","title":{"rendered":"MINI RELLENITAX 3D FRUTITAS"},"content":{"rendered":"<p data-start=\"0\" data-end=\"38\"><strong data-start=\"0\" data-end=\"38\">MINI RELLENITAX 3D FRUTITAS \ud83c\udf53\ud83c\udf4d\ud83c\udf6c<\/strong><\/p>\n<p data-start=\"40\" data-end=\"395\">\u00a1Peque\u00f1as frutitas llenas de sabor! <strong data-start=\"76\" data-end=\"107\">Mini Rellenitax 3D Frutitas<\/strong> son deliciosas <strong data-start=\"123\" data-end=\"174\">gomitas con relleno l\u00edquido de sabores frutales<\/strong> que sorprenden con su textura suave y su dulce centro. Sus divertidas <strong data-start=\"245\" data-end=\"267\">formas de frutitas<\/strong> las hacen a\u00fan m\u00e1s atractivas, perfectas para disfrutar, compartir o vender. \u00a1Un mini dulce con una gran explosi\u00f3n de sabor! \ud83d\ude0b\u2728<\/p>\n<h2 style=\"text-align: left;\" data-start=\"52\" data-end=\"299\">\ud83d\udccd Caracter\u00edsticas:<\/h2>\n<ul>\n<li style=\"text-align: left;\"><strong>Envase<\/strong>: Vitrolero\/Bote<\/li>\n<li style=\"text-align: left;\"><strong>Dise\u00f1o<\/strong>: Surtido<\/li>\n<li style=\"text-align: left;\"><strong>Familia<\/strong>: Mini Rellenitax 3D<\/li>\n<li style=\"text-align: left;\"><strong>Contenido neto<\/strong>: 200g.<\/li>\n<li style=\"text-align: left;\"><strong>Piezas<\/strong>: 100 gomitas.<\/li>\n<li style=\"text-align: left;\"><strong>Peso por pieza<\/strong>: 2g.<\/li>\n<li style=\"text-align: left;\"><strong>Sabores<\/strong>: Frutales<\/li>\n<\/ul>\n<p><em><br \/>\nAgrega al carrito de compra sorpr\u00e9ndete con sus dise\u00f1os y disfruta de su incre\u00edble sabor. \ud83d\udecd\ufe0f<\/em><\/p>\n","protected":false},"excerpt":{"rendered":"<p>MINI RELLENITAX 3D FRUTITAS \ud83c\udf53\ud83c\udf4d\ud83c\udf6c \u00a1Peque\u00f1as frutitas llenas de sabor! Mini Rellenitax 3D Frutitas son deliciosas gomitas con relleno l\u00edquido de sabores frutales que sorprenden con su textura suave y su dulce centro. Sus divertidas formas de frutitas las hacen a\u00fan m\u00e1s atractivas, perfectas para disfrutar, compartir o vender. \u00a1Un mini dulce con una gran [&hellip;]<\/p>\n","protected":false},"featured_media":531,"template":"","meta":{"inline_featured_image":false},"product_brand":[],"product_cat":[122,49],"product_tag":[],"class_list":{"0":"post-486","1":"product","2":"type-product","3":"status-publish","4":"has-post-thumbnail","6":"product_cat-descuento-20","7":"product_cat-gomitas","9":"first","10":"instock","11":"taxable","12":"shipping-taxable","13":"purchasable","14":"product-type-simple"},"_links":{"self":[{"href":"https:\/\/productoshubin.com\/es\/wp-json\/wp\/v2\/product\/486","targetHints":{"allow":["GET"]}}],"collection":[{"href":"https:\/\/productoshubin.com\/es\/wp-json\/wp\/v2\/product"}],"about":[{"href":"https:\/\/productoshubin.com\/es\/wp-json\/wp\/v2\/types\/product"}],"wp:featuredmedia":[{"embeddable":true,"href":"https:\/\/productoshubin.com\/es\/wp-json\/wp\/v2\/media\/531"}],"wp:attachment":[{"href":"https:\/\/productoshubin.com\/es\/wp-json\/wp\/v2\/media?parent=486"}],"wp:term":[{"taxonomy":"product_brand","embeddable":true,"href":"https:\/\/productoshubin.com\/es\/wp-json\/wp\/v2\/product_brand?post=486"},{"taxonomy":"product_cat","embeddable":true,"href":"https:\/\/productoshubin.com\/es\/wp-json\/wp\/v2\/product_cat?post=486"},{"taxonomy":"product_tag","embeddable":true,"href":"https:\/\/productoshubin.com\/es\/wp-json\/wp\/v2\/product_tag?post=486"}],"curies":[{"name":"wp","href":"https:\/\/api.w.org\/{rel}","templated":true}]}}