{"id":483,"date":"2025-10-23T10:29:42","date_gmt":"2025-10-23T16:29:42","guid":{"rendered":"https:\/\/productoshubin.com\/?post_type=product&#038;p=483"},"modified":"2026-04-14T20:04:24","modified_gmt":"2026-04-15T02:04:24","slug":"gummy-arcoiris","status":"publish","type":"product","link":"https:\/\/productoshubin.com\/es\/producto\/gummy-arcoiris\/","title":{"rendered":"GUMMY ARCOIRIS"},"content":{"rendered":"<h2 data-start=\"0\" data-end=\"23\"><strong data-start=\"0\" data-end=\"23\">GUMMY ARCO\u00cdRIS \ud83c\udf08\ud83c\udf6c<\/strong><\/h2>\n<p data-start=\"25\" data-end=\"346\">\u00a1Llena tu d\u00eda de color y sabor con <strong data-start=\"60\" data-end=\"78\">Gummy Arco\u00edris<\/strong>! Deliciosas <strong data-start=\"91\" data-end=\"132\">gomitas aciditas con sabores frutales<\/strong> que combinan dulzura y un toque picosito que encanta en cada mordida. Su divertida presentaci\u00f3n y su intenso sabor las hacen perfectas para disfrutar, compartir o vender. \u00a1Un dulce tan colorido como delicioso! \ud83d\ude0b\u2728<\/p>\n<h2 style=\"text-align: left\" data-start=\"52\" data-end=\"299\">\ud83d\udccd Caracter\u00edsticas:<\/h2>\n<ul>\n<li style=\"text-align: left\"><strong>Envase<\/strong>: Display<\/li>\n<li style=\"text-align: left\"><strong>Dise\u00f1o<\/strong>: Frutas<\/li>\n<li style=\"text-align: left\"><strong>Familia<\/strong>: Gummy Arcoiris<\/li>\n<li style=\"text-align: left\"><strong>Contenido neto<\/strong>: 324g.<\/li>\n<li style=\"text-align: left\"><strong>Piezas<\/strong>: 18 bolsitas<\/li>\n<li style=\"text-align: left\"><strong>Peso por pieza<\/strong>: 18g.<\/li>\n<li style=\"text-align: left\"><strong>Sabores<\/strong>: Frutales<\/li>\n<\/ul>\n<p><em>Agrega al carrito de compra sorpr\u00e9ndete con sus dise\u00f1os y disfruta de su incre\u00edble sabor. \ud83d\udecd\ufe0f<\/em><\/p>\n","protected":false},"excerpt":{"rendered":"<p>GUMMY ARCO\u00cdRIS \ud83c\udf08\ud83c\udf6c \u00a1Llena tu d\u00eda de color y sabor con Gummy Arco\u00edris! Deliciosas gomitas aciditas con sabores frutales que combinan dulzura y un toque picosito que encanta en cada mordida. Su divertida presentaci\u00f3n y su intenso sabor las hacen perfectas para disfrutar, compartir o vender. \u00a1Un dulce tan colorido como delicioso! \ud83d\ude0b\u2728 \ud83d\udccd Caracter\u00edsticas: [&hellip;]<\/p>\n","protected":false},"featured_media":524,"template":"","meta":{"inline_featured_image":false},"product_brand":[],"product_cat":[49],"product_tag":[],"class_list":{"0":"post-483","1":"product","2":"type-product","3":"status-publish","4":"has-post-thumbnail","6":"product_cat-gomitas","8":"first","9":"instock","10":"taxable","11":"shipping-taxable","12":"purchasable","13":"product-type-simple"},"_links":{"self":[{"href":"https:\/\/productoshubin.com\/es\/wp-json\/wp\/v2\/product\/483","targetHints":{"allow":["GET"]}}],"collection":[{"href":"https:\/\/productoshubin.com\/es\/wp-json\/wp\/v2\/product"}],"about":[{"href":"https:\/\/productoshubin.com\/es\/wp-json\/wp\/v2\/types\/product"}],"wp:featuredmedia":[{"embeddable":true,"href":"https:\/\/productoshubin.com\/es\/wp-json\/wp\/v2\/media\/524"}],"wp:attachment":[{"href":"https:\/\/productoshubin.com\/es\/wp-json\/wp\/v2\/media?parent=483"}],"wp:term":[{"taxonomy":"product_brand","embeddable":true,"href":"https:\/\/productoshubin.com\/es\/wp-json\/wp\/v2\/product_brand?post=483"},{"taxonomy":"product_cat","embeddable":true,"href":"https:\/\/productoshubin.com\/es\/wp-json\/wp\/v2\/product_cat?post=483"},{"taxonomy":"product_tag","embeddable":true,"href":"https:\/\/productoshubin.com\/es\/wp-json\/wp\/v2\/product_tag?post=483"}],"curies":[{"name":"wp","href":"https:\/\/api.w.org\/{rel}","templated":true}]}}