{"id":482,"date":"2025-10-23T10:29:42","date_gmt":"2025-10-23T16:29:42","guid":{"rendered":"https:\/\/productoshubin.com\/?post_type=product&#038;p=482"},"modified":"2026-04-10T10:53:25","modified_gmt":"2026-04-10T16:53:25","slug":"gummy-taquito","status":"publish","type":"product","link":"https:\/\/productoshubin.com\/es\/producto\/gummy-taquito\/","title":{"rendered":"GUMMY TAQUITO"},"content":{"rendered":"<h2 data-start=\"0\" data-end=\"22\"><strong data-start=\"0\" data-end=\"22\">GUMMY TAQUITO \ud83c\udf2e\ud83c\udf6c<\/strong><\/h2>\n<p data-start=\"24\" data-end=\"369\">\u00a1Un taquito lleno de dulzura! <strong data-start=\"54\" data-end=\"71\">Gummy Taquito<\/strong> es una divertida <strong data-start=\"89\" data-end=\"116\">gomita en forma de taco<\/strong> con delicioso <strong data-start=\"131\" data-end=\"165\">sabor a frutas y jalea acidita<\/strong> que sorprende en cada mordida. Su combinaci\u00f3n de sabor dulce y toque acidito la convierte en una golosina \u00fanica, perfecta para disfrutar, compartir o vender. \u00a1Un dulce original que encanta a todos! \ud83d\ude0b\u2728<\/p>\n<h2 style=\"text-align: left\" data-start=\"52\" data-end=\"299\">\ud83d\udccd Caracter\u00edsticas:<\/h2>\n<ul>\n<li style=\"text-align: left\"><strong>Envase<\/strong>: Display<\/li>\n<li style=\"text-align: left\"><strong>Dise\u00f1o<\/strong>: Taquito<\/li>\n<li style=\"text-align: left\"><strong>Familia<\/strong>: Gomitas<\/li>\n<li style=\"text-align: left\"><strong>Contenido neto<\/strong>: 360g.<\/li>\n<li style=\"text-align: left\"><strong>Piezas<\/strong>: 30 gomitas<\/li>\n<li style=\"text-align: left\"><strong>Peso por pieza<\/strong>: 12g.<\/li>\n<li style=\"text-align: left\"><strong>Sabores<\/strong>: Frutales<\/li>\n<\/ul>\n<p><em>Agrega al carrito de compra sorpr\u00e9ndete con sus dise\u00f1os y disfruta de su incre\u00edble sabor. \ud83d\udecd\ufe0f<\/em><\/p>\n","protected":false},"excerpt":{"rendered":"<p>Gomita en forma de taco sabor a frutas con jalea acidita<\/p>\n<p><span style=\"vertical-align: inherit\"><span style=\"vertical-align: inherit\">Caja de 15 displays, Display de 30 pzs \u2013 12g c\/u<\/span><\/span><\/p>\n","protected":false},"featured_media":522,"template":"","meta":{"inline_featured_image":false},"product_brand":[],"product_cat":[49],"product_tag":[],"class_list":{"0":"post-482","1":"product","2":"type-product","3":"status-publish","4":"has-post-thumbnail","6":"product_cat-gomitas","8":"first","9":"instock","10":"taxable","11":"shipping-taxable","12":"purchasable","13":"product-type-simple"},"_links":{"self":[{"href":"https:\/\/productoshubin.com\/es\/wp-json\/wp\/v2\/product\/482","targetHints":{"allow":["GET"]}}],"collection":[{"href":"https:\/\/productoshubin.com\/es\/wp-json\/wp\/v2\/product"}],"about":[{"href":"https:\/\/productoshubin.com\/es\/wp-json\/wp\/v2\/types\/product"}],"wp:featuredmedia":[{"embeddable":true,"href":"https:\/\/productoshubin.com\/es\/wp-json\/wp\/v2\/media\/522"}],"wp:attachment":[{"href":"https:\/\/productoshubin.com\/es\/wp-json\/wp\/v2\/media?parent=482"}],"wp:term":[{"taxonomy":"product_brand","embeddable":true,"href":"https:\/\/productoshubin.com\/es\/wp-json\/wp\/v2\/product_brand?post=482"},{"taxonomy":"product_cat","embeddable":true,"href":"https:\/\/productoshubin.com\/es\/wp-json\/wp\/v2\/product_cat?post=482"},{"taxonomy":"product_tag","embeddable":true,"href":"https:\/\/productoshubin.com\/es\/wp-json\/wp\/v2\/product_tag?post=482"}],"curies":[{"name":"wp","href":"https:\/\/api.w.org\/{rel}","templated":true}]}}