{"id":479,"date":"2025-10-23T16:29:42","date_gmt":"2025-10-23T16:29:42","guid":{"rendered":"https:\/\/productoshubin.com\/?post_type=product&#038;p=479"},"modified":"2026-04-14T10:37:38","modified_gmt":"2026-04-14T16:37:38","slug":"gommy-rellenitax-caritas","status":"publish","type":"product","link":"https:\/\/productoshubin.com\/es\/producto\/gommy-rellenitax-caritas\/","title":{"rendered":"GOMMY RELLENITAX CARITAS"},"content":{"rendered":"<h2 data-start=\"0\" data-end=\"33\"><strong data-start=\"0\" data-end=\"33\">GOMMY RELLENITAX CARITAS \ud83d\ude04\ud83c\udf6c<\/strong><\/h2>\n<p data-start=\"35\" data-end=\"418\">\u00a1Caritas divertidas llenas de sabor! <strong data-start=\"72\" data-end=\"100\">Gommy Rellenitax Caritas<\/strong> son deliciosas <strong data-start=\"116\" data-end=\"147\">gomitas con relleno l\u00edquido<\/strong> que sorprenden con una explosi\u00f3n de <strong data-start=\"184\" data-end=\"238\">sabores frutales como fresa, sand\u00eda, durazno y uva<\/strong>. Su divertida forma y su centro lleno de sabor las convierten en una golosina perfecta para disfrutar, compartir o vender. \u00a1Una dulce experiencia que alegra cualquier momento! \u2728\ud83d\ude0b<\/p>\n<h2 style=\"text-align: left;\" data-start=\"52\" data-end=\"299\">\ud83d\udccd Caracter\u00edsticas:<\/h2>\n<ul>\n<li style=\"text-align: left;\"><strong>Envase<\/strong>: Vitrolero\/Bote<\/li>\n<li style=\"text-align: left;\"><strong>Dise\u00f1o<\/strong>: Caritas<\/li>\n<li style=\"text-align: left;\"><strong>Familia<\/strong>: Gommy Rellenitax 3D<\/li>\n<li style=\"text-align: left;\"><strong>Contenido neto<\/strong>: 300g.<\/li>\n<li style=\"text-align: left;\"><strong>Piezas<\/strong>: 30 gomitas.<\/li>\n<li style=\"text-align: left;\"><strong>Peso por pieza<\/strong>: 10g.<\/li>\n<li style=\"text-align: left;\"><strong>Sabores<\/strong>: Frutales<\/li>\n<\/ul>\n<p><em><br \/>\nAgrega al carrito de compra sorpr\u00e9ndete con sus dise\u00f1os y disfruta de su incre\u00edble sabor. \ud83d\udecd\ufe0f<\/em><\/p>\n","protected":false},"excerpt":{"rendered":"<p>GOMMY RELLENITAX CARITAS \ud83d\ude04\ud83c\udf6c \u00a1Caritas divertidas llenas de sabor! Gommy Rellenitax Caritas son deliciosas gomitas con relleno l\u00edquido que sorprenden con una explosi\u00f3n de sabores frutales como fresa, sand\u00eda, durazno y uva. Su divertida forma y su centro lleno de sabor las convierten en una golosina perfecta para disfrutar, compartir o vender. \u00a1Una dulce experiencia [&hellip;]<\/p>\n","protected":false},"featured_media":512,"template":"","meta":{"inline_featured_image":false},"product_brand":[],"product_cat":[49],"product_tag":[],"class_list":{"0":"post-479","1":"product","2":"type-product","3":"status-publish","4":"has-post-thumbnail","6":"product_cat-gomitas","8":"first","9":"instock","10":"taxable","11":"shipping-taxable","12":"purchasable","13":"product-type-simple"},"_links":{"self":[{"href":"https:\/\/productoshubin.com\/es\/wp-json\/wp\/v2\/product\/479","targetHints":{"allow":["GET"]}}],"collection":[{"href":"https:\/\/productoshubin.com\/es\/wp-json\/wp\/v2\/product"}],"about":[{"href":"https:\/\/productoshubin.com\/es\/wp-json\/wp\/v2\/types\/product"}],"wp:featuredmedia":[{"embeddable":true,"href":"https:\/\/productoshubin.com\/es\/wp-json\/wp\/v2\/media\/512"}],"wp:attachment":[{"href":"https:\/\/productoshubin.com\/es\/wp-json\/wp\/v2\/media?parent=479"}],"wp:term":[{"taxonomy":"product_brand","embeddable":true,"href":"https:\/\/productoshubin.com\/es\/wp-json\/wp\/v2\/product_brand?post=479"},{"taxonomy":"product_cat","embeddable":true,"href":"https:\/\/productoshubin.com\/es\/wp-json\/wp\/v2\/product_cat?post=479"},{"taxonomy":"product_tag","embeddable":true,"href":"https:\/\/productoshubin.com\/es\/wp-json\/wp\/v2\/product_tag?post=479"}],"curies":[{"name":"wp","href":"https:\/\/api.w.org\/{rel}","templated":true}]}}