{"id":476,"date":"2025-10-23T10:29:42","date_gmt":"2025-10-23T16:29:42","guid":{"rendered":"https:\/\/productoshubin.com\/?post_type=product&#038;p=476"},"modified":"2026-04-07T08:02:50","modified_gmt":"2026-04-07T14:02:50","slug":"trompetoy","status":"publish","type":"product","link":"https:\/\/productoshubin.com\/es\/producto\/trompetoy\/","title":{"rendered":"TROMPETOY"},"content":{"rendered":"<h2 data-start=\"0\" data-end=\"18\"><strong data-start=\"0\" data-end=\"18\">TROMPETOY \ud83c\udfba\ud83c\udf6c<\/strong><\/h2>\n<p data-start=\"20\" data-end=\"358\">\u00a1Diversi\u00f3n y sabor en un solo dulce! <strong data-start=\"57\" data-end=\"70\">Trompetoy<\/strong> es un delicioso <strong data-start=\"87\" data-end=\"126\">dulce confitado de sabores frutales<\/strong> que incluye un divertido <strong data-start=\"152\" data-end=\"184\">juguete en forma de trompeta<\/strong>, perfecto para sorprender y entretener. Ideal para fiestas, regalos o para disfrutar un momento lleno de dulzura y diversi\u00f3n. \u00a1Un cl\u00e1sico que encanta a chicos y grandes! \u2728\ud83d\ude0b<\/p>\n<h2 style=\"text-align: left;\" data-start=\"52\" data-end=\"299\">\ud83d\udccd Caracter\u00edsticas:<\/h2>\n<ul>\n<li style=\"text-align: left;\"><strong>Envase<\/strong>: Display<\/li>\n<li style=\"text-align: left;\"><strong>Dise\u00f1o<\/strong>: Trompeta<\/li>\n<li style=\"text-align: left;\"><strong>Familia<\/strong>: Juguetes<\/li>\n<li style=\"text-align: left;\"><strong>Contenido neto<\/strong>: 60g.<\/li>\n<li style=\"text-align: left;\"><strong>Piezas<\/strong>: 30 Trompetas<\/li>\n<li style=\"text-align: left;\"><strong>Peso por pieza<\/strong>: 2g.<\/li>\n<li style=\"text-align: left;\"><strong>Sabores<\/strong>: Frutales<\/li>\n<\/ul>\n<p><em>Agrega al carrito de compra sorpr\u00e9ndete con sus dise\u00f1os y disfruta de su incre\u00edble sabor. \ud83d\udecd\ufe0f<\/em><\/p>\n","protected":false},"excerpt":{"rendered":"<p>Dulce confitado con sabores frutales, incluye juguetes<\/p>\n","protected":false},"featured_media":263084,"template":"","meta":{"inline_featured_image":false},"product_brand":[],"product_cat":[57],"product_tag":[],"class_list":{"0":"post-476","1":"product","2":"type-product","3":"status-publish","4":"has-post-thumbnail","6":"product_cat-juguetes","8":"first","9":"instock","10":"taxable","11":"shipping-taxable","12":"purchasable","13":"product-type-simple"},"_links":{"self":[{"href":"https:\/\/productoshubin.com\/es\/wp-json\/wp\/v2\/product\/476","targetHints":{"allow":["GET"]}}],"collection":[{"href":"https:\/\/productoshubin.com\/es\/wp-json\/wp\/v2\/product"}],"about":[{"href":"https:\/\/productoshubin.com\/es\/wp-json\/wp\/v2\/types\/product"}],"wp:featuredmedia":[{"embeddable":true,"href":"https:\/\/productoshubin.com\/es\/wp-json\/wp\/v2\/media\/263084"}],"wp:attachment":[{"href":"https:\/\/productoshubin.com\/es\/wp-json\/wp\/v2\/media?parent=476"}],"wp:term":[{"taxonomy":"product_brand","embeddable":true,"href":"https:\/\/productoshubin.com\/es\/wp-json\/wp\/v2\/product_brand?post=476"},{"taxonomy":"product_cat","embeddable":true,"href":"https:\/\/productoshubin.com\/es\/wp-json\/wp\/v2\/product_cat?post=476"},{"taxonomy":"product_tag","embeddable":true,"href":"https:\/\/productoshubin.com\/es\/wp-json\/wp\/v2\/product_tag?post=476"}],"curies":[{"name":"wp","href":"https:\/\/api.w.org\/{rel}","templated":true}]}}