{"id":401,"date":"2025-10-23T16:28:05","date_gmt":"2025-10-23T16:28:05","guid":{"rendered":"https:\/\/productoshubin.com\/?post_type=product&#038;p=401"},"modified":"2026-04-13T14:39:53","modified_gmt":"2026-04-13T20:39:53","slug":"gommy-rellenitax-3d-panda","status":"publish","type":"product","link":"https:\/\/productoshubin.com\/es\/producto\/gommy-rellenitax-3d-panda\/","title":{"rendered":"GOMMY RELLENITAX 3D PANDA"},"content":{"rendered":"<h2 data-start=\"0\" data-end=\"34\"><strong data-start=\"0\" data-end=\"34\">GOMMY RELLENITAX 3D PANDA \ud83d\udc3c\ud83c\udf6c<\/strong><\/h2>\n<p data-start=\"36\" data-end=\"394\">\u00a1Un dulce tan adorable como delicioso! <strong data-start=\"75\" data-end=\"104\">Gommy Rellenitax 3D Panda<\/strong> son suaves <strong data-start=\"116\" data-end=\"147\">gomitas con relleno l\u00edquido<\/strong> con irresistibles <strong data-start=\"166\" data-end=\"218\">sabores frutales de fresa, sand\u00eda, durazno y uva<\/strong>. Su tierna <strong data-start=\"230\" data-end=\"248\">forma de panda<\/strong> y su centro lleno de sabor hacen que cada mordida sea una experiencia divertida y deliciosa. \u00a1Perfectas para disfrutar, compartir o vender! \ud83d\ude0b\u2728<\/p>\n<h2 style=\"text-align: left;\" data-start=\"52\" data-end=\"299\">\ud83d\udccd Caracter\u00edsticas:<\/h2>\n<ul>\n<li style=\"text-align: left;\"><strong>Envase<\/strong>: Vitrolero\/Bote<\/li>\n<li style=\"text-align: left;\"><strong>Dise\u00f1o<\/strong>: Panda<\/li>\n<li style=\"text-align: left;\"><strong>Familia<\/strong>: Gommy Rellenitax 3D<\/li>\n<li style=\"text-align: left;\"><strong>Contenido neto<\/strong>: 300g.<\/li>\n<li style=\"text-align: left;\"><strong>Piezas<\/strong>: 30 gomitas.<\/li>\n<li style=\"text-align: left;\"><strong>Peso por pieza<\/strong>: 10g.<\/li>\n<li style=\"text-align: left;\"><strong>Sabores<\/strong>: Fresa, sand\u00eda, durazno y uva.<\/li>\n<\/ul>\n<p><em>Agrega al carrito de compra sorpr\u00e9ndete con sus dise\u00f1os y disfruta de su incre\u00edble sabor. \ud83d\udecd\ufe0f<\/em><\/p>\n","protected":false},"excerpt":{"rendered":"<p>GOMITA CON RELLENO\u00a0 L\u00cdQUIDO SABOR FRESA, SANDIA, DURAZNO Y UVA<\/p>\n","protected":false},"featured_media":469,"template":"","meta":{"inline_featured_image":false},"product_brand":[],"product_cat":[49],"product_tag":[],"class_list":{"0":"post-401","1":"product","2":"type-product","3":"status-publish","4":"has-post-thumbnail","6":"product_cat-gomitas","8":"first","9":"outofstock","10":"taxable","11":"shipping-taxable","12":"purchasable","13":"product-type-simple"},"_links":{"self":[{"href":"https:\/\/productoshubin.com\/es\/wp-json\/wp\/v2\/product\/401","targetHints":{"allow":["GET"]}}],"collection":[{"href":"https:\/\/productoshubin.com\/es\/wp-json\/wp\/v2\/product"}],"about":[{"href":"https:\/\/productoshubin.com\/es\/wp-json\/wp\/v2\/types\/product"}],"wp:featuredmedia":[{"embeddable":true,"href":"https:\/\/productoshubin.com\/es\/wp-json\/wp\/v2\/media\/469"}],"wp:attachment":[{"href":"https:\/\/productoshubin.com\/es\/wp-json\/wp\/v2\/media?parent=401"}],"wp:term":[{"taxonomy":"product_brand","embeddable":true,"href":"https:\/\/productoshubin.com\/es\/wp-json\/wp\/v2\/product_brand?post=401"},{"taxonomy":"product_cat","embeddable":true,"href":"https:\/\/productoshubin.com\/es\/wp-json\/wp\/v2\/product_cat?post=401"},{"taxonomy":"product_tag","embeddable":true,"href":"https:\/\/productoshubin.com\/es\/wp-json\/wp\/v2\/product_tag?post=401"}],"curies":[{"name":"wp","href":"https:\/\/api.w.org\/{rel}","templated":true}]}}