{"id":399,"date":"2025-10-23T16:28:05","date_gmt":"2025-10-23T16:28:05","guid":{"rendered":"https:\/\/productoshubin.com\/?post_type=product&#038;p=399"},"modified":"2026-04-06T14:40:41","modified_gmt":"2026-04-06T20:40:41","slug":"gommy-rellenitax-3d-patitos","status":"publish","type":"product","link":"https:\/\/productoshubin.com\/es\/producto\/gommy-rellenitax-3d-patitos\/","title":{"rendered":"GOMMY RELLENITAX 3D PATITOS"},"content":{"rendered":"<div class=\"flex flex-col text-sm pb-25\">\n<article class=\"text-token-text-primary w-full focus:outline-none [--shadow-height:45px] has-data-writing-block:pointer-events-none has-data-writing-block:-mt-(--shadow-height) has-data-writing-block:pt-(--shadow-height) [&amp;:has([data-writing-block])&gt;*]:pointer-events-auto scroll-mt-[calc(var(--header-height)+min(200px,max(70px,20svh)))]\" dir=\"auto\" tabindex=\"-1\" data-turn-id=\"request-69a8ae3a-11b8-83e8-a810-80a02931ddc2-12\" data-testid=\"conversation-turn-198\" data-scroll-anchor=\"true\" data-turn=\"assistant\">\n<div class=\"text-base my-auto mx-auto pb-10 [--thread-content-margin:var(--thread-content-margin-xs,calc(var(--spacing)*4))] @w-sm\/main:[--thread-content-margin:var(--thread-content-margin-sm,calc(var(--spacing)*6))] @w-lg\/main:[--thread-content-margin:var(--thread-content-margin-lg,calc(var(--spacing)*16))] px-(--thread-content-margin)\">\n<div class=\"[--thread-content-max-width:40rem] @w-lg\/main:[--thread-content-max-width:48rem] mx-auto max-w-(--thread-content-max-width) flex-1 group\/turn-messages focus-visible:outline-hidden relative flex w-full min-w-0 flex-col agent-turn\" tabindex=\"-1\">\n<div class=\"flex max-w-full flex-col gap-4 grow\">\n<div class=\"min-h-8 text-message relative flex w-full flex-col items-end gap-2 text-start break-words whitespace-normal [.text-message+&amp;]:mt-1\" dir=\"auto\" data-message-author-role=\"assistant\" data-message-id=\"974e0855-0724-40bb-a3c7-83fe2ca5be19\" data-message-model-slug=\"gpt-5-3\">\n<div class=\"flex w-full flex-col gap-1 empty:hidden\">\n<div class=\"markdown prose dark:prose-invert w-full wrap-break-word light markdown-new-styling\">\n<h2 data-start=\"0\" data-end=\"36\"><strong data-start=\"0\" data-end=\"36\">GOMMY RELLENITAX 3D PATITOS \ud83e\udd86\ud83c\udf6c<\/strong><\/h2>\n<p data-start=\"38\" data-end=\"419\">\u00a1Tiernos patitos llenos de sabor! <strong data-start=\"72\" data-end=\"103\">Gommy Rellenitax 3D Patitos<\/strong> son deliciosas <strong data-start=\"119\" data-end=\"150\">gomitas con relleno l\u00edquido<\/strong> y <strong data-start=\"153\" data-end=\"205\">sabores frutales de fresa, sand\u00eda, durazno y uva<\/strong> que sorprenden en cada mordida. Su divertida <strong data-start=\"251\" data-end=\"270\">forma de patito<\/strong> y su centro lleno de dulzura las convierten en una golosina irresistible para chicos y grandes. \u00a1Perfectas para disfrutar, compartir o vender! \ud83d\ude0b\u2728<\/p>\n<h2 style=\"text-align: left;\" data-start=\"52\" data-end=\"299\">\ud83d\udccd Caracter\u00edsticas:<\/h2>\n<ul>\n<li style=\"text-align: left;\"><strong>Envase<\/strong>: Vitrolero\/Bote<\/li>\n<li style=\"text-align: left;\"><strong>Dise\u00f1o<\/strong>: Patitos<\/li>\n<li style=\"text-align: left;\"><strong>Familia<\/strong>: Gommy Rellenitax 3D<\/li>\n<li style=\"text-align: left;\"><strong>Contenido neto<\/strong>: 300g.<\/li>\n<li style=\"text-align: left;\"><strong>Piezas<\/strong>: 30 gomitas.<\/li>\n<li style=\"text-align: left;\"><strong>Peso por pieza<\/strong>: 10g.<\/li>\n<li style=\"text-align: left;\"><strong>Sabores<\/strong>: Fresa, sand\u00eda, durazno y uva.<\/li>\n<\/ul>\n<p><em>Agrega al carrito de compra sorpr\u00e9ndete con sus dise\u00f1os y disfruta de su incre\u00edble sabor. \ud83d\udecd\ufe0f<\/em><\/p>\n<\/div>\n<\/div>\n<\/div>\n<\/div>\n<\/div>\n<\/div>\n<\/article>\n<\/div>\n","protected":false},"excerpt":{"rendered":"<p>GOMITA CON RELLENO\u00a0 L\u00cdQUIDO SABOR FRESA, SANDIA, DURAZNO Y UVA<\/p>\n","protected":false},"featured_media":467,"template":"","meta":{"inline_featured_image":false},"product_brand":[],"product_cat":[49],"product_tag":[],"class_list":{"0":"post-399","1":"product","2":"type-product","3":"status-publish","4":"has-post-thumbnail","6":"product_cat-gomitas","8":"first","9":"instock","10":"taxable","11":"shipping-taxable","12":"purchasable","13":"product-type-simple"},"_links":{"self":[{"href":"https:\/\/productoshubin.com\/es\/wp-json\/wp\/v2\/product\/399","targetHints":{"allow":["GET"]}}],"collection":[{"href":"https:\/\/productoshubin.com\/es\/wp-json\/wp\/v2\/product"}],"about":[{"href":"https:\/\/productoshubin.com\/es\/wp-json\/wp\/v2\/types\/product"}],"wp:featuredmedia":[{"embeddable":true,"href":"https:\/\/productoshubin.com\/es\/wp-json\/wp\/v2\/media\/467"}],"wp:attachment":[{"href":"https:\/\/productoshubin.com\/es\/wp-json\/wp\/v2\/media?parent=399"}],"wp:term":[{"taxonomy":"product_brand","embeddable":true,"href":"https:\/\/productoshubin.com\/es\/wp-json\/wp\/v2\/product_brand?post=399"},{"taxonomy":"product_cat","embeddable":true,"href":"https:\/\/productoshubin.com\/es\/wp-json\/wp\/v2\/product_cat?post=399"},{"taxonomy":"product_tag","embeddable":true,"href":"https:\/\/productoshubin.com\/es\/wp-json\/wp\/v2\/product_tag?post=399"}],"curies":[{"name":"wp","href":"https:\/\/api.w.org\/{rel}","templated":true}]}}