{"id":397,"date":"2025-10-23T16:28:05","date_gmt":"2025-10-23T16:28:05","guid":{"rendered":"https:\/\/productoshubin.com\/?post_type=product&#038;p=397"},"modified":"2026-04-06T14:40:39","modified_gmt":"2026-04-06T20:40:39","slug":"gommy-rellenitax-3d-catarina","status":"publish","type":"product","link":"https:\/\/productoshubin.com\/es\/producto\/gommy-rellenitax-3d-catarina\/","title":{"rendered":"GOMMY RELLENITAX 3D CATARINA"},"content":{"rendered":"<h2 data-start=\"0\" data-end=\"67\"><strong data-start=\"0\" data-end=\"67\">Gommy Rellenitax 3D Catarina \ud83d\udc1e\ud83c\udf6c \u2013 Gomitas con Relleno L\u00edquido<\/strong><\/h2>\n<p data-start=\"69\" data-end=\"345\">Disfruta un dulce lleno de <strong data-start=\"96\" data-end=\"117\">sabor y diversi\u00f3n<\/strong> con <strong data-start=\"122\" data-end=\"154\">Gommy Rellenitax 3D Catarina<\/strong>. Estas deliciosas <strong data-start=\"173\" data-end=\"204\">gomitas con relleno l\u00edquido<\/strong> ofrecen <strong data-start=\"213\" data-end=\"265\">sabores frutales de fresa, sand\u00eda, durazno y uva<\/strong>, con una <strong data-start=\"275\" data-end=\"312\">divertida forma de catarina en 3D<\/strong> que las hace a\u00fan m\u00e1s llamativas.<\/p>\n<p data-start=\"347\" data-end=\"547\">Su <strong data-start=\"350\" data-end=\"408\">suave textura por fuera y su centro l\u00edquido por dentro<\/strong> crean una experiencia irresistible en cada mordida. Perfectas para <strong data-start=\"476\" data-end=\"546\">fiestas, mesas de dulces o para disfrutar un antojo lleno de sabor<\/strong>.<\/p>\n<h2 style=\"text-align: left;\" data-start=\"52\" data-end=\"299\">\ud83d\udccd Caracter\u00edsticas:<\/h2>\n<ul>\n<li style=\"text-align: left;\"><strong>Envase<\/strong>: Vitrolero\/Bote<\/li>\n<li style=\"text-align: left;\"><strong>Dise\u00f1o<\/strong>: Catarina<\/li>\n<li style=\"text-align: left;\"><strong>Familia<\/strong>: Gommy Rellenitax 3D<\/li>\n<li style=\"text-align: left;\"><strong>Contenido neto<\/strong>: 300g.<\/li>\n<li style=\"text-align: left;\"><strong>Piezas<\/strong>: 30 gomitas.<\/li>\n<li style=\"text-align: left;\"><strong>Peso por pieza<\/strong>: 10g.<\/li>\n<li style=\"text-align: left;\"><strong>Sabores<\/strong>: Fresa, sand\u00eda, durazno y uva.<\/li>\n<\/ul>\n<p><em><br \/>\nAgrega al carrito de compra sorpr\u00e9ndete con sus dise\u00f1os y disfruta de su incre\u00edble sabor. \ud83d\udecd\ufe0f<\/em><\/p>\n","protected":false},"excerpt":{"rendered":"<p>GOMITA CON RELLENO\u00a0 L\u00cdQUIDO SABOR FRESA, SANDIA, DURAZNO Y UVA<\/p>\n","protected":false},"featured_media":465,"template":"","meta":{"inline_featured_image":false},"product_brand":[],"product_cat":[49],"product_tag":[],"class_list":{"0":"post-397","1":"product","2":"type-product","3":"status-publish","4":"has-post-thumbnail","6":"product_cat-gomitas","8":"first","9":"instock","10":"taxable","11":"shipping-taxable","12":"purchasable","13":"product-type-simple"},"_links":{"self":[{"href":"https:\/\/productoshubin.com\/es\/wp-json\/wp\/v2\/product\/397","targetHints":{"allow":["GET"]}}],"collection":[{"href":"https:\/\/productoshubin.com\/es\/wp-json\/wp\/v2\/product"}],"about":[{"href":"https:\/\/productoshubin.com\/es\/wp-json\/wp\/v2\/types\/product"}],"wp:featuredmedia":[{"embeddable":true,"href":"https:\/\/productoshubin.com\/es\/wp-json\/wp\/v2\/media\/465"}],"wp:attachment":[{"href":"https:\/\/productoshubin.com\/es\/wp-json\/wp\/v2\/media?parent=397"}],"wp:term":[{"taxonomy":"product_brand","embeddable":true,"href":"https:\/\/productoshubin.com\/es\/wp-json\/wp\/v2\/product_brand?post=397"},{"taxonomy":"product_cat","embeddable":true,"href":"https:\/\/productoshubin.com\/es\/wp-json\/wp\/v2\/product_cat?post=397"},{"taxonomy":"product_tag","embeddable":true,"href":"https:\/\/productoshubin.com\/es\/wp-json\/wp\/v2\/product_tag?post=397"}],"curies":[{"name":"wp","href":"https:\/\/api.w.org\/{rel}","templated":true}]}}