{"id":391,"date":"2025-10-23T10:28:05","date_gmt":"2025-10-23T16:28:05","guid":{"rendered":"https:\/\/productoshubin.com\/?post_type=product&#038;p=391"},"modified":"2026-04-22T13:08:02","modified_gmt":"2026-04-22T19:08:02","slug":"jelly-corazon","status":"publish","type":"product","link":"https:\/\/productoshubin.com\/es\/producto\/jelly-corazon\/","title":{"rendered":"JELLY CORAZON"},"content":{"rendered":"<h2 data-start=\"0\" data-end=\"54\"><strong data-start=\"0\" data-end=\"54\">Jelly Coraz\u00f3n \u2764\ufe0f\ud83c\udf6c \u2013 Golosina con Polvito Tronador<\/strong><\/h2>\n<p data-start=\"56\" data-end=\"255\">Disfruta un dulce lleno de <strong data-start=\"83\" data-end=\"104\">sabor y diversi\u00f3n<\/strong> con <strong data-start=\"109\" data-end=\"126\">Jelly Coraz\u00f3n<\/strong>. Esta deliciosa <strong data-start=\"143\" data-end=\"167\">golosina sabor fresa<\/strong> incluye <strong data-start=\"176\" data-end=\"196\">polvito tronador<\/strong>, creando una experiencia \u00fanica y explosiva en cada bocado.<\/p>\n<p data-start=\"257\" data-end=\"396\">Su <strong data-start=\"260\" data-end=\"287\">tierna forma de coraz\u00f3n<\/strong> la hace perfecta para <strong data-start=\"310\" data-end=\"395\">regalos, fiestas, mesas de dulces o para sorprender en cualquier ocasi\u00f3n especial<\/strong>.<\/p>\n<h2 style=\"text-align: left;\" data-start=\"52\" data-end=\"299\">\ud83d\udccd Caracter\u00edsticas:<\/h2>\n<ul>\n<li style=\"text-align: left;\"><strong>Envase<\/strong>: Display<\/li>\n<li style=\"text-align: left;\"><strong>Dise\u00f1o<\/strong>: Coraz\u00f3n<\/li>\n<li style=\"text-align: left;\"><strong>Familia<\/strong>: Jelly<\/li>\n<li style=\"text-align: left;\"><strong>Contenido neto<\/strong>: 264g.<\/li>\n<li style=\"text-align: left;\"><strong>Piezas<\/strong>: 12 gelatinas<\/li>\n<li style=\"text-align: left;\"><strong>Peso por pieza<\/strong>: 22g.<\/li>\n<li style=\"text-align: left;\"><strong>Sabores<\/strong>: Fresa<\/li>\n<\/ul>\n<p><em>Agrega al carrito de compra sorpr\u00e9ndete con sus dise\u00f1os y disfruta de su incre\u00edble sabor. \ud83d\udecd\ufe0f<\/em><\/p>\n","protected":false},"excerpt":{"rendered":"<p>GOLOSINA SABOR FRESA CON POLVITO TRONADOR<\/p>\n","protected":false},"featured_media":451,"template":"","meta":{"inline_featured_image":false},"product_brand":[],"product_cat":[55],"product_tag":[],"class_list":{"0":"post-391","1":"product","2":"type-product","3":"status-publish","4":"has-post-thumbnail","6":"product_cat-jellys","8":"first","9":"instock","10":"taxable","11":"shipping-taxable","12":"purchasable","13":"product-type-simple"},"_links":{"self":[{"href":"https:\/\/productoshubin.com\/es\/wp-json\/wp\/v2\/product\/391","targetHints":{"allow":["GET"]}}],"collection":[{"href":"https:\/\/productoshubin.com\/es\/wp-json\/wp\/v2\/product"}],"about":[{"href":"https:\/\/productoshubin.com\/es\/wp-json\/wp\/v2\/types\/product"}],"wp:featuredmedia":[{"embeddable":true,"href":"https:\/\/productoshubin.com\/es\/wp-json\/wp\/v2\/media\/451"}],"wp:attachment":[{"href":"https:\/\/productoshubin.com\/es\/wp-json\/wp\/v2\/media?parent=391"}],"wp:term":[{"taxonomy":"product_brand","embeddable":true,"href":"https:\/\/productoshubin.com\/es\/wp-json\/wp\/v2\/product_brand?post=391"},{"taxonomy":"product_cat","embeddable":true,"href":"https:\/\/productoshubin.com\/es\/wp-json\/wp\/v2\/product_cat?post=391"},{"taxonomy":"product_tag","embeddable":true,"href":"https:\/\/productoshubin.com\/es\/wp-json\/wp\/v2\/product_tag?post=391"}],"curies":[{"name":"wp","href":"https:\/\/api.w.org\/{rel}","templated":true}]}}