{"id":389,"date":"2025-10-23T10:28:04","date_gmt":"2025-10-23T16:28:04","guid":{"rendered":"https:\/\/productoshubin.com\/?post_type=product&#038;p=389"},"modified":"2026-04-18T00:48:24","modified_gmt":"2026-04-18T06:48:24","slug":"mini-jelly-huevito-hubin-2","status":"publish","type":"product","link":"https:\/\/productoshubin.com\/es\/producto\/mini-jelly-huevito-hubin-2\/","title":{"rendered":"MINI JELLY HUEVITO HUBIN"},"content":{"rendered":"<h2 data-start=\"0\" data-end=\"33\"><strong data-start=\"0\" data-end=\"33\">MINI JELLY HUEVITO HUBIN \ud83e\udd5a\ud83c\udf51\u2728<\/strong><\/h2>\n<p data-start=\"35\" data-end=\"389\">\u00a1Una golosina que sorprende desde el primer bocado! <strong data-start=\"87\" data-end=\"114\">Mini Jelly Huevito Hubin<\/strong> es una deliciosa <strong data-start=\"132\" data-end=\"158\">gelatina sabor durazno<\/strong> acompa\u00f1ada de <strong data-start=\"173\" data-end=\"193\">polvito tronador<\/strong>, creando una experiencia divertida y llena de sabor. Su presentaci\u00f3n en forma de huevito la hace a\u00fan m\u00e1s atractiva para chicos y grandes. \u00a1Un dulce que combina sabor y diversi\u00f3n en cada pieza! \ud83d\ude0b<\/p>\n<h2 style=\"text-align: left;\" data-start=\"52\" data-end=\"299\">\ud83d\udccd Caracter\u00edsticas:<\/h2>\n<ul>\n<li style=\"text-align: left;\"><strong>Envase<\/strong>: Display<\/li>\n<li style=\"text-align: left;\"><strong>Dise\u00f1o<\/strong>: Huevito<\/li>\n<li style=\"text-align: left;\"><strong>Familia<\/strong>: Jelly<\/li>\n<li style=\"text-align: left;\"><strong>Contenido neto<\/strong>: 360g.<\/li>\n<li style=\"text-align: left;\"><strong>Piezas<\/strong>: 24 gelatinas<\/li>\n<li style=\"text-align: left;\"><strong>Peso por pieza<\/strong>: 15g.<\/li>\n<li style=\"text-align: left;\"><strong>Sabores<\/strong>: Durazno<\/li>\n<\/ul>\n<p><em>Agrega al carrito de compra sorpr\u00e9ndete con sus dise\u00f1os y disfruta de su incre\u00edble sabor. \ud83d\udecd\ufe0f<\/em><\/p>\n","protected":false},"excerpt":{"rendered":"<p>GOLOSINA SABOR DURAZNO\u00a0 CON POLVITO TRONADOR<\/p>\n<ul>\n<li>Display con 24 piezas de 15 g.<\/li>\n<li>Caja con 12 display.<\/li>\n<\/ul>\n","protected":false},"featured_media":448,"template":"","meta":{"inline_featured_image":false},"product_brand":[],"product_cat":[55],"product_tag":[],"class_list":{"0":"post-389","1":"product","2":"type-product","3":"status-publish","4":"has-post-thumbnail","6":"product_cat-jellys","8":"first","9":"outofstock","10":"featured","11":"taxable","12":"shipping-taxable","13":"purchasable","14":"product-type-simple"},"_links":{"self":[{"href":"https:\/\/productoshubin.com\/es\/wp-json\/wp\/v2\/product\/389","targetHints":{"allow":["GET"]}}],"collection":[{"href":"https:\/\/productoshubin.com\/es\/wp-json\/wp\/v2\/product"}],"about":[{"href":"https:\/\/productoshubin.com\/es\/wp-json\/wp\/v2\/types\/product"}],"wp:featuredmedia":[{"embeddable":true,"href":"https:\/\/productoshubin.com\/es\/wp-json\/wp\/v2\/media\/448"}],"wp:attachment":[{"href":"https:\/\/productoshubin.com\/es\/wp-json\/wp\/v2\/media?parent=389"}],"wp:term":[{"taxonomy":"product_brand","embeddable":true,"href":"https:\/\/productoshubin.com\/es\/wp-json\/wp\/v2\/product_brand?post=389"},{"taxonomy":"product_cat","embeddable":true,"href":"https:\/\/productoshubin.com\/es\/wp-json\/wp\/v2\/product_cat?post=389"},{"taxonomy":"product_tag","embeddable":true,"href":"https:\/\/productoshubin.com\/es\/wp-json\/wp\/v2\/product_tag?post=389"}],"curies":[{"name":"wp","href":"https:\/\/api.w.org\/{rel}","templated":true}]}}