{"id":368,"date":"2025-10-23T10:27:42","date_gmt":"2025-10-23T16:27:42","guid":{"rendered":"https:\/\/productoshubin.com\/?post_type=product&#038;p=368"},"modified":"2026-04-06T15:53:08","modified_gmt":"2026-04-06T21:53:08","slug":"pekas-hubin","status":"publish","type":"product","link":"https:\/\/productoshubin.com\/es\/producto\/pekas-hubin\/","title":{"rendered":"Pekas Hubin"},"content":{"rendered":"<h3 data-start=\"0\" data-end=\"19\"><strong data-start=\"0\" data-end=\"19\">PEKAS HUBIN \ud83c\udf6c\u2728<\/strong><\/h3>\n<p data-start=\"21\" data-end=\"358\">\u00a1Peque\u00f1os pero llenos de sabor! <strong data-start=\"53\" data-end=\"68\">Pekas Hubin<\/strong> son deliciosos <strong data-start=\"84\" data-end=\"126\">chochitos acidulados de varios sabores<\/strong> que ofrecen una explosi\u00f3n de dulzura con un toque acidito en cada pieza. Perfectos para disfrutar en cualquier momento, compartir o vender gracias a su pr\u00e1ctica presentaci\u00f3n. \u00a1Un dulce divertido que encanta a chicos y grandes! \ud83d\ude0b<\/p>\n<h2 style=\"text-align: left\" data-start=\"52\" data-end=\"299\">\ud83d\udccd Caracter\u00edsticas:<\/h2>\n<ul>\n<li style=\"text-align: left\"><strong>Envase<\/strong>: Display<\/li>\n<li style=\"text-align: left\"><strong>Dise\u00f1o<\/strong>: Pekas<\/li>\n<li style=\"text-align: left\"><strong>Familia<\/strong>: Pekas<\/li>\n<li style=\"text-align: left\"><strong>Contenido neto<\/strong>: 690g.<\/li>\n<li style=\"text-align: left\"><strong>Piezas<\/strong>: 60 tubitos.<\/li>\n<li style=\"text-align: left\"><strong>Peso por pieza<\/strong>: 11.5g.<\/li>\n<li style=\"text-align: left\"><strong>Sabores<\/strong>: Frutales<\/li>\n<\/ul>\n<p><em><br \/>\nAgrega al carrito de compra sorpr\u00e9ndete con sus dise\u00f1os y disfruta de su incre\u00edble sabor. \ud83d\udecd\ufe0f<\/em><\/p>\n","protected":false},"excerpt":{"rendered":"<p>CHOCHITOS ACIDULADOS VARIOS SABORES<\/p>\n","protected":false},"featured_media":262730,"template":"","meta":{"inline_featured_image":false},"product_brand":[],"product_cat":[65],"product_tag":[],"class_list":{"0":"post-368","1":"product","2":"type-product","3":"status-publish","4":"has-post-thumbnail","6":"product_cat-grageas","8":"first","9":"instock","10":"shipping-taxable","11":"purchasable","12":"product-type-simple"},"_links":{"self":[{"href":"https:\/\/productoshubin.com\/es\/wp-json\/wp\/v2\/product\/368","targetHints":{"allow":["GET"]}}],"collection":[{"href":"https:\/\/productoshubin.com\/es\/wp-json\/wp\/v2\/product"}],"about":[{"href":"https:\/\/productoshubin.com\/es\/wp-json\/wp\/v2\/types\/product"}],"wp:featuredmedia":[{"embeddable":true,"href":"https:\/\/productoshubin.com\/es\/wp-json\/wp\/v2\/media\/262730"}],"wp:attachment":[{"href":"https:\/\/productoshubin.com\/es\/wp-json\/wp\/v2\/media?parent=368"}],"wp:term":[{"taxonomy":"product_brand","embeddable":true,"href":"https:\/\/productoshubin.com\/es\/wp-json\/wp\/v2\/product_brand?post=368"},{"taxonomy":"product_cat","embeddable":true,"href":"https:\/\/productoshubin.com\/es\/wp-json\/wp\/v2\/product_cat?post=368"},{"taxonomy":"product_tag","embeddable":true,"href":"https:\/\/productoshubin.com\/es\/wp-json\/wp\/v2\/product_tag?post=368"}],"curies":[{"name":"wp","href":"https:\/\/api.w.org\/{rel}","templated":true}]}}