{"id":349,"date":"2025-10-23T10:27:20","date_gmt":"2025-10-23T16:27:20","guid":{"rendered":"https:\/\/productoshubin.com\/?post_type=product&#038;p=349"},"modified":"2026-04-07T08:02:50","modified_gmt":"2026-04-07T14:02:50","slug":"gummy-sushito","status":"publish","type":"product","link":"https:\/\/productoshubin.com\/es\/producto\/gummy-sushito\/","title":{"rendered":"GUMMY SUSHITO"},"content":{"rendered":"<h2 data-start=\"0\" data-end=\"22\"><strong data-start=\"0\" data-end=\"22\">GUMMY SUSHITO \ud83c\udf63\ud83c\udf6c<\/strong><\/h2>\n<p data-start=\"24\" data-end=\"346\">\u00a1Un dulce tan original como delicioso! <strong data-start=\"63\" data-end=\"80\">Gummy Sushito<\/strong> combina <strong data-start=\"89\" data-end=\"122\">gomita con suaves malvaviscos<\/strong> para crear una divertida <strong data-start=\"148\" data-end=\"166\">forma de sushi<\/strong> llena de sabor. Su mezcla de texturas y su presentaci\u00f3n \u00fanica lo convierten en un dulce irresistible para chicos y grandes. \u00a1Perfecto para disfrutar, compartir o sorprender! \ud83d\ude0b\u2728<\/p>\n<h2 style=\"text-align: left;\" data-start=\"52\" data-end=\"299\">\ud83d\udccd Caracter\u00edsticas:<\/h2>\n<ul>\n<li style=\"text-align: left;\"><strong>Envase<\/strong>: Display<\/li>\n<li style=\"text-align: left;\"><strong>Dise\u00f1o<\/strong>: Frutas<\/li>\n<li style=\"text-align: left;\"><strong>Familia<\/strong>: Gummy Sushito<\/li>\n<li style=\"text-align: left;\"><strong>Contenido neto<\/strong>: 300g.<\/li>\n<li style=\"text-align: left;\"><strong>Piezas<\/strong>: 20 gomitas<\/li>\n<li style=\"text-align: left;\"><strong>Peso por pieza<\/strong>: 15g.<\/li>\n<li style=\"text-align: left;\"><strong>Sabores<\/strong>: Frutales<\/li>\n<\/ul>\n<p><em>Agrega al carrito de compra sorpr\u00e9ndete con sus dise\u00f1os y disfruta de su incre\u00edble sabor. \ud83d\udecd\ufe0f<\/em><\/p>\n","protected":false},"excerpt":{"rendered":"<p>GOMITA DE SUSHI CON MALVAVISCOS<\/p>\n","protected":false},"featured_media":424,"template":"","meta":{"inline_featured_image":false},"product_brand":[],"product_cat":[49],"product_tag":[],"class_list":{"0":"post-349","1":"product","2":"type-product","3":"status-publish","4":"has-post-thumbnail","6":"product_cat-gomitas","8":"first","9":"instock","10":"taxable","11":"shipping-taxable","12":"purchasable","13":"product-type-simple"},"_links":{"self":[{"href":"https:\/\/productoshubin.com\/es\/wp-json\/wp\/v2\/product\/349","targetHints":{"allow":["GET"]}}],"collection":[{"href":"https:\/\/productoshubin.com\/es\/wp-json\/wp\/v2\/product"}],"about":[{"href":"https:\/\/productoshubin.com\/es\/wp-json\/wp\/v2\/types\/product"}],"wp:featuredmedia":[{"embeddable":true,"href":"https:\/\/productoshubin.com\/es\/wp-json\/wp\/v2\/media\/424"}],"wp:attachment":[{"href":"https:\/\/productoshubin.com\/es\/wp-json\/wp\/v2\/media?parent=349"}],"wp:term":[{"taxonomy":"product_brand","embeddable":true,"href":"https:\/\/productoshubin.com\/es\/wp-json\/wp\/v2\/product_brand?post=349"},{"taxonomy":"product_cat","embeddable":true,"href":"https:\/\/productoshubin.com\/es\/wp-json\/wp\/v2\/product_cat?post=349"},{"taxonomy":"product_tag","embeddable":true,"href":"https:\/\/productoshubin.com\/es\/wp-json\/wp\/v2\/product_tag?post=349"}],"curies":[{"name":"wp","href":"https:\/\/api.w.org\/{rel}","templated":true}]}}