{"id":347,"date":"2025-10-23T10:27:20","date_gmt":"2025-10-23T16:27:20","guid":{"rendered":"https:\/\/productoshubin.com\/?post_type=product&#038;p=347"},"modified":"2026-04-01T18:24:01","modified_gmt":"2026-04-02T00:24:01","slug":"algodon-bomba","status":"publish","type":"product","link":"https:\/\/productoshubin.com\/es\/producto\/algodon-bomba\/","title":{"rendered":"ALGOD\u00d3N BOMBA"},"content":{"rendered":"<h2 data-start=\"0\" data-end=\"22\"><strong data-start=\"0\" data-end=\"22\">ALGOD\u00d3N BOMBA \u2601\ufe0f\ud83c\udf6c<\/strong><\/h2>\n<p data-start=\"24\" data-end=\"325\">\u00a1Suave, dulce y lleno de diversi\u00f3n! <strong data-start=\"60\" data-end=\"77\">Algod\u00f3n Bomba<\/strong> es un delicioso <strong data-start=\"94\" data-end=\"115\">algod\u00f3n de az\u00facar<\/strong> que encanta con su textura ligera y su dulce sabor. Perfecto para disfrutar en cualquier momento, compartir o vender gracias a su pr\u00e1ctica presentaci\u00f3n. \u00a1Un cl\u00e1sico que siempre alegra a chicos y grandes! \ud83d\ude0b\u2728<\/p>\n<h2 style=\"text-align: left;\" data-start=\"52\" data-end=\"299\">\ud83d\udccd Caracter\u00edsticas:<\/h2>\n<ul>\n<li style=\"text-align: left;\"><strong>Envase<\/strong>: Display<\/li>\n<li style=\"text-align: left;\"><strong>Dise\u00f1o<\/strong>: Algod\u00f3n<\/li>\n<li style=\"text-align: left;\"><strong>Familia<\/strong>: Algod\u00f3n Bomba<\/li>\n<li style=\"text-align: left;\"><strong>Contenido neto<\/strong>: 120g.<\/li>\n<li style=\"text-align: left;\"><strong>Piezas<\/strong>: 24 sobres<\/li>\n<li style=\"text-align: left;\"><strong>Peso por pieza<\/strong>: 5g.<\/li>\n<li style=\"text-align: left;\"><strong>Sabores<\/strong>: Frutales<\/li>\n<\/ul>\n<p><em>Agrega al carrito de compra sorpr\u00e9ndete con sus dise\u00f1os y disfruta de su incre\u00edble sabor. \ud83d\udecd\ufe0f<\/em><\/p>\n","protected":false},"excerpt":{"rendered":"<p>ALGOD\u00d3N BOMBA \u2601\ufe0f\ud83c\udf6c \u00a1Suave, dulce y lleno de diversi\u00f3n! Algod\u00f3n Bomba es un delicioso algod\u00f3n de az\u00facar que encanta con su textura ligera y su dulce sabor. Perfecto para disfrutar en cualquier momento, compartir o vender gracias a su pr\u00e1ctica presentaci\u00f3n. \u00a1Un cl\u00e1sico que siempre alegra a chicos y grandes! \ud83d\ude0b\u2728 \ud83d\udccd Caracter\u00edsticas: Envase: Display [&hellip;]<\/p>\n","protected":false},"featured_media":410,"template":"","meta":{"inline_featured_image":false},"product_brand":[],"product_cat":[57],"product_tag":[],"class_list":{"0":"post-347","1":"product","2":"type-product","3":"status-publish","4":"has-post-thumbnail","6":"product_cat-juguetes","8":"first","9":"instock","10":"taxable","11":"shipping-taxable","12":"purchasable","13":"product-type-simple"},"_links":{"self":[{"href":"https:\/\/productoshubin.com\/es\/wp-json\/wp\/v2\/product\/347","targetHints":{"allow":["GET"]}}],"collection":[{"href":"https:\/\/productoshubin.com\/es\/wp-json\/wp\/v2\/product"}],"about":[{"href":"https:\/\/productoshubin.com\/es\/wp-json\/wp\/v2\/types\/product"}],"wp:featuredmedia":[{"embeddable":true,"href":"https:\/\/productoshubin.com\/es\/wp-json\/wp\/v2\/media\/410"}],"wp:attachment":[{"href":"https:\/\/productoshubin.com\/es\/wp-json\/wp\/v2\/media?parent=347"}],"wp:term":[{"taxonomy":"product_brand","embeddable":true,"href":"https:\/\/productoshubin.com\/es\/wp-json\/wp\/v2\/product_brand?post=347"},{"taxonomy":"product_cat","embeddable":true,"href":"https:\/\/productoshubin.com\/es\/wp-json\/wp\/v2\/product_cat?post=347"},{"taxonomy":"product_tag","embeddable":true,"href":"https:\/\/productoshubin.com\/es\/wp-json\/wp\/v2\/product_tag?post=347"}],"curies":[{"name":"wp","href":"https:\/\/api.w.org\/{rel}","templated":true}]}}