{"id":263184,"date":"2026-04-06T10:57:47","date_gmt":"2026-04-06T16:57:47","guid":{"rendered":"https:\/\/productoshubin.com\/es\/?post_type=product&#038;p=263184"},"modified":"2026-04-16T10:19:51","modified_gmt":"2026-04-16T16:19:51","slug":"gummy-rellenitax-3d-planetas","status":"publish","type":"product","link":"https:\/\/productoshubin.com\/es\/producto\/gummy-rellenitax-3d-planetas\/","title":{"rendered":"GOMMY RELLENITAX 3D PLANETAS"},"content":{"rendered":"<h2 data-start=\"0\" data-end=\"50\">Gommy Rellenitax 3D Planetas \/ Gomita Rellena.<\/h2>\n<ul>\n<li>Cada gomita esconde en su interior un delicioso <strong data-start=\"186\" data-end=\"212\">relleno l\u00edquido frutal <\/strong>\u00a0envuelto de una cobertura suave y esponjosa.<br \/>\nPerfectas para compartir, para mesas de dulces o para darte un antojo. \ud83c\udf6c<\/li>\n<\/ul>\n<h2 style=\"text-align: left;\" data-start=\"52\" data-end=\"299\">\ud83d\udccd Caracter\u00edsticas:<\/h2>\n<ul>\n<li style=\"text-align: left;\"><strong>Envase<\/strong>: Vitrolero \/ Bote.<\/li>\n<li style=\"text-align: left;\"><strong>Dise\u00f1o<\/strong>: Planetas.<\/li>\n<li style=\"text-align: left;\"><strong>Familia<\/strong>: Rellenitax 3D<\/li>\n<li style=\"text-align: left;\"><strong>Contenido neto<\/strong>: 300g.<\/li>\n<li style=\"text-align: left;\"><strong>Piezas<\/strong>:\u00a0 30 gomitas.<\/li>\n<li style=\"text-align: left;\"><strong>Peso por pieza<\/strong>: 10g.<\/li>\n<li style=\"text-align: left;\"><strong>Sabores<\/strong>: fresa, sand\u00eda, durazno y uva<\/li>\n<\/ul>\n<p><em><br \/>\nAgrega al carrito de compra sorpr\u00e9ndete con sus dise\u00f1os y disfruta de su incre\u00edble sabor. \ud83d\udecd\ufe0f<\/em><\/p>\n","protected":false},"excerpt":{"rendered":"<p>Gommy Rellenitax 3D Planetas \/ Gomita Rellena. Cada gomita esconde en su interior un delicioso relleno l\u00edquido frutal \u00a0envuelto de una cobertura suave y esponjosa. Perfectas para compartir, para mesas de dulces o para darte un antojo. \ud83c\udf6c \ud83d\udccd Caracter\u00edsticas: Envase: Vitrolero \/ Bote. Dise\u00f1o: Planetas. Familia: Rellenitax 3D Contenido neto: 300g. Piezas:\u00a0 30 gomitas. [&hellip;]<\/p>\n","protected":false},"featured_media":511,"template":"","meta":{"inline_featured_image":false},"product_brand":[],"product_cat":[49],"product_tag":[],"class_list":{"0":"post-263184","1":"product","2":"type-product","3":"status-publish","4":"has-post-thumbnail","6":"product_cat-gomitas","8":"first","9":"instock","10":"taxable","11":"shipping-taxable","12":"purchasable","13":"product-type-simple"},"_links":{"self":[{"href":"https:\/\/productoshubin.com\/es\/wp-json\/wp\/v2\/product\/263184","targetHints":{"allow":["GET"]}}],"collection":[{"href":"https:\/\/productoshubin.com\/es\/wp-json\/wp\/v2\/product"}],"about":[{"href":"https:\/\/productoshubin.com\/es\/wp-json\/wp\/v2\/types\/product"}],"wp:featuredmedia":[{"embeddable":true,"href":"https:\/\/productoshubin.com\/es\/wp-json\/wp\/v2\/media\/511"}],"wp:attachment":[{"href":"https:\/\/productoshubin.com\/es\/wp-json\/wp\/v2\/media?parent=263184"}],"wp:term":[{"taxonomy":"product_brand","embeddable":true,"href":"https:\/\/productoshubin.com\/es\/wp-json\/wp\/v2\/product_brand?post=263184"},{"taxonomy":"product_cat","embeddable":true,"href":"https:\/\/productoshubin.com\/es\/wp-json\/wp\/v2\/product_cat?post=263184"},{"taxonomy":"product_tag","embeddable":true,"href":"https:\/\/productoshubin.com\/es\/wp-json\/wp\/v2\/product_tag?post=263184"}],"curies":[{"name":"wp","href":"https:\/\/api.w.org\/{rel}","templated":true}]}}