{"id":263182,"date":"2026-04-06T10:54:33","date_gmt":"2026-04-06T16:54:33","guid":{"rendered":"https:\/\/productoshubin.com\/es\/?post_type=product&#038;p=263182"},"modified":"2026-04-07T18:27:02","modified_gmt":"2026-04-08T00:27:02","slug":"chocookie-chocolate","status":"publish","type":"product","link":"https:\/\/productoshubin.com\/es\/producto\/chocookie-chocolate\/","title":{"rendered":"CHOCOOKIE CHOCOLATE"},"content":{"rendered":"<h3 data-start=\"0\" data-end=\"29\"><strong data-start=\"0\" data-end=\"29\">CHOCOOKIE CHOCOLATE \ud83c\udf6a\u2764\ufe0f<\/strong><\/h3>\n<p data-start=\"31\" data-end=\"378\">\u00a1Un dulce elegante y delicioso! <strong data-start=\"63\" data-end=\"87\">Chocookie Chocolate <\/strong>es una <strong data-start=\"95\" data-end=\"155\">mini galleta con sabor a chocolate,<\/strong>\u00a0rellena con un <strong data-start=\"172\" data-end=\"214\">suave y cremoso relleno de queso crema<\/strong> que crea una combinaci\u00f3n irresistible en cada bocado. Perfecta para disfrutar, compartir o sorprender con un toque especial de sabor. \u00a1Un antojo que enamora! \ud83d\ude0b\u2728<\/p>\n<h2 style=\"text-align: left\" data-start=\"52\" data-end=\"299\">\ud83d\udccd Caracter\u00edsticas:<\/h2>\n<ul>\n<li style=\"text-align: left\"><strong>Envase<\/strong>: Bolsa<\/li>\n<li style=\"text-align: left\"><strong>Dise\u00f1o<\/strong>: Mini Galletas<\/li>\n<li style=\"text-align: left\"><strong>Familia<\/strong>: Mini Chocookie<\/li>\n<li style=\"text-align: left\"><strong>Contenido neto<\/strong>: 420g.<\/li>\n<li style=\"text-align: left\"><strong>Piezas<\/strong>: 20 paquetitos.<\/li>\n<li style=\"text-align: left\"><strong>Peso por pieza<\/strong>: 21g.<\/li>\n<li style=\"text-align: left\"><strong>Sabores<\/strong>: Chocolate<\/li>\n<\/ul>\n<p><em>Agrega al carrito de compra sorpr\u00e9ndete con sus dise\u00f1os y disfruta de su incre\u00edble sabor. \ud83d\udecd\ufe0f<\/em><\/p>\n","protected":false},"excerpt":{"rendered":"<p>CHOCOOKIE CHOCOLATE \ud83c\udf6a\u2764\ufe0f \u00a1Un dulce elegante y delicioso! Chocookie Chocolate es una mini galleta con sabor a chocolate,\u00a0rellena con un suave y cremoso relleno de queso crema que crea una combinaci\u00f3n irresistible en cada bocado. Perfecta para disfrutar, compartir o sorprender con un toque especial de sabor. \u00a1Un antojo que enamora! \ud83d\ude0b\u2728 \ud83d\udccd Caracter\u00edsticas: Envase: [&hellip;]<\/p>\n","protected":false},"featured_media":163,"template":"","meta":{"inline_featured_image":false},"product_brand":[],"product_cat":[51],"product_tag":[],"class_list":{"0":"post-263182","1":"product","2":"type-product","3":"status-publish","4":"has-post-thumbnail","6":"product_cat-chocolate-y-galletas","8":"first","9":"instock","10":"taxable","11":"shipping-taxable","12":"purchasable","13":"product-type-simple"},"_links":{"self":[{"href":"https:\/\/productoshubin.com\/es\/wp-json\/wp\/v2\/product\/263182","targetHints":{"allow":["GET"]}}],"collection":[{"href":"https:\/\/productoshubin.com\/es\/wp-json\/wp\/v2\/product"}],"about":[{"href":"https:\/\/productoshubin.com\/es\/wp-json\/wp\/v2\/types\/product"}],"wp:featuredmedia":[{"embeddable":true,"href":"https:\/\/productoshubin.com\/es\/wp-json\/wp\/v2\/media\/163"}],"wp:attachment":[{"href":"https:\/\/productoshubin.com\/es\/wp-json\/wp\/v2\/media?parent=263182"}],"wp:term":[{"taxonomy":"product_brand","embeddable":true,"href":"https:\/\/productoshubin.com\/es\/wp-json\/wp\/v2\/product_brand?post=263182"},{"taxonomy":"product_cat","embeddable":true,"href":"https:\/\/productoshubin.com\/es\/wp-json\/wp\/v2\/product_cat?post=263182"},{"taxonomy":"product_tag","embeddable":true,"href":"https:\/\/productoshubin.com\/es\/wp-json\/wp\/v2\/product_tag?post=263182"}],"curies":[{"name":"wp","href":"https:\/\/api.w.org\/{rel}","templated":true}]}}