{"id":263031,"date":"2026-03-18T17:41:56","date_gmt":"2026-03-18T23:41:56","guid":{"rendered":"https:\/\/productoshubin.com\/es\/?post_type=product&#038;p=263031"},"modified":"2026-04-01T18:37:24","modified_gmt":"2026-04-02T00:37:24","slug":"mini-dino-ojos-by-rellenitax","status":"publish","type":"product","link":"https:\/\/productoshubin.com\/es\/producto\/mini-dino-ojos-by-rellenitax\/","title":{"rendered":"MINI DINO OJOS BY RELLENITAX"},"content":{"rendered":"<h3 data-start=\"0\" data-end=\"69\"><strong data-start=\"0\" data-end=\"69\">Mini Dino Ojos by Rellenitax \ud83e\udd95\ud83d\udc40\ud83c\udf6c \u2013 Gomitas con Relleno L\u00edquido<\/strong><\/h3>\n<p data-start=\"71\" data-end=\"335\">Disfruta un dulce lleno de <strong data-start=\"98\" data-end=\"119\">sabor y diversi\u00f3n<\/strong> con <strong data-start=\"124\" data-end=\"156\">Mini Dino Ojos by Rellenitax<\/strong>. Estas deliciosas <strong data-start=\"175\" data-end=\"226\">gomitas con relleno l\u00edquido de sabores frutales<\/strong> destacan por su divertida <strong data-start=\"253\" data-end=\"288\">forma de dinosaurios con ojitos<\/strong>, que las hace a\u00fan m\u00e1s llamativas y originales.<\/p>\n<p data-start=\"337\" data-end=\"537\">Su <strong data-start=\"340\" data-end=\"398\">suave textura por fuera y su centro l\u00edquido por dentro<\/strong> crean una experiencia irresistible en cada mordida. Perfectas para <strong data-start=\"466\" data-end=\"536\">fiestas, mesas de dulces o para disfrutar un antojo lleno de sabor<\/strong>.<\/p>\n<h2 style=\"text-align: left;\" data-start=\"52\" data-end=\"299\">\ud83d\udccd Caracter\u00edsticas:<\/h2>\n<ul>\n<li style=\"text-align: left;\"><strong>Envase<\/strong>: Vitrolero \/ Bote.<\/li>\n<li style=\"text-align: left;\"><strong>Dise\u00f1o<\/strong>: Dinosuario.<\/li>\n<li style=\"text-align: left;\"><strong>Familia<\/strong>: Rellenitax.<\/li>\n<li style=\"text-align: left;\"><strong>Contenido neto<\/strong>: 240g.<\/li>\n<li style=\"text-align: left;\"><strong>Piezas<\/strong>: 120 gomitas.<\/li>\n<li style=\"text-align: left;\"><strong>Peso por pieza<\/strong>: 2g.<\/li>\n<li style=\"text-align: left;\"><strong>Sabores<\/strong>: Frutales.<\/li>\n<\/ul>\n<p><em><br \/>\nAgrega al carrito de compra sorpr\u00e9ndete con sus dise\u00f1os y disfruta de su incre\u00edble sabor. \ud83d\udecd\ufe0f<\/em><\/p>\n","protected":false},"excerpt":{"rendered":"<p>Mini Dino Ojos by Rellenitax \ud83e\udd95\ud83d\udc40\ud83c\udf6c \u2013 Gomitas con Relleno L\u00edquido Disfruta un dulce lleno de sabor y diversi\u00f3n con Mini Dino Ojos by Rellenitax. Estas deliciosas gomitas con relleno l\u00edquido de sabores frutales destacan por su divertida forma de dinosaurios con ojitos, que las hace a\u00fan m\u00e1s llamativas y originales. Su suave textura por [&hellip;]<\/p>\n","protected":false},"featured_media":263042,"template":"","meta":{"inline_featured_image":false},"product_brand":[],"product_cat":[49],"product_tag":[],"class_list":{"0":"post-263031","1":"product","2":"type-product","3":"status-publish","4":"has-post-thumbnail","6":"product_cat-gomitas","8":"first","9":"instock","10":"taxable","11":"shipping-taxable","12":"purchasable","13":"product-type-simple"},"_links":{"self":[{"href":"https:\/\/productoshubin.com\/es\/wp-json\/wp\/v2\/product\/263031","targetHints":{"allow":["GET"]}}],"collection":[{"href":"https:\/\/productoshubin.com\/es\/wp-json\/wp\/v2\/product"}],"about":[{"href":"https:\/\/productoshubin.com\/es\/wp-json\/wp\/v2\/types\/product"}],"wp:featuredmedia":[{"embeddable":true,"href":"https:\/\/productoshubin.com\/es\/wp-json\/wp\/v2\/media\/263042"}],"wp:attachment":[{"href":"https:\/\/productoshubin.com\/es\/wp-json\/wp\/v2\/media?parent=263031"}],"wp:term":[{"taxonomy":"product_brand","embeddable":true,"href":"https:\/\/productoshubin.com\/es\/wp-json\/wp\/v2\/product_brand?post=263031"},{"taxonomy":"product_cat","embeddable":true,"href":"https:\/\/productoshubin.com\/es\/wp-json\/wp\/v2\/product_cat?post=263031"},{"taxonomy":"product_tag","embeddable":true,"href":"https:\/\/productoshubin.com\/es\/wp-json\/wp\/v2\/product_tag?post=263031"}],"curies":[{"name":"wp","href":"https:\/\/api.w.org\/{rel}","templated":true}]}}