{"id":262892,"date":"2026-03-12T16:44:37","date_gmt":"2026-03-12T22:44:37","guid":{"rendered":"https:\/\/productoshubin.com\/?post_type=product&#038;p=262892"},"modified":"2026-04-19T14:41:35","modified_gmt":"2026-04-19T20:41:35","slug":"gummy-rellenitax-3d-cerebro","status":"publish","type":"product","link":"https:\/\/productoshubin.com\/es\/producto\/gummy-rellenitax-3d-cerebro\/","title":{"rendered":"MINI RELLENITAX 3D CEREBRO"},"content":{"rendered":"<h2 data-start=\"0\" data-end=\"50\">Gommy Rellenitax 3D Cerebro \/ Gomita Rellena.<\/h2>\n<ul>\n<li>Cada gomita esconde en su interior un delicioso <strong data-start=\"186\" data-end=\"212\">relleno l\u00edquido frutal <\/strong>\u00a0envuelto de una cobertura suave y esponjosa.<br \/>\nPerfectas para compartir, para mesas de dulces o para darte un antojo. \ud83c\udf6c<\/li>\n<\/ul>\n<h2 style=\"text-align: left\" data-start=\"52\" data-end=\"299\">\ud83d\udccd Caracter\u00edsticas:<\/h2>\n<ul>\n<li style=\"text-align: left\"><strong>Envase<\/strong>: Vitrolero \/ Bote.<\/li>\n<li style=\"text-align: left\"><strong>Dise\u00f1o<\/strong>: Cerebros.<\/li>\n<li style=\"text-align: left\"><strong>Familia<\/strong>: Rellenitax 3D<\/li>\n<li style=\"text-align: left\"><strong>Contenido neto<\/strong>: 200g.<\/li>\n<li style=\"text-align: left\"><strong>Piezas<\/strong>: 100 gomitas.<\/li>\n<li style=\"text-align: left\"><strong>Peso por pieza<\/strong>: 2g.<\/li>\n<li style=\"text-align: left\"><strong>Sabores<\/strong>: fresa, sand\u00eda, durazno y uva<\/li>\n<\/ul>\n<p><em><br \/>\nAgrega al carrito de compra sorpr\u00e9ndete con sus dise\u00f1os y disfruta de su incre\u00edble sabor. \ud83d\udecd\ufe0f<\/em><\/p>\n","protected":false},"excerpt":{"rendered":"<p>Gommy Rellenitax 3D Cerebro \/ Gomita Rellena. Cada gomita esconde en su interior un delicioso relleno l\u00edquido frutal \u00a0envuelto de una cobertura suave y esponjosa. Perfectas para compartir, para mesas de dulces o para darte un antojo. \ud83c\udf6c \ud83d\udccd Caracter\u00edsticas: Envase: Vitrolero \/ Bote. Dise\u00f1o: Cerebros. Familia: Rellenitax 3D Contenido neto: 200g. Piezas: 100 gomitas. [&hellip;]<\/p>\n","protected":false},"featured_media":262898,"template":"","meta":{"inline_featured_image":false},"product_brand":[],"product_cat":[122],"product_tag":[],"class_list":{"0":"post-262892","1":"product","2":"type-product","3":"status-publish","4":"has-post-thumbnail","6":"product_cat-descuento-20","8":"first","9":"instock","10":"taxable","11":"shipping-taxable","12":"purchasable","13":"product-type-simple"},"_links":{"self":[{"href":"https:\/\/productoshubin.com\/es\/wp-json\/wp\/v2\/product\/262892","targetHints":{"allow":["GET"]}}],"collection":[{"href":"https:\/\/productoshubin.com\/es\/wp-json\/wp\/v2\/product"}],"about":[{"href":"https:\/\/productoshubin.com\/es\/wp-json\/wp\/v2\/types\/product"}],"wp:featuredmedia":[{"embeddable":true,"href":"https:\/\/productoshubin.com\/es\/wp-json\/wp\/v2\/media\/262898"}],"wp:attachment":[{"href":"https:\/\/productoshubin.com\/es\/wp-json\/wp\/v2\/media?parent=262892"}],"wp:term":[{"taxonomy":"product_brand","embeddable":true,"href":"https:\/\/productoshubin.com\/es\/wp-json\/wp\/v2\/product_brand?post=262892"},{"taxonomy":"product_cat","embeddable":true,"href":"https:\/\/productoshubin.com\/es\/wp-json\/wp\/v2\/product_cat?post=262892"},{"taxonomy":"product_tag","embeddable":true,"href":"https:\/\/productoshubin.com\/es\/wp-json\/wp\/v2\/product_tag?post=262892"}],"curies":[{"name":"wp","href":"https:\/\/api.w.org\/{rel}","templated":true}]}}