{"id":262357,"date":"2026-02-25T09:39:18","date_gmt":"2026-02-25T15:39:18","guid":{"rendered":"https:\/\/productoshubin.com\/?post_type=product&#038;p=262357"},"modified":"2026-04-30T16:00:20","modified_gmt":"2026-04-30T22:00:20","slug":"gummy-banderillas-miraditas","status":"publish","type":"product","link":"https:\/\/productoshubin.com\/es\/producto\/gummy-banderillas-miraditas\/","title":{"rendered":"GUMMY BANDERILLAS MIRADITAS"},"content":{"rendered":"<h3 data-section-id=\"1ffrzm8\" data-start=\"0\" data-end=\"48\">Gummy Banderillas Miraditas Gomitas Rellenas<\/h3>\n<p data-start=\"50\" data-end=\"269\">Disfruta un dulce antojo lleno de sabor con <strong data-start=\"94\" data-end=\"125\">Gummy Banderillas Miraditas<\/strong> \ud83c\udf6c\ud83d\ude0b. Estas deliciosas <strong data-start=\"149\" data-end=\"192\">gomitas rellenitas con sabores frutales<\/strong> combinan una textura suave con un centro dulce que sorprende en cada bocado.<\/p>\n<p data-start=\"271\" data-end=\"375\">Perfectas para compartir, para mesas de dulces, fiestas o para disfrutar un snack divertido y delicioso.<\/p>\n<h2 style=\"text-align: left\" data-start=\"52\" data-end=\"299\">\ud83d\udccd Caracter\u00edsticas:<\/h2>\n<ul>\n<li style=\"text-align: left\"><strong>Envase<\/strong>: Display<\/li>\n<li style=\"text-align: left\"><strong>Dise\u00f1o<\/strong>: Caritas<\/li>\n<li style=\"text-align: left\"><strong>Familia<\/strong>: Gummy Banderilla<\/li>\n<li style=\"text-align: left\"><strong>Contenido neto<\/strong>: 300g.<\/li>\n<li style=\"text-align: left\"><strong>Piezas<\/strong>: 30 gomitas.<\/li>\n<li style=\"text-align: left\"><strong>Peso por pieza<\/strong>: 10g.<\/li>\n<li style=\"text-align: left\"><strong>Sabores<\/strong>: Frutales<\/li>\n<\/ul>\n<p><em><br \/>\nAgrega al carrito de compra sorpr\u00e9ndete con sus dise\u00f1os y disfruta de su incre\u00edble sabor. \ud83d\udecd\ufe0f<\/em><\/p>\n","protected":false},"excerpt":{"rendered":"<p>Gummy Banderillas Miraditas Gomitas Rellenas Disfruta un dulce antojo lleno de sabor con Gummy Banderillas Miraditas \ud83c\udf6c\ud83d\ude0b. Estas deliciosas gomitas rellenitas con sabores frutales combinan una textura suave con un centro dulce que sorprende en cada bocado. Perfectas para compartir, para mesas de dulces, fiestas o para disfrutar un snack divertido y delicioso. \ud83d\udccd Caracter\u00edsticas: [&hellip;]<\/p>\n","protected":false},"featured_media":262378,"template":"","meta":{"inline_featured_image":false},"product_brand":[],"product_cat":[49],"product_tag":[],"class_list":{"0":"post-262357","1":"product","2":"type-product","3":"status-publish","4":"has-post-thumbnail","6":"product_cat-gomitas","8":"first","9":"instock","10":"taxable","11":"shipping-taxable","12":"purchasable","13":"product-type-simple"},"_links":{"self":[{"href":"https:\/\/productoshubin.com\/es\/wp-json\/wp\/v2\/product\/262357","targetHints":{"allow":["GET"]}}],"collection":[{"href":"https:\/\/productoshubin.com\/es\/wp-json\/wp\/v2\/product"}],"about":[{"href":"https:\/\/productoshubin.com\/es\/wp-json\/wp\/v2\/types\/product"}],"wp:featuredmedia":[{"embeddable":true,"href":"https:\/\/productoshubin.com\/es\/wp-json\/wp\/v2\/media\/262378"}],"wp:attachment":[{"href":"https:\/\/productoshubin.com\/es\/wp-json\/wp\/v2\/media?parent=262357"}],"wp:term":[{"taxonomy":"product_brand","embeddable":true,"href":"https:\/\/productoshubin.com\/es\/wp-json\/wp\/v2\/product_brand?post=262357"},{"taxonomy":"product_cat","embeddable":true,"href":"https:\/\/productoshubin.com\/es\/wp-json\/wp\/v2\/product_cat?post=262357"},{"taxonomy":"product_tag","embeddable":true,"href":"https:\/\/productoshubin.com\/es\/wp-json\/wp\/v2\/product_tag?post=262357"}],"curies":[{"name":"wp","href":"https:\/\/api.w.org\/{rel}","templated":true}]}}