{"id":262356,"date":"2026-02-25T09:38:04","date_gmt":"2026-02-25T15:38:04","guid":{"rendered":"https:\/\/productoshubin.com\/?post_type=product&#038;p=262356"},"modified":"2026-04-24T17:41:27","modified_gmt":"2026-04-24T23:41:27","slug":"gummy-banderillas-surtido","status":"publish","type":"product","link":"https:\/\/productoshubin.com\/es\/producto\/gummy-banderillas-surtido\/","title":{"rendered":"GUMMY BANDERILLAS SURTIDO"},"content":{"rendered":"<h3 data-section-id=\"k1du0e\" data-start=\"0\" data-end=\"46\">Gummy Banderillas Surtido Gomitas Rellenas<\/h3>\n<p data-start=\"48\" data-end=\"280\">Disfruta una deliciosa combinaci\u00f3n de sabores con <strong data-start=\"98\" data-end=\"127\">Gummy Banderillas Surtido<\/strong> \ud83c\udf6c\ud83c\udf53. Estas <strong data-start=\"140\" data-end=\"183\">gomitas rellenitas con sabores frutales<\/strong> ofrecen una textura suave por fuera y un centro dulce que hace cada bocado a\u00fan m\u00e1s irresistible.<\/p>\n<p data-start=\"282\" data-end=\"385\">Ideales para compartir, para fiestas, mesas de dulces o para disfrutar un snack lleno de sabor y color.<\/p>\n<h2 style=\"text-align: left\" data-start=\"52\" data-end=\"299\">\ud83d\udccd Caracter\u00edsticas:<\/h2>\n<ul>\n<li style=\"text-align: left\"><strong>Envase<\/strong>: Display<\/li>\n<li style=\"text-align: left\"><strong>Dise\u00f1o<\/strong>: Surtido<\/li>\n<li style=\"text-align: left\"><strong>Familia<\/strong>: Gummy Banderillas<\/li>\n<li style=\"text-align: left\"><strong>Contenido neto<\/strong>: 300g.<\/li>\n<li style=\"text-align: left\"><strong>Piezas<\/strong>: 30 gomitas.<\/li>\n<li style=\"text-align: left\"><strong>Peso por pieza<\/strong>: 10g.<\/li>\n<li style=\"text-align: left\"><strong>Sabores<\/strong>: Frutales<\/li>\n<\/ul>\n<p><em><br \/>\nAgrega al carrito de compra sorpr\u00e9ndete con sus dise\u00f1os y disfruta de su incre\u00edble sabor. \ud83d\udecd\ufe0f<\/em><\/p>\n","protected":false},"excerpt":{"rendered":"<p>Gummy Banderillas Surtido Gomitas Rellenas Disfruta una deliciosa combinaci\u00f3n de sabores con Gummy Banderillas Surtido \ud83c\udf6c\ud83c\udf53. Estas gomitas rellenitas con sabores frutales ofrecen una textura suave por fuera y un centro dulce que hace cada bocado a\u00fan m\u00e1s irresistible. Ideales para compartir, para fiestas, mesas de dulces o para disfrutar un snack lleno de sabor [&hellip;]<\/p>\n","protected":false},"featured_media":262379,"template":"","meta":{"inline_featured_image":false},"product_brand":[],"product_cat":[49],"product_tag":[],"class_list":{"0":"post-262356","1":"product","2":"type-product","3":"status-publish","4":"has-post-thumbnail","6":"product_cat-gomitas","8":"first","9":"instock","10":"taxable","11":"shipping-taxable","12":"purchasable","13":"product-type-simple"},"_links":{"self":[{"href":"https:\/\/productoshubin.com\/es\/wp-json\/wp\/v2\/product\/262356","targetHints":{"allow":["GET"]}}],"collection":[{"href":"https:\/\/productoshubin.com\/es\/wp-json\/wp\/v2\/product"}],"about":[{"href":"https:\/\/productoshubin.com\/es\/wp-json\/wp\/v2\/types\/product"}],"wp:featuredmedia":[{"embeddable":true,"href":"https:\/\/productoshubin.com\/es\/wp-json\/wp\/v2\/media\/262379"}],"wp:attachment":[{"href":"https:\/\/productoshubin.com\/es\/wp-json\/wp\/v2\/media?parent=262356"}],"wp:term":[{"taxonomy":"product_brand","embeddable":true,"href":"https:\/\/productoshubin.com\/es\/wp-json\/wp\/v2\/product_brand?post=262356"},{"taxonomy":"product_cat","embeddable":true,"href":"https:\/\/productoshubin.com\/es\/wp-json\/wp\/v2\/product_cat?post=262356"},{"taxonomy":"product_tag","embeddable":true,"href":"https:\/\/productoshubin.com\/es\/wp-json\/wp\/v2\/product_tag?post=262356"}],"curies":[{"name":"wp","href":"https:\/\/api.w.org\/{rel}","templated":true}]}}