{"id":262140,"date":"2026-02-18T08:46:03","date_gmt":"2026-02-18T14:46:03","guid":{"rendered":"https:\/\/productoshubin.com\/?post_type=product&#038;p=262140"},"modified":"2026-04-30T15:32:19","modified_gmt":"2026-04-30T21:32:19","slug":"mini-rellenitax-caritas","status":"publish","type":"product","link":"https:\/\/productoshubin.com\/es\/producto\/mini-rellenitax-caritas\/","title":{"rendered":"MINI RELLENITAX CARITAS"},"content":{"rendered":"<h1 data-section-id=\"7n31za\" data-start=\"0\" data-end=\"44\">Mini Rellenitax Caritas Gomitas Rellenas<\/h1>\n<p data-start=\"46\" data-end=\"261\">Disfruta una explosi\u00f3n de sabor con <strong data-start=\"82\" data-end=\"109\">Mini Rellenitax Caritas<\/strong> \ud83c\udf6c\ud83d\ude04. Estas divertidas <strong data-start=\"133\" data-end=\"184\">gomitas con relleno l\u00edquido de sabores frutales<\/strong> combinan una textura suave con un centro dulce que sorprende en cada bocado.<\/p>\n<p data-start=\"263\" data-end=\"373\">Perfectas para compartir, para fiestas, mesas de dulces o para disfrutar un antojo lleno de sabor y diversi\u00f3n.<\/p>\n<h2 style=\"text-align: left;\" data-start=\"52\" data-end=\"299\">\ud83d\udccd Caracter\u00edsticas:<\/h2>\n<ul>\n<li style=\"text-align: left;\"><strong>Envase<\/strong>: Vitrolero\/Bote<\/li>\n<li style=\"text-align: left;\"><strong>Dise\u00f1o<\/strong>: Caritas<\/li>\n<li style=\"text-align: left;\"><strong>Familia<\/strong>: Mini Rellenitax 3D<\/li>\n<li style=\"text-align: left;\"><strong>Contenido neto<\/strong>: 240g.<\/li>\n<li style=\"text-align: left;\"><strong>Piezas<\/strong>: 120 gomitas.<\/li>\n<li style=\"text-align: left;\"><strong>Peso por pieza<\/strong>: 2g.<\/li>\n<li style=\"text-align: left;\"><strong>Sabores<\/strong>: Frutales<\/li>\n<\/ul>\n<p><em><br \/>\nAgrega al carrito de compra sorpr\u00e9ndete con sus dise\u00f1os y disfruta de su incre\u00edble sabor. \ud83d\udecd\ufe0f<\/em><\/p>\n","protected":false},"excerpt":{"rendered":"<p>Mini Rellenitax Caritas Gomitas Rellenas Disfruta una explosi\u00f3n de sabor con Mini Rellenitax Caritas \ud83c\udf6c\ud83d\ude04. Estas divertidas gomitas con relleno l\u00edquido de sabores frutales combinan una textura suave con un centro dulce que sorprende en cada bocado. Perfectas para compartir, para fiestas, mesas de dulces o para disfrutar un antojo lleno de sabor y diversi\u00f3n. [&hellip;]<\/p>\n","protected":false},"featured_media":262385,"template":"","meta":{"inline_featured_image":false},"product_brand":[],"product_cat":[122,49,39,109,33],"product_tag":[],"class_list":{"0":"post-262140","1":"product","2":"type-product","3":"status-publish","4":"has-post-thumbnail","6":"product_cat-descuento-20","7":"product_cat-gomitas","8":"product_cat-importaciones","9":"product_cat-novedades","10":"product_cat-promociones","12":"first","13":"instock","14":"taxable","15":"shipping-taxable","16":"purchasable","17":"product-type-simple"},"_links":{"self":[{"href":"https:\/\/productoshubin.com\/es\/wp-json\/wp\/v2\/product\/262140","targetHints":{"allow":["GET"]}}],"collection":[{"href":"https:\/\/productoshubin.com\/es\/wp-json\/wp\/v2\/product"}],"about":[{"href":"https:\/\/productoshubin.com\/es\/wp-json\/wp\/v2\/types\/product"}],"wp:featuredmedia":[{"embeddable":true,"href":"https:\/\/productoshubin.com\/es\/wp-json\/wp\/v2\/media\/262385"}],"wp:attachment":[{"href":"https:\/\/productoshubin.com\/es\/wp-json\/wp\/v2\/media?parent=262140"}],"wp:term":[{"taxonomy":"product_brand","embeddable":true,"href":"https:\/\/productoshubin.com\/es\/wp-json\/wp\/v2\/product_brand?post=262140"},{"taxonomy":"product_cat","embeddable":true,"href":"https:\/\/productoshubin.com\/es\/wp-json\/wp\/v2\/product_cat?post=262140"},{"taxonomy":"product_tag","embeddable":true,"href":"https:\/\/productoshubin.com\/es\/wp-json\/wp\/v2\/product_tag?post=262140"}],"curies":[{"name":"wp","href":"https:\/\/api.w.org\/{rel}","templated":true}]}}