{"id":262136,"date":"2026-02-18T08:46:03","date_gmt":"2026-02-18T14:46:03","guid":{"rendered":"https:\/\/productoshubin.com\/?post_type=product&#038;p=262136"},"modified":"2026-04-13T18:23:54","modified_gmt":"2026-04-14T00:23:54","slug":"mini-brix-carritos","status":"publish","type":"product","link":"https:\/\/productoshubin.com\/es\/producto\/mini-brix-carritos\/","title":{"rendered":"MINI BRIX CARRITOS"},"content":{"rendered":"<h3 data-start=\"0\" data-end=\"27\"><strong data-start=\"0\" data-end=\"27\">MINI BRIX CARRITOS \ud83d\ude97\ud83e\uddf8<\/strong><\/h3>\n<p data-start=\"29\" data-end=\"386\">\u00a1Diversi\u00f3n sobre ruedas! <strong data-start=\"54\" data-end=\"76\">Mini Brix Carritos<\/strong> son <strong data-start=\"81\" data-end=\"138\">juguetes coleccionables en forma de diferentes carros<\/strong>, ideales para que los ni\u00f1os jueguen, intercambien y completen su colecci\u00f3n. Con <strong data-start=\"219\" data-end=\"243\">12 dise\u00f1os distintos<\/strong>, cada pieza trae una sorpresa diferente que hace la experiencia a\u00fan m\u00e1s emocionante. \u00a1Perfectos para coleccionar y divertirse sin parar! \ud83c\udf89\u2728<\/p>\n<h2 style=\"text-align: left\" data-start=\"52\" data-end=\"299\">\ud83d\udccd Caracter\u00edsticas:<\/h2>\n<ul>\n<li style=\"text-align: left\"><strong>Envase<\/strong>: Display<\/li>\n<li style=\"text-align: left\"><strong>Dise\u00f1o<\/strong>: Carritos<\/li>\n<li style=\"text-align: left\"><strong>Familia<\/strong>: Mini Brix<\/li>\n<li style=\"text-align: left\"><strong>Contenido neto<\/strong>: 18g.<\/li>\n<li style=\"text-align: left\"><strong>Piezas<\/strong>: 18 paquetitos.<\/li>\n<li style=\"text-align: left\"><strong>Peso por pieza<\/strong>: 1g.<\/li>\n<li style=\"text-align: left\"><strong>Sabores<\/strong>: Varia.<\/li>\n<\/ul>\n<p><em><br \/>\nAgrega al carrito de compra sorpr\u00e9ndete con sus dise\u00f1os y disfruta de su incre\u00edble sabor. \ud83d\udecd\ufe0f<\/em><\/p>\n","protected":false},"excerpt":{"rendered":"<p>MINI BRIX CARRITOS \ud83d\ude97\ud83e\uddf8 \u00a1Diversi\u00f3n sobre ruedas! Mini Brix Carritos son juguetes coleccionables en forma de diferentes carros, ideales para que los ni\u00f1os jueguen, intercambien y completen su colecci\u00f3n. Con 12 dise\u00f1os distintos, cada pieza trae una sorpresa diferente que hace la experiencia a\u00fan m\u00e1s emocionante. \u00a1Perfectos para coleccionar y divertirse sin parar! \ud83c\udf89\u2728 \ud83d\udccd [&hellip;]<\/p>\n","protected":false},"featured_media":263087,"template":"","meta":{"inline_featured_image":false},"product_brand":[],"product_cat":[114],"product_tag":[],"class_list":{"0":"post-262136","1":"product","2":"type-product","3":"status-publish","4":"has-post-thumbnail","6":"product_cat-destacados","8":"first","9":"outofstock","10":"featured","11":"taxable","12":"shipping-taxable","13":"purchasable","14":"product-type-simple"},"_links":{"self":[{"href":"https:\/\/productoshubin.com\/es\/wp-json\/wp\/v2\/product\/262136","targetHints":{"allow":["GET"]}}],"collection":[{"href":"https:\/\/productoshubin.com\/es\/wp-json\/wp\/v2\/product"}],"about":[{"href":"https:\/\/productoshubin.com\/es\/wp-json\/wp\/v2\/types\/product"}],"wp:featuredmedia":[{"embeddable":true,"href":"https:\/\/productoshubin.com\/es\/wp-json\/wp\/v2\/media\/263087"}],"wp:attachment":[{"href":"https:\/\/productoshubin.com\/es\/wp-json\/wp\/v2\/media?parent=262136"}],"wp:term":[{"taxonomy":"product_brand","embeddable":true,"href":"https:\/\/productoshubin.com\/es\/wp-json\/wp\/v2\/product_brand?post=262136"},{"taxonomy":"product_cat","embeddable":true,"href":"https:\/\/productoshubin.com\/es\/wp-json\/wp\/v2\/product_cat?post=262136"},{"taxonomy":"product_tag","embeddable":true,"href":"https:\/\/productoshubin.com\/es\/wp-json\/wp\/v2\/product_tag?post=262136"}],"curies":[{"name":"wp","href":"https:\/\/api.w.org\/{rel}","templated":true}]}}