{"id":262097,"date":"2026-02-18T08:44:14","date_gmt":"2026-02-18T14:44:14","guid":{"rendered":"https:\/\/productoshubin.com\/?post_type=product&#038;p=262097"},"modified":"2026-04-29T11:09:21","modified_gmt":"2026-04-29T17:09:21","slug":"gummy-besos-pops-neon","status":"publish","type":"product","link":"https:\/\/productoshubin.com\/es\/producto\/gummy-besos-pops-neon\/","title":{"rendered":"GUMMY BESOS POP\u00b4S NEON"},"content":{"rendered":"<h1 data-section-id=\"rxhlsk\" data-start=\"0\" data-end=\"54\">Gummy Besos Pop\u2019s Neon Gomitas de Sabores Frutales<\/h1>\n<p data-start=\"56\" data-end=\"325\">Disfruta un dulce lleno de color y sabor con <strong data-start=\"101\" data-end=\"127\">Gummy Besos Pop\u2019s Neon<\/strong> \ud83d\udc8b\ud83c\udf6c. Estas deliciosas <strong data-start=\"151\" data-end=\"182\">gomitas de sabores frutales<\/strong> destacan por su divertida presentaci\u00f3n y su intenso sabor, perfectas para compartir o para darle un toque especial a cualquier mesa de dulces.<\/p>\n<p data-start=\"327\" data-end=\"415\">Ideales para fiestas, eventos o simplemente para disfrutar un antojo lleno de diversi\u00f3n.<\/p>\n<h2 style=\"text-align: left;\" data-start=\"52\" data-end=\"299\">\ud83d\udccd Caracter\u00edsticas:<\/h2>\n<ul>\n<li style=\"text-align: left;\"><strong>Envase<\/strong>: Display<\/li>\n<li style=\"text-align: left;\"><strong>Dise\u00f1o<\/strong>: San Valent\u00edn<\/li>\n<li style=\"text-align: left;\"><strong>Familia<\/strong>: Gummy Pop\u00b4s N\u00e9on<\/li>\n<li style=\"text-align: left;\"><strong>Contenido neto<\/strong>: 330g.<\/li>\n<li style=\"text-align: left;\"><strong>Piezas<\/strong>: 30 paletitas.<\/li>\n<li style=\"text-align: left;\"><strong>Peso por pieza<\/strong>: 11g.<\/li>\n<li style=\"text-align: left;\"><strong>Sabores<\/strong>: Frutales<\/li>\n<\/ul>\n<p><em><br \/>\nAgrega al carrito de compra sorpr\u00e9ndete con sus dise\u00f1os y disfruta de su incre\u00edble sabor. \ud83d\udecd\ufe0f<\/em><\/p>\n","protected":false},"excerpt":{"rendered":"<p>Gummy Besos Pop\u2019s Neon Gomitas de Sabores Frutales Disfruta un dulce lleno de color y sabor con Gummy Besos Pop\u2019s Neon \ud83d\udc8b\ud83c\udf6c. Estas deliciosas gomitas de sabores frutales destacan por su divertida presentaci\u00f3n y su intenso sabor, perfectas para compartir o para darle un toque especial a cualquier mesa de dulces. Ideales para fiestas, eventos [&hellip;]<\/p>\n","protected":false},"featured_media":262109,"template":"","meta":{"inline_featured_image":false},"product_brand":[],"product_cat":[49],"product_tag":[],"class_list":{"0":"post-262097","1":"product","2":"type-product","3":"status-publish","4":"has-post-thumbnail","6":"product_cat-gomitas","8":"first","9":"instock","10":"taxable","11":"shipping-taxable","12":"purchasable","13":"product-type-simple"},"_links":{"self":[{"href":"https:\/\/productoshubin.com\/es\/wp-json\/wp\/v2\/product\/262097","targetHints":{"allow":["GET"]}}],"collection":[{"href":"https:\/\/productoshubin.com\/es\/wp-json\/wp\/v2\/product"}],"about":[{"href":"https:\/\/productoshubin.com\/es\/wp-json\/wp\/v2\/types\/product"}],"wp:featuredmedia":[{"embeddable":true,"href":"https:\/\/productoshubin.com\/es\/wp-json\/wp\/v2\/media\/262109"}],"wp:attachment":[{"href":"https:\/\/productoshubin.com\/es\/wp-json\/wp\/v2\/media?parent=262097"}],"wp:term":[{"taxonomy":"product_brand","embeddable":true,"href":"https:\/\/productoshubin.com\/es\/wp-json\/wp\/v2\/product_brand?post=262097"},{"taxonomy":"product_cat","embeddable":true,"href":"https:\/\/productoshubin.com\/es\/wp-json\/wp\/v2\/product_cat?post=262097"},{"taxonomy":"product_tag","embeddable":true,"href":"https:\/\/productoshubin.com\/es\/wp-json\/wp\/v2\/product_tag?post=262097"}],"curies":[{"name":"wp","href":"https:\/\/api.w.org\/{rel}","templated":true}]}}