{"id":262096,"date":"2026-02-18T08:44:14","date_gmt":"2026-02-18T14:44:14","guid":{"rendered":"https:\/\/productoshubin.com\/?post_type=product&#038;p=262096"},"modified":"2026-04-29T11:05:50","modified_gmt":"2026-04-29T17:05:50","slug":"gummy-cohete-4d","status":"publish","type":"product","link":"https:\/\/productoshubin.com\/es\/producto\/gummy-cohete-4d\/","title":{"rendered":"GUMMY COHETE 4D"},"content":{"rendered":"<h1 data-section-id=\"1k4p5bn\" data-start=\"0\" data-end=\"47\">Gummy Cohete 4D Gomitas de Sabores Frutales<\/h1>\n<p data-start=\"49\" data-end=\"267\">Despega hacia una explosi\u00f3n de sabor con <strong data-start=\"90\" data-end=\"109\">Gummy Cohete 4D<\/strong> \ud83d\ude80\ud83c\udf6c. Estas divertidas <strong data-start=\"133\" data-end=\"164\">gomitas de sabores frutales<\/strong> destacan por su original forma de cohete y su textura suave que las hace irresistibles en cada bocado.<\/p>\n<p data-start=\"269\" data-end=\"363\">Perfectas para fiestas, mesas de dulces o para disfrutar un antojo lleno de sabor y diversi\u00f3n.<\/p>\n<h2 style=\"text-align: left\" data-start=\"52\" data-end=\"299\">\ud83d\udccd Caracter\u00edsticas:<\/h2>\n<ul>\n<li style=\"text-align: left\"><strong>Envase<\/strong>: Vitrolero\/Bote<\/li>\n<li style=\"text-align: left\"><strong>Dise\u00f1o<\/strong>: Cohete<\/li>\n<li style=\"text-align: left\"><strong>Familia<\/strong>: Gummy 4D<\/li>\n<li style=\"text-align: left\"><strong>Contenido neto<\/strong>: 270g.<\/li>\n<li style=\"text-align: left\"><strong>Piezas<\/strong>: 30 gomitas.<\/li>\n<li style=\"text-align: left\"><strong>Peso por pieza<\/strong>: 9g.<\/li>\n<li style=\"text-align: left\"><strong>Sabores<\/strong>: Frutales<\/li>\n<\/ul>\n<p><em><br \/>\nAgrega al carrito de compra sorpr\u00e9ndete con sus dise\u00f1os y disfruta de su incre\u00edble sabor. \ud83d\udecd\ufe0f<\/em><\/p>\n","protected":false},"excerpt":{"rendered":"<p>Gummy Cohete 4D Gomitas de Sabores Frutales Despega hacia una explosi\u00f3n de sabor con Gummy Cohete 4D \ud83d\ude80\ud83c\udf6c. Estas divertidas gomitas de sabores frutales destacan por su original forma de cohete y su textura suave que las hace irresistibles en cada bocado. Perfectas para fiestas, mesas de dulces o para disfrutar un antojo lleno de [&hellip;]<\/p>\n","protected":false},"featured_media":262108,"template":"","meta":{"inline_featured_image":false},"product_brand":[],"product_cat":[49],"product_tag":[],"class_list":{"0":"post-262096","1":"product","2":"type-product","3":"status-publish","4":"has-post-thumbnail","6":"product_cat-gomitas","8":"first","9":"instock","10":"taxable","11":"shipping-taxable","12":"purchasable","13":"product-type-simple"},"_links":{"self":[{"href":"https:\/\/productoshubin.com\/es\/wp-json\/wp\/v2\/product\/262096","targetHints":{"allow":["GET"]}}],"collection":[{"href":"https:\/\/productoshubin.com\/es\/wp-json\/wp\/v2\/product"}],"about":[{"href":"https:\/\/productoshubin.com\/es\/wp-json\/wp\/v2\/types\/product"}],"wp:featuredmedia":[{"embeddable":true,"href":"https:\/\/productoshubin.com\/es\/wp-json\/wp\/v2\/media\/262108"}],"wp:attachment":[{"href":"https:\/\/productoshubin.com\/es\/wp-json\/wp\/v2\/media?parent=262096"}],"wp:term":[{"taxonomy":"product_brand","embeddable":true,"href":"https:\/\/productoshubin.com\/es\/wp-json\/wp\/v2\/product_brand?post=262096"},{"taxonomy":"product_cat","embeddable":true,"href":"https:\/\/productoshubin.com\/es\/wp-json\/wp\/v2\/product_cat?post=262096"},{"taxonomy":"product_tag","embeddable":true,"href":"https:\/\/productoshubin.com\/es\/wp-json\/wp\/v2\/product_tag?post=262096"}],"curies":[{"name":"wp","href":"https:\/\/api.w.org\/{rel}","templated":true}]}}