{"id":262095,"date":"2026-02-18T08:44:14","date_gmt":"2026-02-18T14:44:14","guid":{"rendered":"https:\/\/productoshubin.com\/?post_type=product&#038;p=262095"},"modified":"2026-04-06T17:16:34","modified_gmt":"2026-04-06T23:16:34","slug":"gummy-corazones-rellenos-4d","status":"publish","type":"product","link":"https:\/\/productoshubin.com\/es\/producto\/gummy-corazones-rellenos-4d\/","title":{"rendered":"GUMMY CORAZONES RELLENOS 4D"},"content":{"rendered":"<h1 data-section-id=\"c4uo97\" data-start=\"0\" data-end=\"51\">Gummy Corazones Rellenos 4D Gomitas Sabor Fresa<\/h1>\n<p data-start=\"53\" data-end=\"266\">Disfruta un dulce lleno de sabor con <strong data-start=\"90\" data-end=\"121\">Gummy Corazones Rellenos 4D<\/strong> \u2764\ufe0f\ud83c\udf6c. Estas deliciosas <strong data-start=\"145\" data-end=\"188\">gomitas con relleno l\u00edquido sabor fresa<\/strong> combinan una textura suave con un centro frutal que sorprende en cada bocado.<\/p>\n<p data-start=\"268\" data-end=\"360\">Perfectas para compartir, para mesas de dulces, fiestas o para disfrutar un antojo especial.<\/p>\n<h2 style=\"text-align: left\" data-start=\"52\" data-end=\"299\">\ud83d\udccd Caracter\u00edsticas:<\/h2>\n<ul>\n<li style=\"text-align: left\"><strong>Envase<\/strong>: Vitrolero\/Bote<\/li>\n<li style=\"text-align: left\"><strong>Dise\u00f1o<\/strong>: San Valent\u00edn<\/li>\n<li style=\"text-align: left\"><strong>Familia<\/strong>: Gummy Rellenos 4D<\/li>\n<li style=\"text-align: left\"><strong>Contenido neto<\/strong>: 270g.<\/li>\n<li style=\"text-align: left\"><strong>Piezas<\/strong>: 30 gomitas.<\/li>\n<li style=\"text-align: left\"><strong>Peso por pieza<\/strong>: 9g.<\/li>\n<li style=\"text-align: left\"><strong>Sabores<\/strong>: Fresa<\/li>\n<\/ul>\n<p><em><br \/>\nAgrega al carrito de compra sorpr\u00e9ndete con sus dise\u00f1os y disfruta de su incre\u00edble sabor. \ud83d\udecd\ufe0f<\/em><\/p>\n","protected":false},"excerpt":{"rendered":"<p>Gummy Corazones Rellenos 4D Gomitas Sabor Fresa Disfruta un dulce lleno de sabor con Gummy Corazones Rellenos 4D \u2764\ufe0f\ud83c\udf6c. Estas deliciosas gomitas con relleno l\u00edquido sabor fresa combinan una textura suave con un centro frutal que sorprende en cada bocado. Perfectas para compartir, para mesas de dulces, fiestas o para disfrutar un antojo especial. \ud83d\udccd [&hellip;]<\/p>\n","protected":false},"featured_media":262107,"template":"","meta":{"inline_featured_image":false},"product_brand":[],"product_cat":[49],"product_tag":[],"class_list":{"0":"post-262095","1":"product","2":"type-product","3":"status-publish","4":"has-post-thumbnail","6":"product_cat-gomitas","8":"first","9":"outofstock","10":"taxable","11":"shipping-taxable","12":"purchasable","13":"product-type-simple"},"_links":{"self":[{"href":"https:\/\/productoshubin.com\/es\/wp-json\/wp\/v2\/product\/262095","targetHints":{"allow":["GET"]}}],"collection":[{"href":"https:\/\/productoshubin.com\/es\/wp-json\/wp\/v2\/product"}],"about":[{"href":"https:\/\/productoshubin.com\/es\/wp-json\/wp\/v2\/types\/product"}],"wp:featuredmedia":[{"embeddable":true,"href":"https:\/\/productoshubin.com\/es\/wp-json\/wp\/v2\/media\/262107"}],"wp:attachment":[{"href":"https:\/\/productoshubin.com\/es\/wp-json\/wp\/v2\/media?parent=262095"}],"wp:term":[{"taxonomy":"product_brand","embeddable":true,"href":"https:\/\/productoshubin.com\/es\/wp-json\/wp\/v2\/product_brand?post=262095"},{"taxonomy":"product_cat","embeddable":true,"href":"https:\/\/productoshubin.com\/es\/wp-json\/wp\/v2\/product_cat?post=262095"},{"taxonomy":"product_tag","embeddable":true,"href":"https:\/\/productoshubin.com\/es\/wp-json\/wp\/v2\/product_tag?post=262095"}],"curies":[{"name":"wp","href":"https:\/\/api.w.org\/{rel}","templated":true}]}}