{"id":262094,"date":"2026-02-18T08:44:14","date_gmt":"2026-02-18T14:44:14","guid":{"rendered":"https:\/\/productoshubin.com\/?post_type=product&#038;p=262094"},"modified":"2026-04-30T15:49:44","modified_gmt":"2026-04-30T21:49:44","slug":"bolsa-chocolate-orodiamond","status":"publish","type":"product","link":"https:\/\/productoshubin.com\/es\/producto\/bolsa-chocolate-orodiamond\/","title":{"rendered":"BOLSA CHOCOLATE ORODIAMOND"},"content":{"rendered":"<div class=\"flex flex-col text-sm pb-25\">\n<article class=\"text-token-text-primary w-full focus:outline-none [--shadow-height:45px] has-data-writing-block:pointer-events-none has-data-writing-block:-mt-(--shadow-height) has-data-writing-block:pt-(--shadow-height) [&amp;:has([data-writing-block])&gt;*]:pointer-events-auto scroll-mt-[calc(var(--header-height)+min(200px,max(70px,20svh)))]\" dir=\"auto\" data-turn-id=\"request-69a8ae3a-11b8-83e8-a810-80a02931ddc2-8\" data-testid=\"conversation-turn-56\" data-scroll-anchor=\"true\" data-turn=\"assistant\">\n<div class=\"text-base my-auto mx-auto pb-10 [--thread-content-margin:var(--thread-content-margin-xs,calc(var(--spacing)*4))] @w-sm\/main:[--thread-content-margin:var(--thread-content-margin-sm,calc(var(--spacing)*6))] @w-lg\/main:[--thread-content-margin:var(--thread-content-margin-lg,calc(var(--spacing)*16))] px-(--thread-content-margin)\">\n<div class=\"[--thread-content-max-width:40rem] @w-lg\/main:[--thread-content-max-width:48rem] mx-auto max-w-(--thread-content-max-width) flex-1 group\/turn-messages focus-visible:outline-hidden relative flex w-full min-w-0 flex-col agent-turn\">\n<div class=\"flex max-w-full flex-col gap-4 grow\">\n<div class=\"min-h-8 text-message relative flex w-full flex-col items-end gap-2 text-start break-words whitespace-normal [.text-message+&amp;]:mt-1\" dir=\"auto\" data-message-author-role=\"assistant\" data-message-id=\"3aa2fa3f-5727-4ca3-bf21-b8e907da6e7b\" data-message-model-slug=\"gpt-5-3\">\n<div class=\"flex w-full flex-col gap-1 empty:hidden\">\n<div class=\"markdown prose dark:prose-invert w-full wrap-break-word light markdown-new-styling\">\n<h1 data-section-id=\"14xyvos\" data-start=\"0\" data-end=\"54\">Bolsa Chocolate Orodiamond<\/h1>\n<p data-start=\"56\" data-end=\"292\">Disfruta el irresistible sabor de <strong data-start=\"90\" data-end=\"114\">Chocolate Orodiamond<\/strong> \ud83c\udf6b. Cada pieza combina <strong data-start=\"140\" data-end=\"189\">delicioso chocolate<\/strong>\u00a0y un <strong data-start=\"195\" data-end=\"233\">suave relleno de chocolate cremoso<\/strong>, creando una experiencia dulce y crujiente en cada bocado.<\/p>\n<p data-start=\"294\" data-end=\"397\">Perfectos para compartir, para mesas de dulces o para tener siempre a la mano un antojo lleno de sabor.<\/p>\n<h2 style=\"text-align: left\" data-start=\"52\" data-end=\"299\">\ud83d\udccd Caracter\u00edsticas:<\/h2>\n<ul>\n<li style=\"text-align: left\"><strong>Envase<\/strong>: Bolsa<\/li>\n<li style=\"text-align: left\"><strong>Dise\u00f1o<\/strong>: Orodiamond<\/li>\n<li style=\"text-align: left\"><strong>Familia<\/strong>: Chocolate Orodiamond<\/li>\n<li style=\"text-align: left\"><strong>Contenido neto<\/strong>: 1 kg.<\/li>\n<li style=\"text-align: left\"><strong>Piezas<\/strong>: 90 chocolates.<\/li>\n<li style=\"text-align: left\"><strong>Peso por pieza<\/strong>: 11g.<\/li>\n<li style=\"text-align: left\"><strong>Sabores<\/strong>: Chocolate<\/li>\n<\/ul>\n<p><em><br \/>\nAgrega al carrito de compra sorpr\u00e9ndete con sus dise\u00f1os y disfruta de su incre\u00edble sabor. \ud83d\udecd\ufe0f<\/em><\/p>\n<\/div>\n<\/div>\n<\/div>\n<\/div>\n<\/div>\n<\/div>\n<\/article>\n<\/div>\n","protected":false},"excerpt":{"rendered":"<p><strong>Rico chocolate con trocitos de cacahuate y rellenos con un chocolate cremoso<\/strong><\/p>\n<ul>\n<li>Peso por pieza: 11g<\/li>\n<li>Piezas por bolsa: 90pz<\/li>\n<li>Cont. Neto por bolsa: 1kg<\/li>\n<\/ul>\n","protected":false},"featured_media":262106,"template":"","meta":{"inline_featured_image":false},"product_brand":[],"product_cat":[51],"product_tag":[],"class_list":{"0":"post-262094","1":"product","2":"type-product","3":"status-publish","4":"has-post-thumbnail","6":"product_cat-chocolate-y-galletas","8":"first","9":"instock","10":"taxable","11":"shipping-taxable","12":"purchasable","13":"product-type-simple"},"_links":{"self":[{"href":"https:\/\/productoshubin.com\/es\/wp-json\/wp\/v2\/product\/262094","targetHints":{"allow":["GET"]}}],"collection":[{"href":"https:\/\/productoshubin.com\/es\/wp-json\/wp\/v2\/product"}],"about":[{"href":"https:\/\/productoshubin.com\/es\/wp-json\/wp\/v2\/types\/product"}],"wp:featuredmedia":[{"embeddable":true,"href":"https:\/\/productoshubin.com\/es\/wp-json\/wp\/v2\/media\/262106"}],"wp:attachment":[{"href":"https:\/\/productoshubin.com\/es\/wp-json\/wp\/v2\/media?parent=262094"}],"wp:term":[{"taxonomy":"product_brand","embeddable":true,"href":"https:\/\/productoshubin.com\/es\/wp-json\/wp\/v2\/product_brand?post=262094"},{"taxonomy":"product_cat","embeddable":true,"href":"https:\/\/productoshubin.com\/es\/wp-json\/wp\/v2\/product_cat?post=262094"},{"taxonomy":"product_tag","embeddable":true,"href":"https:\/\/productoshubin.com\/es\/wp-json\/wp\/v2\/product_tag?post=262094"}],"curies":[{"name":"wp","href":"https:\/\/api.w.org\/{rel}","templated":true}]}}