{"id":262083,"date":"2026-02-18T08:44:01","date_gmt":"2026-02-18T14:44:01","guid":{"rendered":"https:\/\/productoshubin.com\/?post_type=product&#038;p=262083"},"modified":"2026-04-23T09:31:11","modified_gmt":"2026-04-23T15:31:11","slug":"gommy-rellenitax-4d-chescos","status":"publish","type":"product","link":"https:\/\/productoshubin.com\/es\/producto\/gommy-rellenitax-4d-chescos\/","title":{"rendered":"GOMMY RELLENITAX 4D CHESCOS"},"content":{"rendered":"<h1 data-section-id=\"lq1zzt\" data-start=\"0\" data-end=\"48\">Gommy Rellenitax 4D Chescos Gomitas Rellenas<\/h1>\n<p data-start=\"50\" data-end=\"296\">Disfruta una explosi\u00f3n de sabor con <strong data-start=\"86\" data-end=\"117\">Gommy Rellenitax 4D Chescos<\/strong> \ud83e\udd64\ud83c\udf6c. Estas divertidas <strong data-start=\"141\" data-end=\"192\">gomitas con relleno l\u00edquido de sabores frutales<\/strong> destacan por su original forma inspirada en bebidas y su delicioso centro que sorprende en cada bocado.<\/p>\n<p data-start=\"298\" data-end=\"398\">Perfectas para compartir, para mesas de dulces o para disfrutar un snack lleno de sabor y diversi\u00f3n.<\/p>\n<h2 style=\"text-align: left\" data-start=\"52\" data-end=\"299\">\ud83d\udccd Caracter\u00edsticas:<\/h2>\n<ul>\n<li style=\"text-align: left\"><strong>Envase<\/strong>: Vitrolero\/Bote<\/li>\n<li style=\"text-align: left\"><strong>Dise\u00f1o<\/strong>: Chescos<\/li>\n<li style=\"text-align: left\"><strong>Familia<\/strong>: Gommy Rellenitax 4D<\/li>\n<li style=\"text-align: left\"><strong>Contenido neto<\/strong>: 300g.<\/li>\n<li style=\"text-align: left\"><strong>Piezas<\/strong>: 30 gomitas.<\/li>\n<li style=\"text-align: left\"><strong>Peso por pieza<\/strong>: 10g.<\/li>\n<li style=\"text-align: left\"><strong>Sabores<\/strong>: Frutales<\/li>\n<\/ul>\n<p><em><br \/>\nAgrega al carrito de compra sorpr\u00e9ndete con sus dise\u00f1os y disfruta de su incre\u00edble sabor. \ud83d\udecd\ufe0f<\/em><\/p>\n","protected":false},"excerpt":{"rendered":"<p>Gommy Rellenitax 4D Chescos Gomitas Rellenas Disfruta una explosi\u00f3n de sabor con Gommy Rellenitax 4D Chescos \ud83e\udd64\ud83c\udf6c. Estas divertidas gomitas con relleno l\u00edquido de sabores frutales destacan por su original forma inspirada en bebidas y su delicioso centro que sorprende en cada bocado. Perfectas para compartir, para mesas de dulces o para disfrutar un snack [&hellip;]<\/p>\n","protected":false},"featured_media":262091,"template":"","meta":{"inline_featured_image":false},"product_brand":[],"product_cat":[49],"product_tag":[],"class_list":{"0":"post-262083","1":"product","2":"type-product","3":"status-publish","4":"has-post-thumbnail","6":"product_cat-gomitas","8":"first","9":"instock","10":"taxable","11":"shipping-taxable","12":"purchasable","13":"product-type-simple"},"_links":{"self":[{"href":"https:\/\/productoshubin.com\/es\/wp-json\/wp\/v2\/product\/262083","targetHints":{"allow":["GET"]}}],"collection":[{"href":"https:\/\/productoshubin.com\/es\/wp-json\/wp\/v2\/product"}],"about":[{"href":"https:\/\/productoshubin.com\/es\/wp-json\/wp\/v2\/types\/product"}],"wp:featuredmedia":[{"embeddable":true,"href":"https:\/\/productoshubin.com\/es\/wp-json\/wp\/v2\/media\/262091"}],"wp:attachment":[{"href":"https:\/\/productoshubin.com\/es\/wp-json\/wp\/v2\/media?parent=262083"}],"wp:term":[{"taxonomy":"product_brand","embeddable":true,"href":"https:\/\/productoshubin.com\/es\/wp-json\/wp\/v2\/product_brand?post=262083"},{"taxonomy":"product_cat","embeddable":true,"href":"https:\/\/productoshubin.com\/es\/wp-json\/wp\/v2\/product_cat?post=262083"},{"taxonomy":"product_tag","embeddable":true,"href":"https:\/\/productoshubin.com\/es\/wp-json\/wp\/v2\/product_tag?post=262083"}],"curies":[{"name":"wp","href":"https:\/\/api.w.org\/{rel}","templated":true}]}}