{"id":255,"date":"2025-10-23T10:25:30","date_gmt":"2025-10-23T16:25:30","guid":{"rendered":"https:\/\/productoshubin.com\/?post_type=product&#038;p=255"},"modified":"2026-04-14T10:35:54","modified_gmt":"2026-04-14T16:35:54","slug":"gummy-spaghetti","status":"publish","type":"product","link":"https:\/\/productoshubin.com\/es\/producto\/gummy-spaghetti\/","title":{"rendered":"GUMMY SPAGHETTI"},"content":{"rendered":"<h3 data-start=\"0\" data-end=\"24\"><strong data-start=\"0\" data-end=\"24\">GUMMY SPAGHETTI \ud83c\udf5d\ud83c\udf6c<\/strong><\/h3>\n<p data-start=\"26\" data-end=\"361\">\u00a1Un dulce divertido y lleno de sabor! <strong data-start=\"64\" data-end=\"83\">Gummy Spaghetti<\/strong> es una deliciosa <strong data-start=\"101\" data-end=\"119\">gomita rellena<\/strong> con una textura suave y un sabor irresistible que sorprender\u00e1 desde la primera mordida. Su divertida presentaci\u00f3n la convierte en el snack perfecto para disfrutar, compartir o vender. \u00a1Un antojo original que encanta a chicos y grandes! \ud83d\ude0b\u2728<\/p>\n<h2 style=\"text-align: left\" data-start=\"52\" data-end=\"299\">\ud83d\udccd Caracter\u00edsticas:<\/h2>\n<ul>\n<li style=\"text-align: left\"><strong>Envase<\/strong>: Display<\/li>\n<li style=\"text-align: left\"><strong>Dise\u00f1o<\/strong>: Spaghetti<\/li>\n<li style=\"text-align: left\"><strong>Familia<\/strong>: Gummy Spaghetti<\/li>\n<li style=\"text-align: left\"><strong>Contenido neto<\/strong>: 460g.<\/li>\n<li style=\"text-align: left\"><strong>Piezas<\/strong>: 20 paquetitos.<\/li>\n<li style=\"text-align: left\"><strong>Peso por pieza<\/strong>: 23g.<\/li>\n<li style=\"text-align: left\"><strong>Sabores<\/strong>: Frutales.<\/li>\n<\/ul>\n<p><em>Agrega al carrito de compra sorpr\u00e9ndete con sus dise\u00f1os y disfruta de su incre\u00edble sabor. \ud83d\udecd\ufe0f<\/em><\/p>\n","protected":false},"excerpt":{"rendered":"<p>Deliciosa gomita rellena<\/p>\n","protected":false},"featured_media":323,"template":"","meta":{"inline_featured_image":false},"product_brand":[],"product_cat":[49],"product_tag":[],"class_list":{"0":"post-255","1":"product","2":"type-product","3":"status-publish","4":"has-post-thumbnail","6":"product_cat-gomitas","8":"first","9":"instock","10":"taxable","11":"shipping-taxable","12":"purchasable","13":"product-type-simple"},"_links":{"self":[{"href":"https:\/\/productoshubin.com\/es\/wp-json\/wp\/v2\/product\/255","targetHints":{"allow":["GET"]}}],"collection":[{"href":"https:\/\/productoshubin.com\/es\/wp-json\/wp\/v2\/product"}],"about":[{"href":"https:\/\/productoshubin.com\/es\/wp-json\/wp\/v2\/types\/product"}],"wp:featuredmedia":[{"embeddable":true,"href":"https:\/\/productoshubin.com\/es\/wp-json\/wp\/v2\/media\/323"}],"wp:attachment":[{"href":"https:\/\/productoshubin.com\/es\/wp-json\/wp\/v2\/media?parent=255"}],"wp:term":[{"taxonomy":"product_brand","embeddable":true,"href":"https:\/\/productoshubin.com\/es\/wp-json\/wp\/v2\/product_brand?post=255"},{"taxonomy":"product_cat","embeddable":true,"href":"https:\/\/productoshubin.com\/es\/wp-json\/wp\/v2\/product_cat?post=255"},{"taxonomy":"product_tag","embeddable":true,"href":"https:\/\/productoshubin.com\/es\/wp-json\/wp\/v2\/product_tag?post=255"}],"curies":[{"name":"wp","href":"https:\/\/api.w.org\/{rel}","templated":true}]}}