{"id":110,"date":"2025-10-23T10:21:50","date_gmt":"2025-10-23T16:21:50","guid":{"rendered":"https:\/\/productoshubin.com\/?post_type=product&#038;p=110"},"modified":"2026-04-16T12:04:22","modified_gmt":"2026-04-16T18:04:22","slug":"dulce-aplauso","status":"publish","type":"product","link":"https:\/\/productoshubin.com\/es\/producto\/dulce-aplauso\/","title":{"rendered":"DULCE APLAUSO"},"content":{"rendered":"<p data-start=\"0\" data-end=\"22\"><strong data-start=\"0\" data-end=\"22\">DULCE APLAUSO \ud83d\udc4f\ud83c\udf6c<\/strong><\/p>\n<p data-start=\"24\" data-end=\"379\">\u00a1Un dulce que trae diversi\u00f3n en cada pieza! <strong data-start=\"68\" data-end=\"85\">Dulce Aplauso<\/strong> es un delicioso <strong data-start=\"102\" data-end=\"142\">dulce confitado con sabores frutales<\/strong> que adem\u00e1s <strong data-start=\"154\" data-end=\"186\">incluye un divertido juguete<\/strong>, haciendo de cada momento una experiencia llena de sabor y entretenimiento. Ideal para chicos y grandes que disfrutan de un dulce diferente. \u00a1Disfr\u00fatalo y deja que comience la diversi\u00f3n! \ud83d\ude0b\u2728<\/p>\n<h2 style=\"text-align: left;\" data-start=\"52\" data-end=\"299\">\ud83d\udccd Caracter\u00edsticas:<\/h2>\n<ul>\n<li style=\"text-align: left;\"><strong>Envase<\/strong>: Display<\/li>\n<li style=\"text-align: left;\"><strong>Dise\u00f1o<\/strong>: Manos<\/li>\n<li style=\"text-align: left;\"><strong>Familia<\/strong>: Juguetes<\/li>\n<li style=\"text-align: left;\"><strong>Contenido neto<\/strong>: 60g.<\/li>\n<li style=\"text-align: left;\"><strong>Piezas<\/strong>: 30 Manos<\/li>\n<li style=\"text-align: left;\"><strong>Peso por pieza<\/strong>: 2g.<\/li>\n<li style=\"text-align: left;\"><strong>Sabores<\/strong>: Frutales<\/li>\n<\/ul>\n<p><em>Agrega al carrito de compra sorpr\u00e9ndete con sus dise\u00f1os y disfruta de su incre\u00edble sabor. \ud83d\udecd\ufe0f<\/em><\/p>\n","protected":false},"excerpt":{"rendered":"<p>Juguete con dulce confitado<\/p>\n","protected":false},"featured_media":198,"template":"","meta":{"inline_featured_image":false},"product_brand":[],"product_cat":[57],"product_tag":[],"class_list":{"0":"post-110","1":"product","2":"type-product","3":"status-publish","4":"has-post-thumbnail","6":"product_cat-juguetes","8":"first","9":"instock","10":"taxable","11":"shipping-taxable","12":"purchasable","13":"product-type-simple"},"_links":{"self":[{"href":"https:\/\/productoshubin.com\/es\/wp-json\/wp\/v2\/product\/110","targetHints":{"allow":["GET"]}}],"collection":[{"href":"https:\/\/productoshubin.com\/es\/wp-json\/wp\/v2\/product"}],"about":[{"href":"https:\/\/productoshubin.com\/es\/wp-json\/wp\/v2\/types\/product"}],"wp:featuredmedia":[{"embeddable":true,"href":"https:\/\/productoshubin.com\/es\/wp-json\/wp\/v2\/media\/198"}],"wp:attachment":[{"href":"https:\/\/productoshubin.com\/es\/wp-json\/wp\/v2\/media?parent=110"}],"wp:term":[{"taxonomy":"product_brand","embeddable":true,"href":"https:\/\/productoshubin.com\/es\/wp-json\/wp\/v2\/product_brand?post=110"},{"taxonomy":"product_cat","embeddable":true,"href":"https:\/\/productoshubin.com\/es\/wp-json\/wp\/v2\/product_cat?post=110"},{"taxonomy":"product_tag","embeddable":true,"href":"https:\/\/productoshubin.com\/es\/wp-json\/wp\/v2\/product_tag?post=110"}],"curies":[{"name":"wp","href":"https:\/\/api.w.org\/{rel}","templated":true}]}}