{"id":106,"date":"2025-10-23T10:21:50","date_gmt":"2025-10-23T16:21:50","guid":{"rendered":"https:\/\/productoshubin.com\/?post_type=product&#038;p=106"},"modified":"2026-04-16T11:21:25","modified_gmt":"2026-04-16T17:21:25","slug":"conitoy","status":"publish","type":"product","link":"https:\/\/productoshubin.com\/es\/producto\/conitoy\/","title":{"rendered":"CONITOY"},"content":{"rendered":"<h3 data-start=\"0\" data-end=\"18\"><strong data-start=\"0\" data-end=\"18\">CONITOY \ud83c\udf66\ud83c\udf6b\ud83c\udf81<\/strong><\/h3>\n<p data-start=\"20\" data-end=\"327\">\u00a1Un dulce divertido con sorpresa! <strong data-start=\"54\" data-end=\"65\">Conitoy<\/strong> es un delicioso <strong data-start=\"82\" data-end=\"135\">barquillo de galleta con golosina sabor chocolate<\/strong>, que adem\u00e1s <strong data-start=\"148\" data-end=\"170\">incluye un juguete<\/strong> para hacer cada momento a\u00fan m\u00e1s emocionante. Perfecto para disfrutar, coleccionar y compartir. \u00a1Un antojo que combina sabor y diversi\u00f3n en cada pieza! \ud83d\ude0b\u2728<\/p>\n<h2 style=\"text-align: left;\" data-start=\"52\" data-end=\"299\">\ud83d\udccd Caracter\u00edsticas:<\/h2>\n<ul>\n<li style=\"text-align: left;\"><strong>Envase<\/strong>: Display<\/li>\n<li style=\"text-align: left;\"><strong>Dise\u00f1o<\/strong>: Conos<\/li>\n<li style=\"text-align: left;\"><strong>Familia<\/strong>: Conitoy<\/li>\n<li style=\"text-align: left;\"><strong>Contenido neto<\/strong>: 280g.<\/li>\n<li style=\"text-align: left;\"><strong>Piezas<\/strong>: 20 conitos.<\/li>\n<li style=\"text-align: left;\"><strong>Peso por pieza<\/strong>: 14g.<\/li>\n<li style=\"text-align: left;\"><strong>Sabores<\/strong>: Chocolate<\/li>\n<\/ul>\n<p><em>Agrega al carrito de compra sorpr\u00e9ndete con sus dise\u00f1os y disfruta de su incre\u00edble sabor. \ud83d\udecd\ufe0f<\/em><\/p>\n","protected":false},"excerpt":{"rendered":"<p>CONITOY \ud83c\udf66\ud83c\udf6b\ud83c\udf81 \u00a1Un dulce divertido con sorpresa! Conitoy es un delicioso barquillo de galleta con golosina sabor chocolate, que adem\u00e1s incluye un juguete para hacer cada momento a\u00fan m\u00e1s emocionante. Perfecto para disfrutar, coleccionar y compartir. \u00a1Un antojo que combina sabor y diversi\u00f3n en cada pieza! \ud83d\ude0b\u2728 \ud83d\udccd Caracter\u00edsticas: Envase: Display Dise\u00f1o: Conos Familia: Conitoy [&hellip;]<\/p>\n","protected":false},"featured_media":184,"template":"","meta":{"inline_featured_image":false},"product_brand":[],"product_cat":[51],"product_tag":[],"class_list":{"0":"post-106","1":"product","2":"type-product","3":"status-publish","4":"has-post-thumbnail","6":"product_cat-chocolate-y-galletas","8":"first","9":"instock","10":"taxable","11":"shipping-taxable","12":"purchasable","13":"product-type-simple"},"_links":{"self":[{"href":"https:\/\/productoshubin.com\/es\/wp-json\/wp\/v2\/product\/106","targetHints":{"allow":["GET"]}}],"collection":[{"href":"https:\/\/productoshubin.com\/es\/wp-json\/wp\/v2\/product"}],"about":[{"href":"https:\/\/productoshubin.com\/es\/wp-json\/wp\/v2\/types\/product"}],"wp:featuredmedia":[{"embeddable":true,"href":"https:\/\/productoshubin.com\/es\/wp-json\/wp\/v2\/media\/184"}],"wp:attachment":[{"href":"https:\/\/productoshubin.com\/es\/wp-json\/wp\/v2\/media?parent=106"}],"wp:term":[{"taxonomy":"product_brand","embeddable":true,"href":"https:\/\/productoshubin.com\/es\/wp-json\/wp\/v2\/product_brand?post=106"},{"taxonomy":"product_cat","embeddable":true,"href":"https:\/\/productoshubin.com\/es\/wp-json\/wp\/v2\/product_cat?post=106"},{"taxonomy":"product_tag","embeddable":true,"href":"https:\/\/productoshubin.com\/es\/wp-json\/wp\/v2\/product_tag?post=106"}],"curies":[{"name":"wp","href":"https:\/\/api.w.org\/{rel}","templated":true}]}}