{"id":104,"date":"2025-10-23T16:21:50","date_gmt":"2025-10-23T16:21:50","guid":{"rendered":"https:\/\/productoshubin.com\/?post_type=product&#038;p=104"},"modified":"2026-04-14T20:04:23","modified_gmt":"2026-04-15T02:04:23","slug":"choco-cop-toy-surtido","status":"publish","type":"product","link":"https:\/\/productoshubin.com\/es\/producto\/choco-cop-toy-surtido\/","title":{"rendered":"CHOCO COP TOY SURTIDO"},"content":{"rendered":"<h2 data-start=\"0\" data-end=\"44\"><strong data-start=\"0\" data-end=\"44\"><span class=\"BZ_Pyq_fadeIn\">GOLOSINA <\/span><span class=\"BZ_Pyq_fadeIn\">CHOCO <\/span><span class=\"BZ_Pyq_fadeIn\">FRESA <\/span><span class=\"BZ_Pyq_fadeIn\">CON <\/span><span class=\"BZ_Pyq_fadeIn\">SORPRESA \ud83c\udf6b\ud83c\udf53\ud83c\udf81<\/span><\/strong><\/h2>\n<p data-start=\"46\" data-end=\"380\"><span class=\"BZ_Pyq_fadeIn\">\u00a1<\/span><span class=\"BZ_Pyq_fadeIn\">Una <\/span><span class=\"BZ_Pyq_fadeIn\">combinaci\u00f3n <\/span><span class=\"BZ_Pyq_fadeIn\">irresistible <\/span><span class=\"BZ_Pyq_fadeIn\">de <\/span><span class=\"BZ_Pyq_fadeIn\">sabor <\/span><span class=\"BZ_Pyq_fadeIn\">y <\/span><span class=\"BZ_Pyq_fadeIn\">diversi\u00f3n! <\/span><span class=\"BZ_Pyq_fadeIn\">Deliciosa <\/span><strong data-start=\"108\" data-end=\"156\"><span class=\"BZ_Pyq_fadeIn\">golosina <\/span><span class=\"BZ_Pyq_fadeIn\">sabor <\/span><span class=\"BZ_Pyq_fadeIn\">chocolate <\/span><span class=\"BZ_Pyq_fadeIn\">y <\/span><span class=\"BZ_Pyq_fadeIn\">fresa <\/span><span class=\"BZ_Pyq_fadeIn\">con <\/span><span class=\"BZ_Pyq_fadeIn\">galleta<\/span><\/strong><span class=\"BZ_Pyq_fadeIn\">, <\/span><span class=\"BZ_Pyq_fadeIn\">que <\/span><span class=\"BZ_Pyq_fadeIn\">adem\u00e1s <\/span><strong data-start=\"169\" data-end=\"209\"><span class=\"BZ_Pyq_fadeIn\">incluye <\/span><span class=\"BZ_Pyq_fadeIn\">un <\/span><span class=\"BZ_Pyq_fadeIn\">juguete <\/span><span class=\"BZ_Pyq_fadeIn\">y <\/span><span class=\"BZ_Pyq_fadeIn\">1 polvito tronador <\/span><\/strong><span class=\"BZ_Pyq_fadeIn\">para <\/span><span class=\"BZ_Pyq_fadeIn\">hacer <\/span><span class=\"BZ_Pyq_fadeIn\">la <\/span><span class=\"BZ_Pyq_fadeIn\">experiencia <\/span><span class=\"BZ_Pyq_fadeIn\">a\u00fan <\/span><span class=\"BZ_Pyq_fadeIn\">m\u00e1s <\/span><span class=\"BZ_Pyq_fadeIn\">emocionante. <\/span><span class=\"BZ_Pyq_fadeIn\">Perfecta <\/span><span class=\"BZ_Pyq_fadeIn\">para <\/span><span class=\"BZ_Pyq_fadeIn\">disfrutar <\/span><span class=\"BZ_Pyq_fadeIn\">de <\/span><span class=\"BZ_Pyq_fadeIn\">un <\/span><span class=\"BZ_Pyq_fadeIn\">dulce <\/span><span class=\"BZ_Pyq_fadeIn\">momento <\/span><span class=\"BZ_Pyq_fadeIn\">lleno <\/span><span class=\"BZ_Pyq_fadeIn\">de <\/span><span class=\"BZ_Pyq_fadeIn\">sorpresa <\/span><span class=\"BZ_Pyq_fadeIn\">y <\/span><span class=\"BZ_Pyq_fadeIn\">diversi\u00f3n. \u00a1<\/span><span class=\"BZ_Pyq_fadeIn\">Un <\/span><span class=\"BZ_Pyq_fadeIn\">antojo <\/span><span class=\"BZ_Pyq_fadeIn\">que <\/span><span class=\"BZ_Pyq_fadeIn\">encanta <\/span><span class=\"BZ_Pyq_fadeIn\">a <\/span><span class=\"BZ_Pyq_fadeIn\">chicos <\/span><span class=\"BZ_Pyq_fadeIn\">y <\/span><span class=\"BZ_Pyq_fadeIn\">grandes! \ud83d\ude0b\u2728<\/span><\/p>\n<h2 style=\"text-align: left;\" data-start=\"52\" data-end=\"299\">\ud83d\udccd Caracter\u00edsticas:<\/h2>\n<ul>\n<li style=\"text-align: left;\"><strong>Envase<\/strong>: Tira<\/li>\n<li style=\"text-align: left;\"><strong>Dise\u00f1o<\/strong>: Choco Cop Toy<\/li>\n<li style=\"text-align: left;\"><strong>Familia<\/strong>: Choco Cop Toy<\/li>\n<li style=\"text-align: left;\"><strong>Contenido neto<\/strong>: 372g.<\/li>\n<li style=\"text-align: left;\"><strong>Piezas<\/strong>: 12 vasitos.<\/li>\n<li style=\"text-align: left;\"><strong>Peso por pieza<\/strong>: 31g.<\/li>\n<li style=\"text-align: left;\"><strong>Sabores<\/strong>: Chocolate y Fresa.<\/li>\n<\/ul>\n<p data-start=\"455\" data-end=\"600\" data-is-last-node=\"\" data-is-only-node=\"\"><em>Agrega al carrito de compra sorpr\u00e9ndete con sus dise\u00f1os y disfruta de su incre\u00edble sabor. \ud83d\udecd\ufe0f<\/em><\/p>\n","protected":false},"excerpt":{"rendered":"<p>Golosina sabor chocolate y fresa con galleta, incluye juguete y 1 popping candy<\/p>\n","protected":false},"featured_media":179,"template":"","meta":{"inline_featured_image":false},"product_brand":[],"product_cat":[51],"product_tag":[],"class_list":{"0":"post-104","1":"product","2":"type-product","3":"status-publish","4":"has-post-thumbnail","6":"product_cat-chocolate-y-galletas","8":"first","9":"instock","10":"taxable","11":"shipping-taxable","12":"purchasable","13":"product-type-simple"},"_links":{"self":[{"href":"https:\/\/productoshubin.com\/es\/wp-json\/wp\/v2\/product\/104","targetHints":{"allow":["GET"]}}],"collection":[{"href":"https:\/\/productoshubin.com\/es\/wp-json\/wp\/v2\/product"}],"about":[{"href":"https:\/\/productoshubin.com\/es\/wp-json\/wp\/v2\/types\/product"}],"wp:featuredmedia":[{"embeddable":true,"href":"https:\/\/productoshubin.com\/es\/wp-json\/wp\/v2\/media\/179"}],"wp:attachment":[{"href":"https:\/\/productoshubin.com\/es\/wp-json\/wp\/v2\/media?parent=104"}],"wp:term":[{"taxonomy":"product_brand","embeddable":true,"href":"https:\/\/productoshubin.com\/es\/wp-json\/wp\/v2\/product_brand?post=104"},{"taxonomy":"product_cat","embeddable":true,"href":"https:\/\/productoshubin.com\/es\/wp-json\/wp\/v2\/product_cat?post=104"},{"taxonomy":"product_tag","embeddable":true,"href":"https:\/\/productoshubin.com\/es\/wp-json\/wp\/v2\/product_tag?post=104"}],"curies":[{"name":"wp","href":"https:\/\/api.w.org\/{rel}","templated":true}]}}