{"id":99,"date":"2025-10-23T10:21:49","date_gmt":"2025-10-23T16:21:49","guid":{"rendered":"https:\/\/productoshubin.com\/?post_type=product&#038;p=99"},"modified":"2026-04-06T16:52:47","modified_gmt":"2026-04-06T22:52:47","slug":"super-food-mix-tira","status":"publish","type":"product","link":"https:\/\/productoshubin.com\/en\/product\/super-food-mix-tira\/","title":{"rendered":"S\u00daPER FOOD MIX TIRA"},"content":{"rendered":"<h2 data-start=\"0\" data-end=\"30\"><strong data-start=\"0\" data-end=\"30\">S\u00daPER FOOD MIX TIRA \ud83c\udf54\ud83c\udf55\ud83c\udf6c<\/strong><\/h2>\n<p data-start=\"32\" data-end=\"384\">\u00a1Diversi\u00f3n y sabor en cada gomita! <strong data-start=\"67\" data-end=\"90\">S\u00faper Food Mix Tira<\/strong> trae deliciosas <strong data-start=\"107\" data-end=\"187\">gomitas con dulce sabor a frutas y divertidas formas inspiradas en alimentos<\/strong>, perfectas para disfrutar, compartir o vender. Su colorida presentaci\u00f3n y variedad de formas hacen que cada pieza sea una experiencia divertida y deliciosa. \u00a1Un antojo que siempre sorprende! \ud83d\ude0b\u2728<\/p>\n<h2 style=\"text-align: left\" data-start=\"52\" data-end=\"299\">\ud83d\udccd Caracter\u00edsticas:<\/h2>\n<ul>\n<li style=\"text-align: left\"><strong>Envase<\/strong>: Tira<\/li>\n<li style=\"text-align: left\"><strong>Dise\u00f1o<\/strong>: Super Food Mix<\/li>\n<li style=\"text-align: left\"><strong>Familia<\/strong>: Super Food Mix<\/li>\n<li style=\"text-align: left\"><strong>Contenido neto<\/strong>: 500g.<\/li>\n<li style=\"text-align: left\"><strong>Piezas<\/strong>: 50 gomitas.<\/li>\n<li style=\"text-align: left\"><strong>Peso por pieza<\/strong>: 10g.<\/li>\n<li style=\"text-align: left\"><strong>Sabores<\/strong>: Frutales.<\/li>\n<\/ul>\n<p data-start=\"455\" data-end=\"600\" data-is-last-node=\"\" data-is-only-node=\"\"><em>Agrega al carrito de compra sorpr\u00e9ndete con sus dise\u00f1os y disfruta de su incre\u00edble sabor. \ud83d\udecd\ufe0f<\/em><\/p>","protected":false},"excerpt":{"rendered":"<p>Gomita de dulce sabor a frutas<\/p>","protected":false},"featured_media":160,"template":"","meta":{"inline_featured_image":false},"product_brand":[],"product_cat":[49],"product_tag":[],"class_list":{"0":"post-99","1":"product","2":"type-product","3":"status-publish","4":"has-post-thumbnail","6":"product_cat-gomitas","8":"first","9":"instock","10":"taxable","11":"shipping-taxable","12":"purchasable","13":"product-type-simple"},"_links":{"self":[{"href":"https:\/\/productoshubin.com\/en\/wp-json\/wp\/v2\/product\/99","targetHints":{"allow":["GET"]}}],"collection":[{"href":"https:\/\/productoshubin.com\/en\/wp-json\/wp\/v2\/product"}],"about":[{"href":"https:\/\/productoshubin.com\/en\/wp-json\/wp\/v2\/types\/product"}],"wp:featuredmedia":[{"embeddable":true,"href":"https:\/\/productoshubin.com\/en\/wp-json\/wp\/v2\/media\/160"}],"wp:attachment":[{"href":"https:\/\/productoshubin.com\/en\/wp-json\/wp\/v2\/media?parent=99"}],"wp:term":[{"taxonomy":"product_brand","embeddable":true,"href":"https:\/\/productoshubin.com\/en\/wp-json\/wp\/v2\/product_brand?post=99"},{"taxonomy":"product_cat","embeddable":true,"href":"https:\/\/productoshubin.com\/en\/wp-json\/wp\/v2\/product_cat?post=99"},{"taxonomy":"product_tag","embeddable":true,"href":"https:\/\/productoshubin.com\/en\/wp-json\/wp\/v2\/product_tag?post=99"}],"curies":[{"name":"wp","href":"https:\/\/api.w.org\/{rel}","templated":true}]}}