{"id":94,"date":"2025-10-23T10:21:49","date_gmt":"2025-10-23T16:21:49","guid":{"rendered":"https:\/\/productoshubin.com\/?post_type=product&#038;p=94"},"modified":"2026-03-18T14:23:29","modified_gmt":"2026-03-18T20:23:29","slug":"malvabin-granillo","status":"publish","type":"product","link":"https:\/\/productoshubin.com\/en\/product\/malvabin-granillo\/","title":{"rendered":"MALVABIN GRANILLO"},"content":{"rendered":"<div class=\"flex flex-col text-sm pb-25\">\n<article class=\"text-token-text-primary w-full focus:outline-none [--shadow-height:45px] has-data-writing-block:pointer-events-none has-data-writing-block:-mt-(--shadow-height) has-data-writing-block:pt-(--shadow-height) [&amp;:has([data-writing-block])&gt;*]:pointer-events-auto scroll-mt-[calc(var(--header-height)+min(200px,max(70px,20svh)))]\" dir=\"auto\" data-turn-id=\"request-69a8ae3a-11b8-83e8-a810-80a02931ddc2-13\" data-testid=\"conversation-turn-284\" data-scroll-anchor=\"true\" data-turn=\"assistant\">\n<div class=\"text-base my-auto mx-auto pb-10 [--thread-content-margin:var(--thread-content-margin-xs,calc(var(--spacing)*4))] @w-sm\/main:[--thread-content-margin:var(--thread-content-margin-sm,calc(var(--spacing)*6))] @w-lg\/main:[--thread-content-margin:var(--thread-content-margin-lg,calc(var(--spacing)*16))] px-(--thread-content-margin)\">\n<div class=\"[--thread-content-max-width:40rem] @w-lg\/main:[--thread-content-max-width:48rem] mx-auto max-w-(--thread-content-max-width) flex-1 group\/turn-messages focus-visible:outline-hidden relative flex w-full min-w-0 flex-col agent-turn\">\n<div class=\"flex max-w-full flex-col gap-4 grow\">\n<div class=\"min-h-8 text-message relative flex w-full flex-col items-end gap-2 text-start break-words whitespace-normal [.text-message+&amp;]:mt-1\" dir=\"auto\" data-message-author-role=\"assistant\" data-message-id=\"ee1b6254-0c9d-4f27-b895-4bad0a1d0224\" data-message-model-slug=\"gpt-5-3\">\n<div class=\"flex w-full flex-col gap-1 empty:hidden\">\n<div class=\"markdown prose dark:prose-invert w-full wrap-break-word light markdown-new-styling\">\n<p data-start=\"0\" data-end=\"25\"><strong data-start=\"0\" data-end=\"25\">MALVABIN GRANILLO \ud83c\udf6c\u2728<\/strong><\/p>\n<p data-start=\"27\" data-end=\"365\">\u00a1Un cl\u00e1sico lleno de sabor y textura! <strong data-start=\"65\" data-end=\"86\">Malvabin Granillo<\/strong> es un delicioso <strong data-start=\"103\" data-end=\"166\">malvavisco suave y esponjoso cubierto de crujientes grageas<\/strong>, que ofrece una combinaci\u00f3n perfecta entre dulzura y diversi\u00f3n en cada bocado. Ideal para disfrutar como snack, compartir o vender en su pr\u00e1ctica presentaci\u00f3n. \u00a1Un antojo que siempre encanta! \ud83d\ude0b\ud83c\udf89<\/p>\n<h2 style=\"text-align: left;\" data-start=\"52\" data-end=\"299\">\ud83d\udccd Caracter\u00edsticas:<\/h2>\n<ul>\n<li style=\"text-align: left;\"><strong>Envase<\/strong>: Bolsa<\/li>\n<li style=\"text-align: left;\"><strong>Dise\u00f1o<\/strong>: Bomb\u00f3n<\/li>\n<li style=\"text-align: left;\"><strong>Familia<\/strong>: Mega Bomb\u00f3n<\/li>\n<li style=\"text-align: left;\"><strong>Contenido neto<\/strong>: 450g.<\/li>\n<li style=\"text-align: left;\"><strong>Piezas<\/strong>: 20 bombones.<\/li>\n<li style=\"text-align: left;\"><strong>Peso por pieza<\/strong>: 18.75g aprox.<\/li>\n<li style=\"text-align: left;\"><strong>Sabores<\/strong>: Az\u00facar<\/li>\n<\/ul>\n<p><em>Agrega al carrito de compra sorpr\u00e9ndete con sus dise\u00f1os y disfruta de su incre\u00edble sabor. \ud83d\udecd\ufe0f<\/em><\/p>\n<\/div>\n<\/div>\n<\/div>\n<\/div>\n<\/div>\n<\/div>\n<\/article>\n<\/div>\n","protected":false},"excerpt":{"rendered":"<p>Malvavisco cubierto de grageas<\/p>","protected":false},"featured_media":143,"template":"","meta":{"inline_featured_image":false},"product_brand":[],"product_cat":[43],"product_tag":[],"class_list":{"0":"post-94","1":"product","2":"type-product","3":"status-publish","4":"has-post-thumbnail","6":"product_cat-bombones","8":"first","9":"outofstock","10":"taxable","11":"shipping-taxable","12":"purchasable","13":"product-type-simple"},"_links":{"self":[{"href":"https:\/\/productoshubin.com\/en\/wp-json\/wp\/v2\/product\/94","targetHints":{"allow":["GET"]}}],"collection":[{"href":"https:\/\/productoshubin.com\/en\/wp-json\/wp\/v2\/product"}],"about":[{"href":"https:\/\/productoshubin.com\/en\/wp-json\/wp\/v2\/types\/product"}],"wp:featuredmedia":[{"embeddable":true,"href":"https:\/\/productoshubin.com\/en\/wp-json\/wp\/v2\/media\/143"}],"wp:attachment":[{"href":"https:\/\/productoshubin.com\/en\/wp-json\/wp\/v2\/media?parent=94"}],"wp:term":[{"taxonomy":"product_brand","embeddable":true,"href":"https:\/\/productoshubin.com\/en\/wp-json\/wp\/v2\/product_brand?post=94"},{"taxonomy":"product_cat","embeddable":true,"href":"https:\/\/productoshubin.com\/en\/wp-json\/wp\/v2\/product_cat?post=94"},{"taxonomy":"product_tag","embeddable":true,"href":"https:\/\/productoshubin.com\/en\/wp-json\/wp\/v2\/product_tag?post=94"}],"curies":[{"name":"wp","href":"https:\/\/api.w.org\/{rel}","templated":true}]}}