{"id":93,"date":"2025-10-23T10:21:49","date_gmt":"2025-10-23T16:21:49","guid":{"rendered":"https:\/\/productoshubin.com\/?post_type=product&#038;p=93"},"modified":"2026-04-08T16:40:21","modified_gmt":"2026-04-08T22:40:21","slug":"bombon-mega","status":"publish","type":"product","link":"https:\/\/productoshubin.com\/en\/product\/bombon-mega\/","title":{"rendered":"BOMB\u00d3N MEGA"},"content":{"rendered":"<p data-start=\"0\" data-end=\"19\"><strong data-start=\"0\" data-end=\"19\">BOMB\u00d3N MEGA \ud83c\udf6c\u2728<\/strong><\/p>\n<p data-start=\"21\" data-end=\"387\">\u00a1M\u00e1s grande, m\u00e1s dulce y m\u00e1s divertido! <strong data-start=\"61\" data-end=\"76\">Bomb\u00f3n Mega<\/strong> es un delicioso <strong data-start=\"93\" data-end=\"138\">malvavisco cubierto de crujientes grageas<\/strong>, que combina una textura suave y esponjosa con un toque crujiente irresistible. Su tama\u00f1o lo hace perfecto para quienes buscan disfrutar de un dulce a\u00fan m\u00e1s grande y lleno de sabor. \u00a1Ideal para compartir o consentirte con un antojo especial! \ud83d\ude0b\ud83c\udf89<\/p>\n<h2 style=\"text-align: left;\" data-start=\"52\" data-end=\"299\">\ud83d\udccd Caracter\u00edsticas:<\/h2>\n<ul>\n<li style=\"text-align: left;\"><strong>Envase<\/strong>: Bolsa<\/li>\n<li style=\"text-align: left;\"><strong>Dise\u00f1o<\/strong>: Bomb\u00f3n<\/li>\n<li style=\"text-align: left;\"><strong>Familia<\/strong>: Mega Bomb\u00f3n<\/li>\n<li style=\"text-align: left;\"><strong>Contenido neto<\/strong>: 450g.<\/li>\n<li style=\"text-align: left;\"><strong>Piezas<\/strong>: 20 bombones.<\/li>\n<li style=\"text-align: left;\"><strong>Peso por pieza<\/strong>: 22.5g.<\/li>\n<li style=\"text-align: left;\"><strong>Sabores<\/strong>: Az\u00facar<\/li>\n<\/ul>\n<p><em>Agrega al carrito de compra sorpr\u00e9ndete con sus dise\u00f1os y disfruta de su incre\u00edble sabor. \ud83d\udecd\ufe0f<\/em><\/p>","protected":false},"excerpt":{"rendered":"<p>Malvavisco cubierto de grageas<\/p>","protected":false},"featured_media":141,"template":"","meta":{"inline_featured_image":false},"product_brand":[],"product_cat":[43],"product_tag":[],"class_list":{"0":"post-93","1":"product","2":"type-product","3":"status-publish","4":"has-post-thumbnail","6":"product_cat-bombones","8":"first","9":"instock","10":"taxable","11":"shipping-taxable","12":"purchasable","13":"product-type-simple"},"_links":{"self":[{"href":"https:\/\/productoshubin.com\/en\/wp-json\/wp\/v2\/product\/93","targetHints":{"allow":["GET"]}}],"collection":[{"href":"https:\/\/productoshubin.com\/en\/wp-json\/wp\/v2\/product"}],"about":[{"href":"https:\/\/productoshubin.com\/en\/wp-json\/wp\/v2\/types\/product"}],"wp:featuredmedia":[{"embeddable":true,"href":"https:\/\/productoshubin.com\/en\/wp-json\/wp\/v2\/media\/141"}],"wp:attachment":[{"href":"https:\/\/productoshubin.com\/en\/wp-json\/wp\/v2\/media?parent=93"}],"wp:term":[{"taxonomy":"product_brand","embeddable":true,"href":"https:\/\/productoshubin.com\/en\/wp-json\/wp\/v2\/product_brand?post=93"},{"taxonomy":"product_cat","embeddable":true,"href":"https:\/\/productoshubin.com\/en\/wp-json\/wp\/v2\/product_cat?post=93"},{"taxonomy":"product_tag","embeddable":true,"href":"https:\/\/productoshubin.com\/en\/wp-json\/wp\/v2\/product_tag?post=93"}],"curies":[{"name":"wp","href":"https:\/\/api.w.org\/{rel}","templated":true}]}}