{"id":90,"date":"2025-10-23T10:21:49","date_gmt":"2025-10-23T16:21:49","guid":{"rendered":"https:\/\/productoshubin.com\/?post_type=product&#038;p=90"},"modified":"2026-04-30T15:14:27","modified_gmt":"2026-04-30T21:14:27","slug":"bombon-baby-boy","status":"publish","type":"product","link":"https:\/\/productoshubin.com\/en\/product\/bombon-baby-boy\/","title":{"rendered":"BOMB\u00d3N BABY BOY"},"content":{"rendered":"<article class=\"text-token-text-primary w-full focus:outline-none [--shadow-height:45px] has-data-writing-block:pointer-events-none has-data-writing-block:-mt-(--shadow-height) has-data-writing-block:pt-(--shadow-height) [&amp;:has([data-writing-block])&gt;*]:pointer-events-auto scroll-mt-(--header-height)\" dir=\"auto\" data-turn-id=\"eb1dc0ac-6545-42d7-a26e-eb3e6e9f8407\" data-testid=\"conversation-turn-275\" data-scroll-anchor=\"false\" data-turn=\"user\"><\/article>\n<article class=\"text-token-text-primary w-full focus:outline-none [--shadow-height:45px] has-data-writing-block:pointer-events-none has-data-writing-block:-mt-(--shadow-height) has-data-writing-block:pt-(--shadow-height) [&amp;:has([data-writing-block])&gt;*]:pointer-events-auto scroll-mt-[calc(var(--header-height)+min(200px,max(70px,20svh)))]\" dir=\"auto\" data-turn-id=\"request-69a8ae3a-11b8-83e8-a810-80a02931ddc2-9\" data-testid=\"conversation-turn-276\" data-scroll-anchor=\"true\" data-turn=\"assistant\">\n<div class=\"text-base my-auto mx-auto pb-10 [--thread-content-margin:var(--thread-content-margin-xs,calc(var(--spacing)*4))] @w-sm\/main:[--thread-content-margin:var(--thread-content-margin-sm,calc(var(--spacing)*6))] @w-lg\/main:[--thread-content-margin:var(--thread-content-margin-lg,calc(var(--spacing)*16))] px-(--thread-content-margin)\">\n<div class=\"[--thread-content-max-width:40rem] @w-lg\/main:[--thread-content-max-width:48rem] mx-auto max-w-(--thread-content-max-width) flex-1 group\/turn-messages focus-visible:outline-hidden relative flex w-full min-w-0 flex-col agent-turn\">\n<div class=\"flex max-w-full flex-col gap-4 grow\">\n<div class=\"min-h-8 text-message relative flex w-full flex-col items-end gap-2 text-start break-words whitespace-normal [.text-message+&amp;]:mt-1\" dir=\"auto\" data-message-author-role=\"assistant\" data-message-id=\"561a51ed-147f-4cc6-95df-83dadaadb7ef\" data-message-model-slug=\"gpt-5-3\">\n<div class=\"flex w-full flex-col gap-1 empty:hidden\">\n<div class=\"markdown prose dark:prose-invert w-full wrap-break-word light markdown-new-styling\">\n<h2 data-start=\"0\" data-end=\"24\"><strong data-start=\"0\" data-end=\"24\">BOMB\u00d3N BABY BOY \ud83d\udc99\ud83c\udf6c<\/strong><\/h2>\n<p data-start=\"26\" data-end=\"371\">\u00a1Dulzura perfecta para celebrar! <strong data-start=\"59\" data-end=\"78\">Bomb\u00f3n Baby Boy<\/strong> es un delicioso <strong data-start=\"95\" data-end=\"139\">malvavisco cubierto de grageas aperladas<\/strong>, con una textura suave y esponjosa que se combina con un toque crujiente y brillante. Ideal para celebraciones, detalles especiales o simplemente disfrutar de un dulce lleno de ternura y sabor. \u00a1Un antojo que encanta a todos! \ud83d\ude0b\u2728<\/p>\n<h2 style=\"text-align: left\" data-start=\"52\" data-end=\"299\">\ud83d\udccd Caracter\u00edsticas:<\/h2>\n<ul>\n<li style=\"text-align: left\"><strong>Envase<\/strong>: Bolsa<\/li>\n<li style=\"text-align: left\"><strong>Dise\u00f1o<\/strong>: Bombon Baby Boy<\/li>\n<li style=\"text-align: left\"><strong>Familia<\/strong>: Bombon Baby<\/li>\n<li style=\"text-align: left\"><strong>Contenido neto<\/strong>: 200g.<\/li>\n<li style=\"text-align: left\"><strong>Piezas<\/strong>: 20 bombones.<\/li>\n<li style=\"text-align: left\"><strong>Peso por pieza<\/strong>: 10g.<\/li>\n<li style=\"text-align: left\"><strong>Sabores<\/strong>: Varia.<\/li>\n<\/ul>\n<p data-start=\"455\" data-end=\"600\" data-is-last-node=\"\" data-is-only-node=\"\"><em>Agrega al carrito de compra sorpr\u00e9ndete con sus dise\u00f1os y disfruta de su incre\u00edble sabor. \ud83d\udecd\ufe0f<\/em><\/p>\n<\/div>\n<\/div>\n<\/div>\n<\/div>\n<\/div>\n<\/div>\n<\/article>\n","protected":false},"excerpt":{"rendered":"<p>Malvavisco cubierto de grageas aperladas<\/p>","protected":false},"featured_media":135,"template":"","meta":{"inline_featured_image":false},"product_brand":[],"product_cat":[43],"product_tag":[],"class_list":{"0":"post-90","1":"product","2":"type-product","3":"status-publish","4":"has-post-thumbnail","6":"product_cat-bombones","8":"first","9":"instock","10":"taxable","11":"shipping-taxable","12":"purchasable","13":"product-type-simple"},"_links":{"self":[{"href":"https:\/\/productoshubin.com\/en\/wp-json\/wp\/v2\/product\/90","targetHints":{"allow":["GET"]}}],"collection":[{"href":"https:\/\/productoshubin.com\/en\/wp-json\/wp\/v2\/product"}],"about":[{"href":"https:\/\/productoshubin.com\/en\/wp-json\/wp\/v2\/types\/product"}],"wp:featuredmedia":[{"embeddable":true,"href":"https:\/\/productoshubin.com\/en\/wp-json\/wp\/v2\/media\/135"}],"wp:attachment":[{"href":"https:\/\/productoshubin.com\/en\/wp-json\/wp\/v2\/media?parent=90"}],"wp:term":[{"taxonomy":"product_brand","embeddable":true,"href":"https:\/\/productoshubin.com\/en\/wp-json\/wp\/v2\/product_brand?post=90"},{"taxonomy":"product_cat","embeddable":true,"href":"https:\/\/productoshubin.com\/en\/wp-json\/wp\/v2\/product_cat?post=90"},{"taxonomy":"product_tag","embeddable":true,"href":"https:\/\/productoshubin.com\/en\/wp-json\/wp\/v2\/product_tag?post=90"}],"curies":[{"name":"wp","href":"https:\/\/api.w.org\/{rel}","templated":true}]}}