{"id":89,"date":"2025-10-23T10:21:49","date_gmt":"2025-10-23T16:21:49","guid":{"rendered":"https:\/\/productoshubin.com\/?post_type=product&#038;p=89"},"modified":"2026-04-06T15:55:29","modified_gmt":"2026-04-06T21:55:29","slug":"loco-bombon-paleta","status":"publish","type":"product","link":"https:\/\/productoshubin.com\/en\/product\/loco-bombon-paleta\/","title":{"rendered":"LOCO BOMBON PALETA"},"content":{"rendered":"<p data-start=\"0\" data-end=\"27\"><strong data-start=\"0\" data-end=\"27\">LOCO BOMB\u00d3N PALETA \ud83c\udf6d\ud83c\udf6c<\/strong><\/p>\n<p data-start=\"29\" data-end=\"411\">\u00a1Un dulce cl\u00e1sico lleno de color y diversi\u00f3n! <strong data-start=\"75\" data-end=\"97\">Loco Bomb\u00f3n Paleta<\/strong> es un delicioso <strong data-start=\"114\" data-end=\"159\">malvavisco cubierto de crujientes grageas<\/strong>, presentado en forma de paleta para disfrutarlo f\u00e1cilmente. Su combinaci\u00f3n de textura suave por dentro y crujiente por fuera lo convierte en un antojo irresistible para chicos y grandes. \u00a1Perfecto para compartir o disfrutar en cualquier momento! \ud83d\ude0b\u2728<\/p>\n<h2 style=\"text-align: left\" data-start=\"52\" data-end=\"299\">\ud83d\udccd Caracter\u00edsticas:<\/h2>\n<ul>\n<li style=\"text-align: left\"><strong>Envase<\/strong>: Bolsa<\/li>\n<li style=\"text-align: left\"><strong>Dise\u00f1o<\/strong>: Bombon<\/li>\n<li style=\"text-align: left\"><strong>Familia<\/strong>: Loco Bombon<\/li>\n<li style=\"text-align: left\"><strong>Contenido neto<\/strong>: 200g.<\/li>\n<li style=\"text-align: left\"><strong>Piezas<\/strong>: 20 bombones.<\/li>\n<li style=\"text-align: left\"><strong>Peso por pieza<\/strong>: 10g.<\/li>\n<li style=\"text-align: left\"><strong>Sabores<\/strong>: Az\u00facar.<\/li>\n<\/ul>\n<p><em>Agrega al carrito de compra sorpr\u00e9ndete con sus dise\u00f1os y disfruta de su incre\u00edble sabor. \ud83d\udecd\ufe0f<\/em><\/p>","protected":false},"excerpt":{"rendered":"<p>Malvavisco cubierto de grageas<\/p>","protected":false},"featured_media":133,"template":"","meta":{"inline_featured_image":false},"product_brand":[],"product_cat":[43],"product_tag":[],"class_list":{"0":"post-89","1":"product","2":"type-product","3":"status-publish","4":"has-post-thumbnail","6":"product_cat-bombones","8":"first","9":"instock","10":"taxable","11":"shipping-taxable","12":"purchasable","13":"product-type-simple"},"_links":{"self":[{"href":"https:\/\/productoshubin.com\/en\/wp-json\/wp\/v2\/product\/89","targetHints":{"allow":["GET"]}}],"collection":[{"href":"https:\/\/productoshubin.com\/en\/wp-json\/wp\/v2\/product"}],"about":[{"href":"https:\/\/productoshubin.com\/en\/wp-json\/wp\/v2\/types\/product"}],"wp:featuredmedia":[{"embeddable":true,"href":"https:\/\/productoshubin.com\/en\/wp-json\/wp\/v2\/media\/133"}],"wp:attachment":[{"href":"https:\/\/productoshubin.com\/en\/wp-json\/wp\/v2\/media?parent=89"}],"wp:term":[{"taxonomy":"product_brand","embeddable":true,"href":"https:\/\/productoshubin.com\/en\/wp-json\/wp\/v2\/product_brand?post=89"},{"taxonomy":"product_cat","embeddable":true,"href":"https:\/\/productoshubin.com\/en\/wp-json\/wp\/v2\/product_cat?post=89"},{"taxonomy":"product_tag","embeddable":true,"href":"https:\/\/productoshubin.com\/en\/wp-json\/wp\/v2\/product_tag?post=89"}],"curies":[{"name":"wp","href":"https:\/\/api.w.org\/{rel}","templated":true}]}}